{"id":9668,"date":"2025-12-16T19:36:51","date_gmt":"2025-12-16T17:36:51","guid":{"rendered":"https:\/\/www.bluenatur.com\/?page_id=9668"},"modified":"2026-02-16T08:18:00","modified_gmt":"2026-02-16T08:18:00","slug":"equipo","status":"publish","type":"page","link":"https:\/\/bluenatur.com\/pt\/equipo\/","title":{"rendered":"Equipa"},"content":{"rendered":"<div class=\"wpb-content-wrapper\"><p>[vc_row css=&#8221;.vc_custom_1473356174303{padding-top: 40px !important;}&#8221;][vc_column width=&#8221;1\/4&#8243;][\/vc_column][vc_column width=&#8221;1\/2&#8243;][vc_custom_heading text=&#8221;A nossa equipa \u00e9 o cora\u00e7\u00e3o e a alma da Bluenatur. Pessoas comprometidas e acess\u00edveis, apaixonadas pelo bem-estar, que partilham a mesma compreens\u00e3o sobre os cuidados naturais e a aten\u00e7\u00e3o ao detalhe.&#8221; font_container=&#8221;tag:p|font_size:22px|text_align:center|line_height:36px&#8221; google_fonts=&#8221;font_family:Lato%3A100%2C100italic%2C300%2C300italic%2Cregular%2Citalic%2C700%2C700italic%2C900%2C900italic|font_style:300%20light%20regular%3A300%3Anormal&#8221;][vc_custom_heading text=&#8221;Acreditamos no trabalho em equipa, no profissionalismo e na liga\u00e7\u00e3o humana, porque s\u00e3o as pessoas que tornam cada experi\u00eancia Bluenatur aut\u00eantica, coerente e repleta de valor.&#8221; font_container=&#8221;tag:p|font_size:22px|text_align:center|line_height:36px&#8221; google_fonts=&#8221;font_family:Lato%3A100%2C100italic%2C300%2C300italic%2Cregular%2Citalic%2C700%2C700italic%2C900%2C900italic|font_style:300%20light%20regular%3A300%3Anormal&#8221;][\/vc_column][vc_column width=&#8221;1\/4&#8243;][\/vc_column][\/vc_row][vc_row padding_size=&#8221;xl-padding&#8221; background_position=&#8221;center bottom&#8221; parallax=&#8221;parallax&#8221; bg_image_url=&#8221;https:\/\/bluenatur.com\/pt\/wp-content\/uploads\/2026\/01\/corporate2-150&#215;150.jpg&#8221; background_image=&#8221;9842&#8243;][vc_column][vc_row_inner][vc_column_inner overlap=&#8221;top&#8221; overlap_distance=&#8221;180px&#8221; overlap_index=&#8221;50&#8243;][wyde_heading style=&#8221;4&#8243;][\/vc_column_inner][\/vc_row_inner][vc_row_inner][vc_column_inner overlap=&#8221;top&#8221; overlap_distance=&#8221;180px&#8221; overlap_index=&#8221;50&#8243; offset=&#8221;vc_hidden-lg vc_hidden-md&#8221;][vc_empty_space height=&#8221;60px&#8221;][\/vc_column_inner][\/vc_row_inner][vc_row_inner overlap=&#8221;top&#8221; overlap_distance=&#8221;80px&#8221; overlap_index=&#8221;50&#8243;][vc_column_inner width=&#8221;1\/3&#8243; background_color=&#8221;#ffffff&#8221;][vc_empty_space][vc_single_image image=&#8221;9848&#8243;][vc_empty_space][vc_custom_heading text=&#8221;Francesc&#8221; font_container=&#8221;tag:p|font_size:28%20px|text_align:center|line_height:10%20px&#8221;][vc_column_text]<\/p>\n<p style=\"text-align: center;\">Diretor<\/p>\n<p>[\/vc_column_text][vc_empty_space height=&#8221;20px&#8221;][\/vc_column_inner][vc_column_inner width=&#8221;1\/3&#8243; background_color=&#8221;#ffffff&#8221;][vc_empty_space][vc_single_image image=&#8221;9851&#8243;][vc_empty_space][vc_custom_heading text=&#8221;David&#8221; font_container=&#8221;tag:p|font_size:28%20px|text_align:center|line_height:10%20px&#8221;][vc_column_text]<\/p>\n<p style=\"text-align: center;\">Gestor de Opera\u00e7\u00f5es<\/p>\n<p>[\/vc_column_text][vc_empty_space height=&#8221;20px&#8221;][\/vc_column_inner][vc_column_inner width=&#8221;1\/3&#8243; background_color=&#8221;#ffffff&#8221;][vc_empty_space][vc_single_image image=&#8221;9852&#8243;][vc_empty_space][vc_custom_heading text=&#8221;Noelia&#8221; font_container=&#8221;tag:p|font_size:28%20px|text_align:center|line_height:10%20px&#8221;][vc_column_text]<\/p>\n<p style=\"text-align: center;\">Representante de Vendas<\/p>\n<p>[\/vc_column_text][vc_empty_space height=&#8221;20px&#8221;][\/vc_column_inner][\/vc_row_inner][vc_row_inner overlap=&#8221;top&#8221; overlap_distance=&#8221;80px&#8221; overlap_index=&#8221;50&#8243;][vc_column_inner width=&#8221;1\/3&#8243; background_color=&#8221;#ffffff&#8221;][vc_empty_space][vc_single_image image=&#8221;9849&#8243;][vc_empty_space][vc_custom_heading text=&#8221;Erik&#8221; font_container=&#8221;tag:p|font_size:28%20px|text_align:center|line_height:10%20px&#8221;][vc_column_text]<\/p>\n<p style=\"text-align: center;\">Administra\u00e7\u00e3o<\/p>\n<p>[\/vc_column_text][vc_empty_space height=&#8221;20px&#8221;][\/vc_column_inner][vc_column_inner width=&#8221;1\/3&#8243; background_color=&#8221;#ffffff&#8221;][vc_empty_space][vc_single_image image=&#8221;9853&#8243;][vc_empty_space][vc_custom_heading text=&#8221;Melania&#8221; font_container=&#8221;tag:p|font_size:28%20px|text_align:center|line_height:10%20px&#8221;][vc_column_text]<\/p>\n<p style=\"text-align: center;\">T\u00e9cnico<\/p>\n<p>[\/vc_column_text][vc_empty_space height=&#8221;20px&#8221;][\/vc_column_inner][vc_column_inner width=&#8221;1\/3&#8243; background_color=&#8221;#ffffff&#8221;][vc_empty_space][vc_single_image image=&#8221;9850&#8243;][vc_empty_space][vc_custom_heading text=&#8221;Nico&#8221; font_container=&#8221;tag:p|font_size:28%20px|text_align:center|line_height:10%20px&#8221;][vc_column_text]<\/p>\n<p style=\"text-align: center;\">T\u00e9cnico<\/p>\n<p>[\/vc_column_text][vc_empty_space height=&#8221;20px&#8221;][\/vc_column_inner][\/vc_row_inner][vc_row_inner overlap=&#8221;top&#8221; overlap_distance=&#8221;80px&#8221; overlap_index=&#8221;50&#8243;][vc_column_inner width=&#8221;1\/3&#8243; background_color=&#8221;#ffffff&#8221;][vc_empty_space][vc_single_image image=&#8221;9847&#8243;][vc_empty_space][vc_custom_heading text=&#8221;Marc&#8221; font_container=&#8221;tag:p|font_size:28%20px|text_align:center|line_height:10%20px&#8221;][vc_column_text]<\/p>\n<p style=\"text-align: center;\">T\u00e9cnico<\/p>\n<p>[\/vc_column_text][vc_empty_space height=&#8221;20px&#8221;][\/vc_column_inner][vc_column_inner width=&#8221;1\/3&#8243; background_color=&#8221;#ffffff&#8221;][vc_empty_space][vc_single_image image=&#8221;9854&#8243;][vc_empty_space][vc_custom_heading text=&#8221;Ian&#8221; font_container=&#8221;tag:p|font_size:28%20px|text_align:center|line_height:10%20px&#8221;][vc_column_text]<\/p>\n<p style=\"text-align: center;\">T\u00e9cnico<\/p>\n<p>[\/vc_column_text][vc_empty_space height=&#8221;20px&#8221;][\/vc_column_inner][vc_column_inner width=&#8221;1\/3&#8243; background_color=&#8221;#ffffff&#8221;][vc_empty_space][vc_single_image image=&#8221;9855&#8243;][vc_empty_space][vc_custom_heading text=&#8221;Ra\u00fal&#8221; font_container=&#8221;tag:p|font_size:28%20px|text_align:center|line_height:10%20px&#8221;][vc_column_text]<\/p>\n<p style=\"text-align: center;\">T\u00e9cnico<\/p>\n<p>[\/vc_column_text][vc_empty_space height=&#8221;20px&#8221;][\/vc_column_inner][\/vc_row_inner][vc_row_inner overlap=&#8221;top&#8221; overlap_distance=&#8221;80px&#8221; overlap_index=&#8221;50&#8243;][vc_column_inner width=&#8221;1\/3&#8243; background_color=&#8221;#ffffff&#8221;][vc_empty_space][vc_single_image image=&#8221;9856&#8243;][vc_empty_space][vc_custom_heading text=&#8221;Ana&#8221; font_container=&#8221;tag:p|font_size:28%20px|text_align:center|line_height:10%20px&#8221;][vc_column_text]<\/p>\n<p style=\"text-align: center;\">Loja<\/p>\n<p>[\/vc_column_text][vc_empty_space height=&#8221;20px&#8221;][\/vc_column_inner][vc_column_inner width=&#8221;1\/3&#8243; background_color=&#8221;#ffffff&#8221;][vc_empty_space][vc_single_image image=&#8221;9857&#8243;][vc_empty_space][vc_custom_heading text=&#8221;Alex&#8221; font_container=&#8221;tag:p|font_size:28%20px|text_align:center|line_height:10%20px&#8221;][vc_column_text]<\/p>\n<p style=\"text-align: center;\">T\u00e9cnico<\/p>\n<p>[\/vc_column_text][vc_empty_space height=&#8221;20px&#8221;][\/vc_column_inner][\/vc_row_inner][vc_empty_space][\/vc_column][\/vc_row][vc_row][vc_column][vc_column_text]<\/p>\n<p>[\/vc_column_text][\/vc_column][\/vc_row][vc_row][vc_column][wyde_heading title=&#8221;A nossa equipa, os nossos valores&#8221; subheading=&#8221;PESSOAS QUE SE IMPORTAM CONSIGO&#8221;][vc_empty_space height=&#8221;20px&#8221;][vc_column_text]<\/p>\n<p style=\"text-align: center;\">Acreditamos no trabalho em equipa, no profissionalismo e na liga\u00e7\u00e3o humana, porque s\u00e3o as pessoas que tornam cada experi\u00eancia Bluenatur aut\u00eantica, coerente e repleta de valor.<\/p>\n<p>[\/vc_column_text][\/vc_column][\/vc_row][vc_row][vc_column][vc_column_text]<\/p>\n<p>[\/vc_column_text][\/vc_column][\/vc_row]<\/p>\n<\/div>","protected":false},"excerpt":{"rendered":"<p>[vc_row css=&#8221;.vc_custom_1473356174303{padding-top: 40px !important;}&#8221;][vc_column width=&#8221;1\/4&#8243;][\/vc_column][vc_column width=&#8221;1\/2&#8243;][vc_custom_heading text=&#8221;A nossa equipa \u00e9 o cora\u00e7\u00e3o e a alma da Bluenatur. Pessoas comprometidas e acess\u00edveis, apaixonadas pelo bem-estar, que partilham a mesma compreens\u00e3o sobre os cuidados naturais e a aten\u00e7\u00e3o ao detalhe.&#8221; font_container=&#8221;tag:p|font_size:22px|text_align:center|line_height:36px&#8221; google_fonts=&#8221;font_family:Lato%3A100%2C100italic%2C300%2C300italic%2Cregular%2Citalic%2C700%2C700italic%2C900%2C900italic|font_style:300%20light%20regular%3A300%3Anormal&#8221;][vc_custom_heading text=&#8221;Acreditamos no trabalho em equipa, no profissionalismo e na liga\u00e7\u00e3o humana, porque s\u00e3o as pessoas [&hellip;]<\/p>\n","protected":false},"author":1,"featured_media":0,"parent":0,"menu_order":0,"comment_status":"closed","ping_status":"closed","template":"","meta":{"footnotes":""},"class_list":["post-9668","page","type-page","status-publish","hentry"],"yoast_head":"<!-- This site is optimized with the Yoast SEO plugin v26.9 - https:\/\/yoast.com\/product\/yoast-seo-wordpress\/ -->\n<title>Sistemas de aromatiza\u00e7\u00e3o de ambientes \u00b7 Aromas exclusivos<\/title>\n<meta name=\"description\" content=\"Empresa especializada em marketing olfativo, aromatiza\u00e7\u00e3o e elimina\u00e7\u00e3o de odores. Solu\u00e7\u00f5es personalizadas para empresas em Portugal e Espanha\" \/>\n<meta name=\"robots\" content=\"index, follow, max-snippet:-1, max-image-preview:large, max-video-preview:-1\" \/>\n<link rel=\"canonical\" href=\"https:\/\/bluenatur.com\/pt\/equipo\/\" \/>\n<meta property=\"og:locale\" content=\"pt_PT\" \/>\n<meta property=\"og:type\" content=\"article\" \/>\n<meta property=\"og:title\" content=\"Sistemas de aromatiza\u00e7\u00e3o de ambientes \u00b7 Aromas exclusivos\" \/>\n<meta property=\"og:description\" content=\"Empresa especializada em marketing olfativo, aromatiza\u00e7\u00e3o e elimina\u00e7\u00e3o de odores. Solu\u00e7\u00f5es personalizadas para empresas em Portugal e Espanha\" \/>\n<meta property=\"og:url\" content=\"https:\/\/bluenatur.com\/pt\/equipo\/\" \/>\n<meta property=\"og:site_name\" content=\"Bluenatur \u00b7 Frag\u00e2ncia que despertam emo\u00e7\u00f5es\" \/>\n<meta property=\"article:modified_time\" content=\"2026-02-16T08:18:00+00:00\" \/>\n<meta name=\"twitter:card\" content=\"summary_large_image\" \/>\n<meta name=\"twitter:label1\" content=\"Tempo estimado de leitura\" \/>\n\t<meta name=\"twitter:data1\" content=\"2 minutos\" \/>\n<script type=\"application\/ld+json\" class=\"yoast-schema-graph\">{\"@context\":\"https:\/\/schema.org\",\"@graph\":[{\"@type\":\"WebPage\",\"@id\":\"https:\/\/bluenatur.com\/pt\/equipo\/\",\"url\":\"https:\/\/bluenatur.com\/pt\/equipo\/\",\"name\":\"Sistemas de aromatiza\u00e7\u00e3o de ambientes \u00b7 Aromas exclusivos\",\"isPartOf\":{\"@id\":\"https:\/\/bluenatur.com\/pt\/#website\"},\"datePublished\":\"2025-12-16T17:36:51+00:00\",\"dateModified\":\"2026-02-16T08:18:00+00:00\",\"description\":\"Empresa especializada em marketing olfativo, aromatiza\u00e7\u00e3o e elimina\u00e7\u00e3o de odores. Solu\u00e7\u00f5es personalizadas para empresas em Portugal e Espanha\",\"breadcrumb\":{\"@id\":\"https:\/\/bluenatur.com\/pt\/equipo\/#breadcrumb\"},\"inLanguage\":\"pt-PT\",\"potentialAction\":[{\"@type\":\"ReadAction\",\"target\":[\"https:\/\/bluenatur.com\/pt\/equipo\/\"]}]},{\"@type\":\"BreadcrumbList\",\"@id\":\"https:\/\/bluenatur.com\/pt\/equipo\/#breadcrumb\",\"itemListElement\":[{\"@type\":\"ListItem\",\"position\":1,\"name\":\"In\u00edcio\",\"item\":\"https:\/\/bluenatur.com\/pt\/\"},{\"@type\":\"ListItem\",\"position\":2,\"name\":\"Equipa\"}]},{\"@type\":\"WebSite\",\"@id\":\"https:\/\/bluenatur.com\/pt\/#website\",\"url\":\"https:\/\/bluenatur.com\/pt\/\",\"name\":\"Bluenatur \u00b7 Frag\u00e2ncia que despertam emo\u00e7\u00f5es\",\"description\":\"Uma simple frag\u00e2ncia pode transportar-nos para lugares escondidos na nossa mem\u00f3ria.\",\"publisher\":{\"@id\":\"https:\/\/bluenatur.com\/pt\/#organization\"},\"potentialAction\":[{\"@type\":\"SearchAction\",\"target\":{\"@type\":\"EntryPoint\",\"urlTemplate\":\"https:\/\/bluenatur.com\/pt\/?s={search_term_string}\"},\"query-input\":{\"@type\":\"PropertyValueSpecification\",\"valueRequired\":true,\"valueName\":\"search_term_string\"}}],\"inLanguage\":\"pt-PT\"},{\"@type\":\"Organization\",\"@id\":\"https:\/\/bluenatur.com\/pt\/#organization\",\"name\":\"Bluenatur \u00b7 Frag\u00e2ncia que despertam emo\u00e7\u00f5es\",\"url\":\"https:\/\/bluenatur.com\/pt\/\",\"logo\":{\"@type\":\"ImageObject\",\"inLanguage\":\"pt-PT\",\"@id\":\"https:\/\/bluenatur.com\/pt\/#\/schema\/logo\/image\/\",\"url\":\"https:\/\/bluenatur.com\/pt\/wp-content\/uploads\/2026\/01\/logo_img-1.jpg\",\"contentUrl\":\"https:\/\/bluenatur.com\/pt\/wp-content\/uploads\/2026\/01\/logo_img-1.jpg\",\"width\":1200,\"height\":800,\"caption\":\"Bluenatur \u00b7 Frag\u00e2ncia que despertam emo\u00e7\u00f5es\"},\"image\":{\"@id\":\"https:\/\/bluenatur.com\/pt\/#\/schema\/logo\/image\/\"}}]}<\/script>\n<!-- \/ Yoast SEO plugin. -->","yoast_head_json":{"title":"Sistemas de aromatiza\u00e7\u00e3o de ambientes \u00b7 Aromas exclusivos","description":"Empresa especializada em marketing olfativo, aromatiza\u00e7\u00e3o e elimina\u00e7\u00e3o de odores. Solu\u00e7\u00f5es personalizadas para empresas em Portugal e Espanha","robots":{"index":"index","follow":"follow","max-snippet":"max-snippet:-1","max-image-preview":"max-image-preview:large","max-video-preview":"max-video-preview:-1"},"canonical":"https:\/\/bluenatur.com\/pt\/equipo\/","og_locale":"pt_PT","og_type":"article","og_title":"Sistemas de aromatiza\u00e7\u00e3o de ambientes \u00b7 Aromas exclusivos","og_description":"Empresa especializada em marketing olfativo, aromatiza\u00e7\u00e3o e elimina\u00e7\u00e3o de odores. Solu\u00e7\u00f5es personalizadas para empresas em Portugal e Espanha","og_url":"https:\/\/bluenatur.com\/pt\/equipo\/","og_site_name":"Bluenatur \u00b7 Frag\u00e2ncia que despertam emo\u00e7\u00f5es","article_modified_time":"2026-02-16T08:18:00+00:00","twitter_card":"summary_large_image","twitter_misc":{"Tempo estimado de leitura":"2 minutos"},"schema":{"@context":"https:\/\/schema.org","@graph":[{"@type":"WebPage","@id":"https:\/\/bluenatur.com\/pt\/equipo\/","url":"https:\/\/bluenatur.com\/pt\/equipo\/","name":"Sistemas de aromatiza\u00e7\u00e3o de ambientes \u00b7 Aromas exclusivos","isPartOf":{"@id":"https:\/\/bluenatur.com\/pt\/#website"},"datePublished":"2025-12-16T17:36:51+00:00","dateModified":"2026-02-16T08:18:00+00:00","description":"Empresa especializada em marketing olfativo, aromatiza\u00e7\u00e3o e elimina\u00e7\u00e3o de odores. Solu\u00e7\u00f5es personalizadas para empresas em Portugal e Espanha","breadcrumb":{"@id":"https:\/\/bluenatur.com\/pt\/equipo\/#breadcrumb"},"inLanguage":"pt-PT","potentialAction":[{"@type":"ReadAction","target":["https:\/\/bluenatur.com\/pt\/equipo\/"]}]},{"@type":"BreadcrumbList","@id":"https:\/\/bluenatur.com\/pt\/equipo\/#breadcrumb","itemListElement":[{"@type":"ListItem","position":1,"name":"In\u00edcio","item":"https:\/\/bluenatur.com\/pt\/"},{"@type":"ListItem","position":2,"name":"Equipa"}]},{"@type":"WebSite","@id":"https:\/\/bluenatur.com\/pt\/#website","url":"https:\/\/bluenatur.com\/pt\/","name":"Bluenatur \u00b7 Frag\u00e2ncia que despertam emo\u00e7\u00f5es","description":"Uma simple frag\u00e2ncia pode transportar-nos para lugares escondidos na nossa mem\u00f3ria.","publisher":{"@id":"https:\/\/bluenatur.com\/pt\/#organization"},"potentialAction":[{"@type":"SearchAction","target":{"@type":"EntryPoint","urlTemplate":"https:\/\/bluenatur.com\/pt\/?s={search_term_string}"},"query-input":{"@type":"PropertyValueSpecification","valueRequired":true,"valueName":"search_term_string"}}],"inLanguage":"pt-PT"},{"@type":"Organization","@id":"https:\/\/bluenatur.com\/pt\/#organization","name":"Bluenatur \u00b7 Frag\u00e2ncia que despertam emo\u00e7\u00f5es","url":"https:\/\/bluenatur.com\/pt\/","logo":{"@type":"ImageObject","inLanguage":"pt-PT","@id":"https:\/\/bluenatur.com\/pt\/#\/schema\/logo\/image\/","url":"https:\/\/bluenatur.com\/pt\/wp-content\/uploads\/2026\/01\/logo_img-1.jpg","contentUrl":"https:\/\/bluenatur.com\/pt\/wp-content\/uploads\/2026\/01\/logo_img-1.jpg","width":1200,"height":800,"caption":"Bluenatur \u00b7 Frag\u00e2ncia que despertam emo\u00e7\u00f5es"},"image":{"@id":"https:\/\/bluenatur.com\/pt\/#\/schema\/logo\/image\/"}}]}},"_links":{"self":[{"href":"https:\/\/bluenatur.com\/pt\/wp-json\/wp\/v2\/pages\/9668","targetHints":{"allow":["GET"]}}],"collection":[{"href":"https:\/\/bluenatur.com\/pt\/wp-json\/wp\/v2\/pages"}],"about":[{"href":"https:\/\/bluenatur.com\/pt\/wp-json\/wp\/v2\/types\/page"}],"author":[{"embeddable":true,"href":"https:\/\/bluenatur.com\/pt\/wp-json\/wp\/v2\/users\/1"}],"replies":[{"embeddable":true,"href":"https:\/\/bluenatur.com\/pt\/wp-json\/wp\/v2\/comments?post=9668"}],"version-history":[{"count":5,"href":"https:\/\/bluenatur.com\/pt\/wp-json\/wp\/v2\/pages\/9668\/revisions"}],"predecessor-version":[{"id":9907,"href":"https:\/\/bluenatur.com\/pt\/wp-json\/wp\/v2\/pages\/9668\/revisions\/9907"}],"wp:attachment":[{"href":"https:\/\/bluenatur.com\/pt\/wp-json\/wp\/v2\/media?parent=9668"}],"curies":[{"name":"wp","href":"https:\/\/api.w.org\/{rel}","templated":true}]}}