{"id":8561,"date":"2022-01-14T09:52:50","date_gmt":"2022-01-14T09:52:50","guid":{"rendered":"https:\/\/www.bluenatur.com\/?page_id=8561"},"modified":"2026-02-17T08:52:09","modified_gmt":"2026-02-17T08:52:09","slug":"contactoportugal","status":"publish","type":"page","link":"https:\/\/bluenatur.com\/pt\/contactoportugal\/","title":{"rendered":"Portugal"},"content":{"rendered":"<div class=\"wpb-content-wrapper\"><p>[vc_row][vc_column width=&#8221;1\/5&#8243;][vc_custom_heading text=&#8221;Lisboa&#8221; google_fonts=&#8221;font_family:Playfair%20Display%3Aregular%2Citalic%2C700%2C700italic%2C900%2C900italic|font_style:700%20bold%20italic%3A700%3Aitalic&#8221;][vc_empty_space height=&#8221;15px&#8221;][vc_column_text]<a href=\"https:\/\/maps.app.goo.gl\/9N32Nag1Jqaadj1i9\" target=\"_blank\" rel=\"noopener noreferrer\">Rua Carlos Lopes, 6, 2635-209 Rio Do Mouro<\/a><\/p>\n<p>Telf.\u00a0<a href=\"tel:+351211308651\">+351 211 308 651<\/a>[\/vc_column_text][\/vc_column][vc_column width=&#8221;1\/5&#8243;][vc_custom_heading text=&#8221;Oporto&#8221; google_fonts=&#8221;font_family:Playfair%20Display%3Aregular%2Citalic%2C700%2C700italic%2C900%2C900italic|font_style:700%20bold%20italic%3A700%3Aitalic&#8221;][vc_empty_space height=&#8221;15px&#8221;][vc_column_text]<a href=\"https:\/\/maps.app.goo.gl\/LhPmfniUFrAs57959\" target=\"_blank\" rel=\"noopener noreferrer\">R. Economia, 35, 4760-774 Vilarinho das Cambas<\/a><\/p>\n<p>Telf.\u00a0<a href=\"tel:+351211308651\">+351 211 308 651<\/a>[\/vc_column_text][\/vc_column][vc_column width=&#8221;1\/5&#8243;][vc_custom_heading text=&#8221;Barcelona&#8221; google_fonts=&#8221;font_family:Playfair%20Display%3Aregular%2Citalic%2C700%2C700italic%2C900%2C900italic|font_style:700%20bold%20italic%3A700%3Aitalic&#8221;][vc_empty_space height=&#8221;15px&#8221;][vc_column_text]<a href=\"https:\/\/maps.app.goo.gl\/ZeUMgcaGPYwzW1Bt6\" target=\"_blank\" rel=\"noopener noreferrer\">C\/ de l&#8217;Esla, 22, Nave 11<br \/>\n08223, Terrassa<\/a><\/p>\n<p>Telf. <a href=\"tel:+34938682862\">+34 93 868 28 62<\/a>[\/vc_column_text][\/vc_column][vc_column width=&#8221;1\/5&#8243;][vc_custom_heading text=&#8221;Madrid&#8221; google_fonts=&#8221;font_family:Playfair%20Display%3Aregular%2Citalic%2C700%2C700italic%2C900%2C900italic|font_style:700%20bold%20italic%3A700%3Aitalic&#8221;][vc_empty_space height=&#8221;15px&#8221;][vc_column_text]<a href=\"https:\/\/maps.app.goo.gl\/YfmMcNX9m1ZbfcCY9\" target=\"_blank\" rel=\"noopener noreferrer\">C\/ Ferrocarril, N\u00ba 7, 28821 Coslada<\/a><\/p>\n<p>Telf. <a href=\"tel:+34915712830\">+34 915 71 28 30<\/a>[\/vc_column_text][\/vc_column][vc_column width=&#8221;1\/5&#8243;][vc_custom_heading text=&#8221;Bilbao&#8221; google_fonts=&#8221;font_family:Playfair%20Display%3Aregular%2Citalic%2C700%2C700italic%2C900%2C900italic|font_style:700%20bold%20italic%3A700%3Aitalic&#8221;][vc_empty_space height=&#8221;15px&#8221;][vc_column_text]<a href=\"https:\/\/maps.app.goo.gl\/jvcS8W7ucZeddWqw6\" target=\"_blank\" rel=\"noopener noreferrer\">C\/ Puerto Bidea, 6, 48950 Erandio<\/a><\/p>\n<p>Telf. <a href=\"tel:+34944272804\">+34 944 27 28 04<\/a>[\/vc_column_text][\/vc_column][\/vc_row][vc_row][vc_column][wyde_heading title=&#8221;Contate-nos&#8221;][vc_empty_space]\n<div class=\"wpcf7 no-js\" id=\"wpcf7-f7863-o1\" lang=\"pt-PT\" dir=\"ltr\" data-wpcf7-id=\"7863\">\n<div class=\"screen-reader-response\"><p role=\"status\" aria-live=\"polite\" aria-atomic=\"true\"><\/p> <ul><\/ul><\/div>\n<form action=\"\/pt\/wp-json\/wp\/v2\/pages\/8561#wpcf7-f7863-o1\" method=\"post\" class=\"wpcf7-form init\" aria-label=\"Formul\u00e1rio de contacto\" novalidate=\"novalidate\" data-status=\"init\">\n<fieldset class=\"hidden-fields-container\"><input type=\"hidden\" name=\"_wpcf7\" value=\"7863\" \/><input type=\"hidden\" name=\"_wpcf7_version\" value=\"6.1.5\" \/><input type=\"hidden\" name=\"_wpcf7_locale\" value=\"pt_PT\" \/><input type=\"hidden\" name=\"_wpcf7_unit_tag\" value=\"wpcf7-f7863-o1\" \/><input type=\"hidden\" name=\"_wpcf7_container_post\" value=\"0\" \/><input type=\"hidden\" name=\"_wpcf7_posted_data_hash\" value=\"\" \/>\n<\/fieldset>\n<p><label> Nome<br \/>\n<span class=\"wpcf7-form-control-wrap\" data-name=\"nombre\"><input size=\"40\" maxlength=\"400\" class=\"wpcf7-form-control wpcf7-text wpcf7-validates-as-required\" aria-required=\"true\" aria-invalid=\"false\" value=\"\" type=\"text\" name=\"nombre\" \/><\/span><br \/>\n<\/label>\n<\/p>\n<p><label> Email<br \/>\n<span class=\"wpcf7-form-control-wrap\" data-name=\"email\"><input size=\"40\" maxlength=\"400\" class=\"wpcf7-form-control wpcf7-email wpcf7-validates-as-required wpcf7-text wpcf7-validates-as-email\" aria-required=\"true\" aria-invalid=\"false\" value=\"\" type=\"email\" name=\"email\" \/><\/span><br \/>\n<\/label>\n<\/p>\n<p><label> N\u00famero de telefone<br \/>\n<span class=\"wpcf7-form-control-wrap\" data-name=\"telefono\"><input size=\"40\" maxlength=\"400\" class=\"wpcf7-form-control wpcf7-tel wpcf7-validates-as-required wpcf7-text wpcf7-validates-as-tel\" aria-required=\"true\" aria-invalid=\"false\" value=\"\" type=\"tel\" name=\"telefono\" \/><\/span><br \/>\n<\/label>\n<\/p>\n<p><label> Empresa<br \/>\n<span class=\"wpcf7-form-control-wrap\" data-name=\"empresa\"><input size=\"40\" maxlength=\"400\" class=\"wpcf7-form-control wpcf7-text\" aria-invalid=\"false\" value=\"\" type=\"text\" name=\"empresa\" \/><\/span><br \/>\n<\/label>\n<\/p>\n<p><label> Prov\u00edncia<br \/>\n<span class=\"wpcf7-form-control-wrap\" data-name=\"provincia\"><select class=\"wpcf7-form-control wpcf7-select wpcf7-validates-as-required\" aria-required=\"true\" aria-invalid=\"false\" name=\"provincia\"><option value=\"Lisboa\">Lisboa<\/option><option value=\"Oporto\">Oporto<\/option><option value=\"Barcelona\">Barcelona<\/option><option value=\"Madrid\">Madrid<\/option><option value=\"Bilbao\">Bilbao<\/option><\/select><\/span><br \/>\n<\/label>\n<\/p>\n<p><label> Mensaje<br \/>\n<span class=\"wpcf7-form-control-wrap\" data-name=\"mensaje\"><textarea cols=\"40\" rows=\"10\" maxlength=\"2000\" class=\"wpcf7-form-control wpcf7-textarea\" aria-invalid=\"false\" placeholder=\"Expl\u00edcanos sobre tus necesidades...\" name=\"mensaje\"><\/textarea><\/span><br \/>\n<\/label>\n<\/p>\n<p><input class=\"wpcf7-form-control wpcf7-submit has-spinner\" type=\"submit\" value=\"Enviar\" \/><br \/>\n<span class=\"texto-legal\">Em conformidade com a legisla\u00e7\u00e3o em vigor em mat\u00e9ria de prote\u00e7\u00e3o de dados, informamos que os seus dados ser\u00e3o incorporados no sistema de tratamento de dados da BLUENATUR & SH FACILITY SERVICES SL, com NIF (N\u00famero de Identifica\u00e7\u00e3o Fiscal) B66665159 e sede social em C\/ DE L'ESLA, 22, NAVE 11, 08223 TERRASSA (BARCELONA), para efeitos de resposta aos seus pedidos de informa\u00e7\u00e3o. Em conformidade com a legisla\u00e7\u00e3o em vigor, a BLUENATUR & SH FACILITY SERVICES SL informa que os dados ser\u00e3o conservados pelo per\u00edodo estritamente necess\u00e1rio para cumprir as finalidades acima referidas.<br \/>\nSalvo indica\u00e7\u00e3o em contr\u00e1rio, assumiremos que os seus dados n\u00e3o foram alterados, que concorda em ser notificado de quaisquer altera\u00e7\u00f5es e que temos o seu consentimento para os utilizar para as finalidades mencionadas. A BLUENATUR & SH FACILITY SERVICES SL informa que tratar\u00e1 os dados de forma l\u00edcita, leal, transparente, adequada, pertinente, limitada, precisa e atualizada. Por conseguinte, a BLUENATUR & SH FACILITY SERVICES SL compromete-se a tomar todas as medidas razo\u00e1veis \u200b\u200bpara garantir que quaisquer inexatid\u00f5es nos seus dados pessoais s\u00e3o prontamente corrigidas ou eliminadas. De acordo com os seus direitos ao abrigo da legisla\u00e7\u00e3o em vigor sobre prote\u00e7\u00e3o de dados, poder\u00e1 exercer os seus direitos de acesso, retifica\u00e7\u00e3o, limita\u00e7\u00e3o do tratamento, apagamento, portabilidade dos dados e oposi\u00e7\u00e3o ao tratamento dos seus dados pessoais, bem como retirar o seu consentimento para esse tratamento, enviando o seu pedido para a morada postal acima indicada. Poder\u00e1 tamb\u00e9m contactar a autoridade de controlo competente para apresentar qualquer reclama\u00e7\u00e3o que considere adequada. O envio destes dados implica a aceita\u00e7\u00e3o desta cl\u00e1usula. \/\/ Em conformidade com o disposto na legisla\u00e7\u00e3o em vigor sobre a Prote\u00e7\u00e3o de Dados Pessoais, informamos que os dados espec\u00edficos ser\u00e3o incorporados no sistema propriedade da BLUENATUR & SH FACILITY SERVICES SL, com NIF B66665159 e sede social sita em C\/ DE L\u2019ESLA, 22, NAVE 11, 08223 TERRASSA (BARCELONA), no final das seis consultas. Em conformidade com a legisla\u00e7\u00e3o em vigor, a BLUENATUR & SH FACILITY SERVICES SL informa que os dados ser\u00e3o conservados pelo per\u00edodo estritamente necess\u00e1rio para cumprir as obriga\u00e7\u00f5es acima estabelecidas.<br \/>\nEnquanto n\u00e3o comunicar o contr\u00e1rio, compreenderemos que as condi\u00e7\u00f5es n\u00e3o foram alteradas, que \u00e9 sua obriga\u00e7\u00e3o notificar-nos de qualquer altera\u00e7\u00e3o e que temos o seu consentimento para os utilizar para as finalidades finais. A BLUENATUR & SH FACILITY SERVICES SL informa que proceder\u00e1 ao tratamento dos dados de forma l\u00edcita, legal, transparente, adequada, pertinente, limitada, exata e atualizada. \u00c9 por isso que a BLUENATUR & SH FACILITY SERVICES SL se compromete a adotar todas as medidas razo\u00e1veis \u200b\u200bpara que os dados sejam apagados ou retificados sem demora, caso ainda sejam imprecisos. De acordo com os direitos conferidos pela legisla\u00e7\u00e3o em vigor em mat\u00e9ria de prote\u00e7\u00e3o de dados, poder\u00e1 exercer os direitos de acesso, retifica\u00e7\u00e3o, limita\u00e7\u00e3o do tratamento, elimina\u00e7\u00e3o, portabilidade e oposi\u00e7\u00e3o ao tratamento dos seus dados pessoais, desde que tenha fornecido o consentimento para o tratamento destes, enviando o seu pedido para o endere\u00e7o postal acima indicado. Poder\u00e1 contactar a Autoridade de Controlo competente para apresentar a reclama\u00e7\u00e3o que considere adequada. O envio desta informa\u00e7\u00e3o implica a aceita\u00e7\u00e3o desta cl\u00e1usula.\"]<br \/>\n<\/span>\n<\/p><p style=\"display: none !important;\" class=\"akismet-fields-container\" data-prefix=\"_wpcf7_ak_\"><label>&#916;<textarea name=\"_wpcf7_ak_hp_textarea\" cols=\"45\" rows=\"8\" maxlength=\"100\"><\/textarea><\/label><input type=\"hidden\" id=\"ak_js_1\" name=\"_wpcf7_ak_js\" value=\"19\"\/><script>document.getElementById( \"ak_js_1\" ).setAttribute( \"value\", ( new Date() ).getTime() );<\/script><\/p><div class=\"wpcf7-response-output\" aria-hidden=\"true\"><\/div>\n<\/form>\n<\/div>\n[vc_empty_space][wyde_gmaps height=&#8221;400&#8243; values=&#8221;%5B%7B%22address%22%3A%22C%2F%20de%20l&#8217;Esla%2C%2022%2C%20Nave%2011%2C%2008223%20Terrassa%22%2C%22location%22%3A%2241.551048%2C%202.031960%22%7D%2C%7B%22address%22%3A%22C%2F%20Ferrocarril%2C%20N%C2%BA%207%2C%2028821%20Coslada%22%2C%22location%22%3A%2240.443144%2C-3.537274%22%7D%2C%7B%22address%22%3A%22C%2F%20Puerto%20Bidea%2C%206%2C%2048950%20Erandio%22%2C%22location%22%3A%2243.344754%2C-2.950815%22%7D%2C%7B%22address%22%3A%22R.%20Carlos%20Lopes%2C%206%2C%202635-209%20Rio%20Do%20Mouro%22%2C%22location%22%3A%2238.753879%2C-9.353478%22%7D%2C%7B%22address%22%3A%22R.%20Economia%2C%2035%2C%204760-774%20Vilarinho%20das%20Cambas%22%2C%22location%22%3A%2241.382960%2C%20-8.543280%22%7D%5D&#8221; gmaps=&#8221;%7B%22zoom%22%3A5%2C%22type%22%3A%22roadmap%22%2C%22center%22%3A%7B%22lat%22%3A38.753879%2C%22lng%22%3A-9.353478%7D%7D&#8221;][\/vc_column][\/vc_row]<\/p>\n<\/div>","protected":false},"excerpt":{"rendered":"<p>[vc_row][vc_column width=&#8221;1\/5&#8243;][vc_custom_heading text=&#8221;Lisboa&#8221; google_fonts=&#8221;font_family:Playfair%20Display%3Aregular%2Citalic%2C700%2C700italic%2C900%2C900italic|font_style:700%20bold%20italic%3A700%3Aitalic&#8221;][vc_empty_space height=&#8221;15px&#8221;][vc_column_text]Rua Carlos Lopes, 6, 2635-209 Rio Do Mouro Telf.\u00a0+351 211 308 651[\/vc_column_text][\/vc_column][vc_column width=&#8221;1\/5&#8243;][vc_custom_heading text=&#8221;Oporto&#8221; google_fonts=&#8221;font_family:Playfair%20Display%3Aregular%2Citalic%2C700%2C700italic%2C900%2C900italic|font_style:700%20bold%20italic%3A700%3Aitalic&#8221;][vc_empty_space height=&#8221;15px&#8221;][vc_column_text]R. Economia, 35, 4760-774 Vilarinho das Cambas Telf.\u00a0+351 211 308 651[\/vc_column_text][\/vc_column][vc_column width=&#8221;1\/5&#8243;][vc_custom_heading text=&#8221;Barcelona&#8221; google_fonts=&#8221;font_family:Playfair%20Display%3Aregular%2Citalic%2C700%2C700italic%2C900%2C900italic|font_style:700%20bold%20italic%3A700%3Aitalic&#8221;][vc_empty_space height=&#8221;15px&#8221;][vc_column_text]C\/ de l&#8217;Esla, 22, Nave 11 08223, Terrassa Telf. +34 93 868 28 62[\/vc_column_text][\/vc_column][vc_column width=&#8221;1\/5&#8243;][vc_custom_heading text=&#8221;Madrid&#8221; google_fonts=&#8221;font_family:Playfair%20Display%3Aregular%2Citalic%2C700%2C700italic%2C900%2C900italic|font_style:700%20bold%20italic%3A700%3Aitalic&#8221;][vc_empty_space height=&#8221;15px&#8221;][vc_column_text]C\/ Ferrocarril, N\u00ba 7, 28821 [&hellip;]<\/p>\n","protected":false},"author":1,"featured_media":0,"parent":0,"menu_order":0,"comment_status":"closed","ping_status":"closed","template":"","meta":{"footnotes":""},"class_list":["post-8561","page","type-page","status-publish","hentry"],"yoast_head":"<!-- This site is optimized with the Yoast SEO plugin v26.9 - https:\/\/yoast.com\/product\/yoast-seo-wordpress\/ -->\n<title>Pe\u00e7a Or\u00e7amento \u2013 Bluenatur Marketing Olfativo<\/title>\n<meta name=\"description\" content=\"Contacte a Bluenatur, especialistas em marketing olfativo em Portugal. Solicite um or\u00e7amento personalizado para a sua empresa.\" \/>\n<meta name=\"robots\" content=\"index, follow, max-snippet:-1, max-image-preview:large, max-video-preview:-1\" \/>\n<link rel=\"canonical\" href=\"https:\/\/bluenatur.com\/pt\/contactoportugal\/\" \/>\n<meta property=\"og:locale\" content=\"pt_PT\" \/>\n<meta property=\"og:type\" content=\"article\" \/>\n<meta property=\"og:title\" content=\"Pe\u00e7a Or\u00e7amento \u2013 Bluenatur Marketing Olfativo\" \/>\n<meta property=\"og:description\" content=\"Contacte a Bluenatur, especialistas em marketing olfativo em Portugal. Solicite um or\u00e7amento personalizado para a sua empresa.\" \/>\n<meta property=\"og:url\" content=\"https:\/\/bluenatur.com\/pt\/contactoportugal\/\" \/>\n<meta property=\"og:site_name\" content=\"Bluenatur \u00b7 Frag\u00e2ncia que despertam emo\u00e7\u00f5es\" \/>\n<meta property=\"article:modified_time\" content=\"2026-02-17T08:52:09+00:00\" \/>\n<meta name=\"twitter:card\" content=\"summary_large_image\" \/>\n<meta name=\"twitter:label1\" content=\"Tempo estimado de leitura\" \/>\n\t<meta name=\"twitter:data1\" content=\"1 minuto\" \/>\n<script type=\"application\/ld+json\" class=\"yoast-schema-graph\">{\"@context\":\"https:\/\/schema.org\",\"@graph\":[{\"@type\":\"WebPage\",\"@id\":\"https:\/\/bluenatur.com\/pt\/contactoportugal\/\",\"url\":\"https:\/\/bluenatur.com\/pt\/contactoportugal\/\",\"name\":\"Pe\u00e7a Or\u00e7amento \u2013 Bluenatur Marketing Olfativo\",\"isPartOf\":{\"@id\":\"https:\/\/bluenatur.com\/pt\/#website\"},\"datePublished\":\"2022-01-14T09:52:50+00:00\",\"dateModified\":\"2026-02-17T08:52:09+00:00\",\"description\":\"Contacte a Bluenatur, especialistas em marketing olfativo em Portugal. Solicite um or\u00e7amento personalizado para a sua empresa.\",\"breadcrumb\":{\"@id\":\"https:\/\/bluenatur.com\/pt\/contactoportugal\/#breadcrumb\"},\"inLanguage\":\"pt-PT\",\"potentialAction\":[{\"@type\":\"ReadAction\",\"target\":[\"https:\/\/bluenatur.com\/pt\/contactoportugal\/\"]}]},{\"@type\":\"BreadcrumbList\",\"@id\":\"https:\/\/bluenatur.com\/pt\/contactoportugal\/#breadcrumb\",\"itemListElement\":[{\"@type\":\"ListItem\",\"position\":1,\"name\":\"In\u00edcio\",\"item\":\"https:\/\/bluenatur.com\/pt\/\"},{\"@type\":\"ListItem\",\"position\":2,\"name\":\"Portugal\"}]},{\"@type\":\"WebSite\",\"@id\":\"https:\/\/bluenatur.com\/pt\/#website\",\"url\":\"https:\/\/bluenatur.com\/pt\/\",\"name\":\"Bluenatur \u00b7 Frag\u00e2ncia que despertam emo\u00e7\u00f5es\",\"description\":\"Uma simple frag\u00e2ncia pode transportar-nos para lugares escondidos na nossa mem\u00f3ria.\",\"publisher\":{\"@id\":\"https:\/\/bluenatur.com\/pt\/#organization\"},\"potentialAction\":[{\"@type\":\"SearchAction\",\"target\":{\"@type\":\"EntryPoint\",\"urlTemplate\":\"https:\/\/bluenatur.com\/pt\/?s={search_term_string}\"},\"query-input\":{\"@type\":\"PropertyValueSpecification\",\"valueRequired\":true,\"valueName\":\"search_term_string\"}}],\"inLanguage\":\"pt-PT\"},{\"@type\":\"Organization\",\"@id\":\"https:\/\/bluenatur.com\/pt\/#organization\",\"name\":\"Bluenatur \u00b7 Frag\u00e2ncia que despertam emo\u00e7\u00f5es\",\"url\":\"https:\/\/bluenatur.com\/pt\/\",\"logo\":{\"@type\":\"ImageObject\",\"inLanguage\":\"pt-PT\",\"@id\":\"https:\/\/bluenatur.com\/pt\/#\/schema\/logo\/image\/\",\"url\":\"https:\/\/bluenatur.com\/pt\/wp-content\/uploads\/2026\/01\/logo_img-1.jpg\",\"contentUrl\":\"https:\/\/bluenatur.com\/pt\/wp-content\/uploads\/2026\/01\/logo_img-1.jpg\",\"width\":1200,\"height\":800,\"caption\":\"Bluenatur \u00b7 Frag\u00e2ncia que despertam emo\u00e7\u00f5es\"},\"image\":{\"@id\":\"https:\/\/bluenatur.com\/pt\/#\/schema\/logo\/image\/\"}}]}<\/script>\n<!-- \/ Yoast SEO plugin. -->","yoast_head_json":{"title":"Pe\u00e7a Or\u00e7amento \u2013 Bluenatur Marketing Olfativo","description":"Contacte a Bluenatur, especialistas em marketing olfativo em Portugal. Solicite um or\u00e7amento personalizado para a sua empresa.","robots":{"index":"index","follow":"follow","max-snippet":"max-snippet:-1","max-image-preview":"max-image-preview:large","max-video-preview":"max-video-preview:-1"},"canonical":"https:\/\/bluenatur.com\/pt\/contactoportugal\/","og_locale":"pt_PT","og_type":"article","og_title":"Pe\u00e7a Or\u00e7amento \u2013 Bluenatur Marketing Olfativo","og_description":"Contacte a Bluenatur, especialistas em marketing olfativo em Portugal. Solicite um or\u00e7amento personalizado para a sua empresa.","og_url":"https:\/\/bluenatur.com\/pt\/contactoportugal\/","og_site_name":"Bluenatur \u00b7 Frag\u00e2ncia que despertam emo\u00e7\u00f5es","article_modified_time":"2026-02-17T08:52:09+00:00","twitter_card":"summary_large_image","twitter_misc":{"Tempo estimado de leitura":"1 minuto"},"schema":{"@context":"https:\/\/schema.org","@graph":[{"@type":"WebPage","@id":"https:\/\/bluenatur.com\/pt\/contactoportugal\/","url":"https:\/\/bluenatur.com\/pt\/contactoportugal\/","name":"Pe\u00e7a Or\u00e7amento \u2013 Bluenatur Marketing Olfativo","isPartOf":{"@id":"https:\/\/bluenatur.com\/pt\/#website"},"datePublished":"2022-01-14T09:52:50+00:00","dateModified":"2026-02-17T08:52:09+00:00","description":"Contacte a Bluenatur, especialistas em marketing olfativo em Portugal. Solicite um or\u00e7amento personalizado para a sua empresa.","breadcrumb":{"@id":"https:\/\/bluenatur.com\/pt\/contactoportugal\/#breadcrumb"},"inLanguage":"pt-PT","potentialAction":[{"@type":"ReadAction","target":["https:\/\/bluenatur.com\/pt\/contactoportugal\/"]}]},{"@type":"BreadcrumbList","@id":"https:\/\/bluenatur.com\/pt\/contactoportugal\/#breadcrumb","itemListElement":[{"@type":"ListItem","position":1,"name":"In\u00edcio","item":"https:\/\/bluenatur.com\/pt\/"},{"@type":"ListItem","position":2,"name":"Portugal"}]},{"@type":"WebSite","@id":"https:\/\/bluenatur.com\/pt\/#website","url":"https:\/\/bluenatur.com\/pt\/","name":"Bluenatur \u00b7 Frag\u00e2ncia que despertam emo\u00e7\u00f5es","description":"Uma simple frag\u00e2ncia pode transportar-nos para lugares escondidos na nossa mem\u00f3ria.","publisher":{"@id":"https:\/\/bluenatur.com\/pt\/#organization"},"potentialAction":[{"@type":"SearchAction","target":{"@type":"EntryPoint","urlTemplate":"https:\/\/bluenatur.com\/pt\/?s={search_term_string}"},"query-input":{"@type":"PropertyValueSpecification","valueRequired":true,"valueName":"search_term_string"}}],"inLanguage":"pt-PT"},{"@type":"Organization","@id":"https:\/\/bluenatur.com\/pt\/#organization","name":"Bluenatur \u00b7 Frag\u00e2ncia que despertam emo\u00e7\u00f5es","url":"https:\/\/bluenatur.com\/pt\/","logo":{"@type":"ImageObject","inLanguage":"pt-PT","@id":"https:\/\/bluenatur.com\/pt\/#\/schema\/logo\/image\/","url":"https:\/\/bluenatur.com\/pt\/wp-content\/uploads\/2026\/01\/logo_img-1.jpg","contentUrl":"https:\/\/bluenatur.com\/pt\/wp-content\/uploads\/2026\/01\/logo_img-1.jpg","width":1200,"height":800,"caption":"Bluenatur \u00b7 Frag\u00e2ncia que despertam emo\u00e7\u00f5es"},"image":{"@id":"https:\/\/bluenatur.com\/pt\/#\/schema\/logo\/image\/"}}]}},"_links":{"self":[{"href":"https:\/\/bluenatur.com\/pt\/wp-json\/wp\/v2\/pages\/8561","targetHints":{"allow":["GET"]}}],"collection":[{"href":"https:\/\/bluenatur.com\/pt\/wp-json\/wp\/v2\/pages"}],"about":[{"href":"https:\/\/bluenatur.com\/pt\/wp-json\/wp\/v2\/types\/page"}],"author":[{"embeddable":true,"href":"https:\/\/bluenatur.com\/pt\/wp-json\/wp\/v2\/users\/1"}],"replies":[{"embeddable":true,"href":"https:\/\/bluenatur.com\/pt\/wp-json\/wp\/v2\/comments?post=8561"}],"version-history":[{"count":22,"href":"https:\/\/bluenatur.com\/pt\/wp-json\/wp\/v2\/pages\/8561\/revisions"}],"predecessor-version":[{"id":10015,"href":"https:\/\/bluenatur.com\/pt\/wp-json\/wp\/v2\/pages\/8561\/revisions\/10015"}],"wp:attachment":[{"href":"https:\/\/bluenatur.com\/pt\/wp-json\/wp\/v2\/media?parent=8561"}],"curies":[{"name":"wp","href":"https:\/\/api.w.org\/{rel}","templated":true}]}}