{"id":8172,"date":"2020-01-10T12:10:00","date_gmt":"2020-01-10T12:10:00","guid":{"rendered":"https:\/\/www.bluenatur.com\/?page_id=8172"},"modified":"2026-02-16T08:19:53","modified_gmt":"2026-02-16T08:19:53","slug":"corporate-line","status":"publish","type":"page","link":"https:\/\/bluenatur.com\/pt\/corporate-line\/","title":{"rendered":"Linha corporativa"},"content":{"rendered":"<div class=\"wpb-content-wrapper\"><p>[vc_row css=&#8221;.vc_custom_1473356174303{padding-top: 40px !important;}&#8221;][vc_column width=&#8221;1\/4&#8243;][\/vc_column][vc_column width=&#8221;1\/2&#8243;][vc_custom_heading text=&#8221;Ouse ser diferente! Mostre os valores da sua marca criando uma fragr\u00e2ncia corporativa, que ser\u00e1 o seu &#8220;Odotipo&#8220; (ou log\u00f3tipo olfactivo).&#8221; font_container=&#8221;tag:p|font_size:22px|text_align:center|line_height:36px&#8221; google_fonts=&#8221;font_family:Lato%3A100%2C100italic%2C300%2C300italic%2Cregular%2Citalic%2C700%2C700italic%2C900%2C900italic|font_style:300%20light%20regular%3A300%3Anormal&#8221;][vc_custom_heading text=&#8221;Poder\u00e1 usufruir do produto no seu estabelecimento e comercializ\u00e1-lo em tr\u00eas formatos:&#8221; font_container=&#8221;tag:p|font_size:22px|text_align:center|line_height:36px&#8221; google_fonts=&#8221;font_family:Lato%3A100%2C100italic%2C300%2C300italic%2Cregular%2Citalic%2C700%2C700italic%2C900%2C900italic|font_style:300%20light%20regular%3A300%3Anormal&#8221;][\/vc_column][vc_column width=&#8221;1\/4&#8243;][\/vc_column][\/vc_row][vc_row padding_size=&#8221;xl-padding&#8221; background_position=&#8221;center bottom&#8221; parallax=&#8221;parallax&#8221; bg_image_url=&#8221;https:\/\/bluenatur.com\/pt\/wp-content\/uploads\/2026\/01\/corporate2-150&#215;150.jpg&#8221; background_image=&#8221;9842&#8243;][vc_column][vc_row_inner][vc_column_inner overlap=&#8221;top&#8221; overlap_distance=&#8221;180px&#8221; overlap_index=&#8221;50&#8243;][wyde_heading style=&#8221;4&#8243;][\/vc_column_inner][\/vc_row_inner][vc_row_inner][vc_column_inner overlap=&#8221;top&#8221; overlap_distance=&#8221;180px&#8221; overlap_index=&#8221;50&#8243; offset=&#8221;vc_hidden-lg vc_hidden-md&#8221;][vc_empty_space height=&#8221;60px&#8221;][\/vc_column_inner][\/vc_row_inner][vc_row_inner overlap=&#8221;top&#8221; overlap_distance=&#8221;80px&#8221; overlap_index=&#8221;50&#8243;][vc_column_inner width=&#8221;1\/3&#8243; background_color=&#8221;#ffffff&#8221;][vc_empty_space][vc_single_image image=&#8221;9839&#8243;][vc_empty_space][vc_custom_heading text=&#8221;Aromatic Sticks&#8221; font_container=&#8221;tag:p|font_size:28%20px|text_align:center|line_height:36%20px&#8221;][vc_empty_space height=&#8221;20px&#8221;][\/vc_column_inner][vc_column_inner width=&#8221;1\/3&#8243; background_color=&#8221;#ffffff&#8221;][vc_empty_space][vc_single_image image=&#8221;9840&#8243;][vc_empty_space][vc_custom_heading text=&#8221;Scented Candles&#8221; font_container=&#8221;tag:p|font_size:28%20px|text_align:center|line_height:36%20px&#8221;][vc_empty_space height=&#8221;20px&#8221;][\/vc_column_inner][vc_column_inner width=&#8221;1\/3&#8243; background_color=&#8221;#ffffff&#8221;][vc_empty_space][vc_single_image image=&#8221;9841&#8243;][vc_empty_space][vc_custom_heading text=&#8221;Ambiance Trigger&#8221; font_container=&#8221;tag:p|font_size:28%20px|text_align:center|line_height:36%20px&#8221;][vc_empty_space height=&#8221;20px&#8221;][\/vc_column_inner][\/vc_row_inner][vc_empty_space][\/vc_column][\/vc_row][vc_row][vc_column][vc_column_text]<\/p>\n<p>[\/vc_column_text][\/vc_column][\/vc_row][vc_row][vc_column width=&#8221;1\/2&#8243;][vc_single_image image=&#8221;9843&#8243;][\/vc_column][vc_column width=&#8221;1\/2&#8243;][wyde_heading title=&#8221;N\u00f3s tratamos de tudo!&#8221; subheading=&#8221;CORPORATE LINE&#8221;][vc_empty_space height=&#8221;20px&#8221;][vc_column_text]<\/p>\n<ul>\n<li style=\"text-align: center;\">Cria\u00e7\u00e3o de fragr\u00e2ncias.<\/li>\n<li style=\"text-align: center;\">Sele\u00e7\u00e3o de packaging.<\/li>\n<li style=\"text-align: center;\">Personaliza\u00e7\u00e3o do produto (r\u00f3tulos e acabamentos).<\/li>\n<li style=\"text-align: center;\">Fabrico e montagem final.<\/li>\n<\/ul>\n<p>[\/vc_column_text][\/vc_column][\/vc_row][vc_row][vc_column][vc_column_text]<\/p>\n<p>[\/vc_column_text][\/vc_column][\/vc_row]<\/p>\n<\/div>","protected":false},"excerpt":{"rendered":"<p>[vc_row css=&#8221;.vc_custom_1473356174303{padding-top: 40px !important;}&#8221;][vc_column width=&#8221;1\/4&#8243;][\/vc_column][vc_column width=&#8221;1\/2&#8243;][vc_custom_heading text=&#8221;Ouse ser diferente! Mostre os valores da sua marca criando uma fragr\u00e2ncia corporativa, que ser\u00e1 o seu &#8220;Odotipo&#8220; (ou log\u00f3tipo olfactivo).&#8221; font_container=&#8221;tag:p|font_size:22px|text_align:center|line_height:36px&#8221; google_fonts=&#8221;font_family:Lato%3A100%2C100italic%2C300%2C300italic%2Cregular%2Citalic%2C700%2C700italic%2C900%2C900italic|font_style:300%20light%20regular%3A300%3Anormal&#8221;][vc_custom_heading text=&#8221;Poder\u00e1 usufruir do produto no seu estabelecimento e comercializ\u00e1-lo em tr\u00eas formatos:&#8221; font_container=&#8221;tag:p|font_size:22px|text_align:center|line_height:36px&#8221; google_fonts=&#8221;font_family:Lato%3A100%2C100italic%2C300%2C300italic%2Cregular%2Citalic%2C700%2C700italic%2C900%2C900italic|font_style:300%20light%20regular%3A300%3Anormal&#8221;][\/vc_column][vc_column width=&#8221;1\/4&#8243;][\/vc_column][\/vc_row][vc_row padding_size=&#8221;xl-padding&#8221; background_position=&#8221;center bottom&#8221; parallax=&#8221;parallax&#8221; bg_image_url=&#8221;https:\/\/bluenatur.com\/pt\/wp-content\/uploads\/2026\/01\/corporate2-150&#215;150.jpg&#8221; background_image=&#8221;9842&#8243;][vc_column][vc_row_inner][vc_column_inner overlap=&#8221;top&#8221; overlap_distance=&#8221;180px&#8221; overlap_index=&#8221;50&#8243;][wyde_heading style=&#8221;4&#8243;][\/vc_column_inner][\/vc_row_inner][vc_row_inner][vc_column_inner overlap=&#8221;top&#8221; [&hellip;]<\/p>\n","protected":false},"author":1,"featured_media":0,"parent":0,"menu_order":0,"comment_status":"closed","ping_status":"closed","template":"","meta":{"footnotes":""},"class_list":["post-8172","page","type-page","status-publish","hentry"],"yoast_head":"<!-- This site is optimized with the Yoast SEO plugin v26.9 - https:\/\/yoast.com\/product\/yoast-seo-wordpress\/ -->\n<title>Fragr\u00e2ncia Corporativa Personalizada | Bluenatur<\/title>\n<meta name=\"description\" content=\"Crie a sua fragr\u00e2ncia corporativa personalizada. Desenvolvemos o seu odotipo com design exclusivo e produ\u00e7\u00e3o completa para a sua marca.\" \/>\n<meta name=\"robots\" content=\"index, follow, max-snippet:-1, max-image-preview:large, max-video-preview:-1\" \/>\n<link rel=\"canonical\" href=\"https:\/\/bluenatur.com\/pt\/corporate-line\/\" \/>\n<meta property=\"og:locale\" content=\"pt_PT\" \/>\n<meta property=\"og:type\" content=\"article\" \/>\n<meta property=\"og:title\" content=\"Fragr\u00e2ncia Corporativa Personalizada | Bluenatur\" \/>\n<meta property=\"og:description\" content=\"Crie a sua fragr\u00e2ncia corporativa personalizada. Desenvolvemos o seu odotipo com design exclusivo e produ\u00e7\u00e3o completa para a sua marca.\" \/>\n<meta property=\"og:url\" content=\"https:\/\/bluenatur.com\/pt\/corporate-line\/\" \/>\n<meta property=\"og:site_name\" content=\"Bluenatur \u00b7 Frag\u00e2ncia que despertam emo\u00e7\u00f5es\" \/>\n<meta property=\"article:modified_time\" content=\"2026-02-16T08:19:53+00:00\" \/>\n<meta name=\"twitter:card\" content=\"summary_large_image\" \/>\n<meta name=\"twitter:label1\" content=\"Tempo estimado de leitura\" \/>\n\t<meta name=\"twitter:data1\" content=\"1 minuto\" \/>\n<script type=\"application\/ld+json\" class=\"yoast-schema-graph\">{\"@context\":\"https:\/\/schema.org\",\"@graph\":[{\"@type\":\"WebPage\",\"@id\":\"https:\/\/bluenatur.com\/pt\/corporate-line\/\",\"url\":\"https:\/\/bluenatur.com\/pt\/corporate-line\/\",\"name\":\"Fragr\u00e2ncia Corporativa Personalizada | Bluenatur\",\"isPartOf\":{\"@id\":\"https:\/\/bluenatur.com\/pt\/#website\"},\"datePublished\":\"2020-01-10T12:10:00+00:00\",\"dateModified\":\"2026-02-16T08:19:53+00:00\",\"description\":\"Crie a sua fragr\u00e2ncia corporativa personalizada. Desenvolvemos o seu odotipo com design exclusivo e produ\u00e7\u00e3o completa para a sua marca.\",\"breadcrumb\":{\"@id\":\"https:\/\/bluenatur.com\/pt\/corporate-line\/#breadcrumb\"},\"inLanguage\":\"pt-PT\",\"potentialAction\":[{\"@type\":\"ReadAction\",\"target\":[\"https:\/\/bluenatur.com\/pt\/corporate-line\/\"]}]},{\"@type\":\"BreadcrumbList\",\"@id\":\"https:\/\/bluenatur.com\/pt\/corporate-line\/#breadcrumb\",\"itemListElement\":[{\"@type\":\"ListItem\",\"position\":1,\"name\":\"In\u00edcio\",\"item\":\"https:\/\/bluenatur.com\/pt\/\"},{\"@type\":\"ListItem\",\"position\":2,\"name\":\"Linha corporativa\"}]},{\"@type\":\"WebSite\",\"@id\":\"https:\/\/bluenatur.com\/pt\/#website\",\"url\":\"https:\/\/bluenatur.com\/pt\/\",\"name\":\"Bluenatur \u00b7 Frag\u00e2ncia que despertam emo\u00e7\u00f5es\",\"description\":\"Uma simple frag\u00e2ncia pode transportar-nos para lugares escondidos na nossa mem\u00f3ria.\",\"publisher\":{\"@id\":\"https:\/\/bluenatur.com\/pt\/#organization\"},\"potentialAction\":[{\"@type\":\"SearchAction\",\"target\":{\"@type\":\"EntryPoint\",\"urlTemplate\":\"https:\/\/bluenatur.com\/pt\/?s={search_term_string}\"},\"query-input\":{\"@type\":\"PropertyValueSpecification\",\"valueRequired\":true,\"valueName\":\"search_term_string\"}}],\"inLanguage\":\"pt-PT\"},{\"@type\":\"Organization\",\"@id\":\"https:\/\/bluenatur.com\/pt\/#organization\",\"name\":\"Bluenatur \u00b7 Frag\u00e2ncia que despertam emo\u00e7\u00f5es\",\"url\":\"https:\/\/bluenatur.com\/pt\/\",\"logo\":{\"@type\":\"ImageObject\",\"inLanguage\":\"pt-PT\",\"@id\":\"https:\/\/bluenatur.com\/pt\/#\/schema\/logo\/image\/\",\"url\":\"https:\/\/bluenatur.com\/pt\/wp-content\/uploads\/2026\/01\/logo_img-1.jpg\",\"contentUrl\":\"https:\/\/bluenatur.com\/pt\/wp-content\/uploads\/2026\/01\/logo_img-1.jpg\",\"width\":1200,\"height\":800,\"caption\":\"Bluenatur \u00b7 Frag\u00e2ncia que despertam emo\u00e7\u00f5es\"},\"image\":{\"@id\":\"https:\/\/bluenatur.com\/pt\/#\/schema\/logo\/image\/\"}}]}<\/script>\n<!-- \/ Yoast SEO plugin. -->","yoast_head_json":{"title":"Fragr\u00e2ncia Corporativa Personalizada | Bluenatur","description":"Crie a sua fragr\u00e2ncia corporativa personalizada. Desenvolvemos o seu odotipo com design exclusivo e produ\u00e7\u00e3o completa para a sua marca.","robots":{"index":"index","follow":"follow","max-snippet":"max-snippet:-1","max-image-preview":"max-image-preview:large","max-video-preview":"max-video-preview:-1"},"canonical":"https:\/\/bluenatur.com\/pt\/corporate-line\/","og_locale":"pt_PT","og_type":"article","og_title":"Fragr\u00e2ncia Corporativa Personalizada | Bluenatur","og_description":"Crie a sua fragr\u00e2ncia corporativa personalizada. Desenvolvemos o seu odotipo com design exclusivo e produ\u00e7\u00e3o completa para a sua marca.","og_url":"https:\/\/bluenatur.com\/pt\/corporate-line\/","og_site_name":"Bluenatur \u00b7 Frag\u00e2ncia que despertam emo\u00e7\u00f5es","article_modified_time":"2026-02-16T08:19:53+00:00","twitter_card":"summary_large_image","twitter_misc":{"Tempo estimado de leitura":"1 minuto"},"schema":{"@context":"https:\/\/schema.org","@graph":[{"@type":"WebPage","@id":"https:\/\/bluenatur.com\/pt\/corporate-line\/","url":"https:\/\/bluenatur.com\/pt\/corporate-line\/","name":"Fragr\u00e2ncia Corporativa Personalizada | Bluenatur","isPartOf":{"@id":"https:\/\/bluenatur.com\/pt\/#website"},"datePublished":"2020-01-10T12:10:00+00:00","dateModified":"2026-02-16T08:19:53+00:00","description":"Crie a sua fragr\u00e2ncia corporativa personalizada. Desenvolvemos o seu odotipo com design exclusivo e produ\u00e7\u00e3o completa para a sua marca.","breadcrumb":{"@id":"https:\/\/bluenatur.com\/pt\/corporate-line\/#breadcrumb"},"inLanguage":"pt-PT","potentialAction":[{"@type":"ReadAction","target":["https:\/\/bluenatur.com\/pt\/corporate-line\/"]}]},{"@type":"BreadcrumbList","@id":"https:\/\/bluenatur.com\/pt\/corporate-line\/#breadcrumb","itemListElement":[{"@type":"ListItem","position":1,"name":"In\u00edcio","item":"https:\/\/bluenatur.com\/pt\/"},{"@type":"ListItem","position":2,"name":"Linha corporativa"}]},{"@type":"WebSite","@id":"https:\/\/bluenatur.com\/pt\/#website","url":"https:\/\/bluenatur.com\/pt\/","name":"Bluenatur \u00b7 Frag\u00e2ncia que despertam emo\u00e7\u00f5es","description":"Uma simple frag\u00e2ncia pode transportar-nos para lugares escondidos na nossa mem\u00f3ria.","publisher":{"@id":"https:\/\/bluenatur.com\/pt\/#organization"},"potentialAction":[{"@type":"SearchAction","target":{"@type":"EntryPoint","urlTemplate":"https:\/\/bluenatur.com\/pt\/?s={search_term_string}"},"query-input":{"@type":"PropertyValueSpecification","valueRequired":true,"valueName":"search_term_string"}}],"inLanguage":"pt-PT"},{"@type":"Organization","@id":"https:\/\/bluenatur.com\/pt\/#organization","name":"Bluenatur \u00b7 Frag\u00e2ncia que despertam emo\u00e7\u00f5es","url":"https:\/\/bluenatur.com\/pt\/","logo":{"@type":"ImageObject","inLanguage":"pt-PT","@id":"https:\/\/bluenatur.com\/pt\/#\/schema\/logo\/image\/","url":"https:\/\/bluenatur.com\/pt\/wp-content\/uploads\/2026\/01\/logo_img-1.jpg","contentUrl":"https:\/\/bluenatur.com\/pt\/wp-content\/uploads\/2026\/01\/logo_img-1.jpg","width":1200,"height":800,"caption":"Bluenatur \u00b7 Frag\u00e2ncia que despertam emo\u00e7\u00f5es"},"image":{"@id":"https:\/\/bluenatur.com\/pt\/#\/schema\/logo\/image\/"}}]}},"_links":{"self":[{"href":"https:\/\/bluenatur.com\/pt\/wp-json\/wp\/v2\/pages\/8172","targetHints":{"allow":["GET"]}}],"collection":[{"href":"https:\/\/bluenatur.com\/pt\/wp-json\/wp\/v2\/pages"}],"about":[{"href":"https:\/\/bluenatur.com\/pt\/wp-json\/wp\/v2\/types\/page"}],"author":[{"embeddable":true,"href":"https:\/\/bluenatur.com\/pt\/wp-json\/wp\/v2\/users\/1"}],"replies":[{"embeddable":true,"href":"https:\/\/bluenatur.com\/pt\/wp-json\/wp\/v2\/comments?post=8172"}],"version-history":[{"count":6,"href":"https:\/\/bluenatur.com\/pt\/wp-json\/wp\/v2\/pages\/8172\/revisions"}],"predecessor-version":[{"id":9905,"href":"https:\/\/bluenatur.com\/pt\/wp-json\/wp\/v2\/pages\/8172\/revisions\/9905"}],"wp:attachment":[{"href":"https:\/\/bluenatur.com\/pt\/wp-json\/wp\/v2\/media?parent=8172"}],"curies":[{"name":"wp","href":"https:\/\/api.w.org\/{rel}","templated":true}]}}