{"id":7961,"date":"2018-06-20T15:14:29","date_gmt":"2018-06-20T15:14:29","guid":{"rendered":"https:\/\/www.bluenatur.com\/ca\/cookie-policy\/"},"modified":"2026-02-26T12:34:41","modified_gmt":"2026-02-26T12:34:41","slug":"politica-de-cookies","status":"publish","type":"page","link":"https:\/\/bluenatur.com\/pt\/politica-de-cookies\/","title":{"rendered":"Pol\u00edtica de Cookies"},"content":{"rendered":"<div class=\"wpb-content-wrapper\"><p>[vc_row][vc_column][vc_empty_space height=&#8221;40px&#8221;][wyde_heading style=&#8221;2&#8243; title=&#8221;Pol\u00edtica de Cookies&#8221; subheading=&#8221;BLUENATUR&#8221;][vc_empty_space height=&#8221;40px&#8221;][vc_column_text]<\/p>\n<ul>\n<li>O acesso a este S\u00edtio Web pode implicar a utiliza\u00e7\u00e3o de cookies. As cookies s\u00e3o pequenas quantidades de informa\u00e7\u00e3o que s\u00e3o armazenadas no navegador utilizado por cada Utilizador \u2014 nos diferentes dispositivos que possa utilizar para navegar \u2014 para que o servidor recorde determinadas informa\u00e7\u00f5es que, posteriormente, e apenas o servidor que as implementou, ir\u00e1 ler. As cookies facilitam a navega\u00e7\u00e3o, tornam-na mais amig\u00e1vel e n\u00e3o danificam o dispositivo de navega\u00e7\u00e3o.As cookies s\u00e3o procedimentos autom\u00e1ticos de recolha de informa\u00e7\u00e3o relativa \u00e0s prefer\u00eancias determinadas pelo Utilizador durante a sua visita ao S\u00edtio Web, com a finalidade de o reconhecer como Utilizador, personalizar a sua experi\u00eancia e a utiliza\u00e7\u00e3o do S\u00edtio Web, podendo tamb\u00e9m, por exemplo, ajudar a identificar e resolver erros.A informa\u00e7\u00e3o recolhida atrav\u00e9s das cookies pode incluir a data e hora das visitas ao S\u00edtio Web, as p\u00e1ginas visualizadas, o tempo de perman\u00eancia no S\u00edtio Web e os s\u00edtios visitados imediatamente antes e depois do mesmo. No entanto, nenhuma cookie permite o contacto com o n\u00famero de telefone do Utilizador ou com qualquer outro meio de contacto pessoal. Nenhuma cookie pode extrair informa\u00e7\u00e3o do disco r\u00edgido do Utilizador ou roubar informa\u00e7\u00e3o pessoal. A \u00fanica forma de a informa\u00e7\u00e3o privada do Utilizador integrar o ficheiro Cookie \u00e9 se o pr\u00f3prio Utilizador fornecer pessoalmente essa informa\u00e7\u00e3o ao servidor.\n<p>As cookies que permitem identificar uma pessoa s\u00e3o consideradas dados pessoais. Por conseguinte, ser\u00e1 aplic\u00e1vel a estas a Pol\u00edtica de Privacidade anteriormente descrita. Neste sentido, a sua utiliza\u00e7\u00e3o exigir\u00e1 o consentimento do Utilizador. Esse consentimento ser\u00e1 comunicado com base numa escolha genu\u00edna, concedido mediante uma decis\u00e3o afirmativa e positiva, antes do tratamento inicial, podendo ser retirado e devidamente documentado.<\/p>\n<p><strong>Cookies pr\u00f3prias<\/strong><\/p>\n<p>S\u00e3o aquelas cookies enviadas para o computador ou dispositivo do Utilizador e geridas exclusivamente por https:\/\/www.bluenatur.com\/<\/p>\n<p>para o melhor funcionamento do S\u00edtio Web. A informa\u00e7\u00e3o recolhida \u00e9 utilizada para melhorar a qualidade do S\u00edtio Web, do seu Conte\u00fado e da experi\u00eancia do Utilizador. Estas cookies permitem reconhecer o Utilizador como visitante recorrente do S\u00edtio Web e adaptar o conte\u00fado para oferecer conte\u00fados ajustados \u00e0s suas prefer\u00eancias.<\/p>\n<p>A informa\u00e7\u00e3o obtida refere-se, por exemplo, ao n\u00famero de p\u00e1ginas visitadas, ao idioma, ao local associado ao endere\u00e7o IP a partir do qual o Utilizador acede, ao n\u00famero de Utilizadores que acedem, \u00e0 frequ\u00eancia e recorr\u00eancia das visitas, ao tempo de visita, ao navegador utilizado, ao operador ou tipo de dispositivo a partir do qual \u00e9 efetuada a visita. Esta informa\u00e7\u00e3o \u00e9 utilizada para melhorar o S\u00edtio Web e detetar novas necessidades, a fim de oferecer aos Utilizadores Conte\u00fados e\/ou servi\u00e7os de \u00f3tima qualidade. Em qualquer caso, a informa\u00e7\u00e3o \u00e9 recolhida de forma an\u00f3nima e s\u00e3o elaborados relat\u00f3rios de tend\u00eancias do S\u00edtio Web sem identificar utilizadores individuais.<\/p>\n<p>Pode obter mais informa\u00e7\u00f5es sobre as cookies, informa\u00e7\u00f5es sobre privacidade ou consultar a descri\u00e7\u00e3o do tipo de cookies utilizadas, as suas principais caracter\u00edsticas, per\u00edodo de expira\u00e7\u00e3o, etc., no(s) seguinte(s) link(s):<\/p>\n<p><strong>GOOGLE ANALYTICS<\/strong><\/p>\n<p>A(s) entidade(s) respons\u00e1vel(eis) pelo fornecimento de cookies poder\u00e1(\u00e3o) ceder esta informa\u00e7\u00e3o a terceiros, sempre que a lei o exija ou quando um terceiro processe essa informa\u00e7\u00e3o por conta dessas entidades.<\/p>\n<p><strong>Cookies de redes sociais<\/strong><\/p>\n<p>https:\/\/www.bluenatur.com\/ incorpora plugins de redes sociais que permitem aceder \u00e0s mesmas a partir do S\u00edtio Web. Por esta raz\u00e3o, as cookies de redes sociais podem ser armazenadas no navegador do Utilizador. Os titulares dessas redes sociais disp\u00f5em das suas pr\u00f3prias pol\u00edticas de prote\u00e7\u00e3o de dados e de cookies, sendo eles pr\u00f3prios, em cada caso, respons\u00e1veis pelos seus ficheiros e pelas suas pr\u00e1ticas de privacidade. O Utilizador dever\u00e1 consultar essas pol\u00edticas para se informar sobre tais cookies e, se for o caso, sobre o tratamento dos seus dados pessoais.<\/p>\n<p>A t\u00edtulo meramente informativo, indicam-se a seguir os links onde podem ser consultadas essas pol\u00edticas de privacidade e\/ou cookies:<\/p>\n<p>Facebook:<a href=\"https:\/\/www.facebook.com\/policies\/cookies\/\">https:\/\/www.facebook.com\/policies\/cookies\/<\/a><\/p>\n<p>Instagram: <a href=\"https:\/\/help.instagram.com\/1896641480634370?ref=ig\">https:\/\/help.instagram.com\/1896641480634370?ref=ig<\/a><\/p>\n<p>Youtube: <a href=\"https:\/\/policies.google.com\/privacy?hl=es-419&amp;gl=mx\">https:\/\/policies.google.com\/privacy?hl=es-419&amp;gl=mx<\/a><\/p>\n<p>Google+: <a href=\"https:\/\/policies.google.com\/technologies\/cookies?hl=es\">https:\/\/policies.google.com\/technologies\/cookies?hl=es<\/a><\/p>\n<p>LinkedIn: <a href=\"https:\/\/www.linkedin.com\/legal\/cookie-policy?trk=hp-cookies\">https:\/\/www.linkedin.com\/legal\/cookie-policy?trk=hp-cookies<\/a><\/p>\n<p>Tik Tok: <a href=\"https:\/\/www.tiktok.com\/legal\/page\/row\/privacy-policy\/es\">https:\/\/www.tiktok.com\/legal\/page\/row\/privacy-policy\/es<\/a><\/p>\n<p>Threads: <a href=\"https:\/\/help.instagram.com\/515230437301944\">https:\/\/help.instagram.com\/515230437301944<\/a><\/p>\n<p>X.com: <a href=\"https:\/\/x.com\/en\/privacy?utm_source=chatgpt.com\">https:\/\/x.com\/en\/privacy?utm_source=chatgpt.com<\/a><\/p>\n<p>Bsky: <a href=\"https:\/\/bsky.social\/about\/support\/privacy-policy?utm_source=chatgpt.com\">https:\/\/bsky.social\/about\/support\/privacy-policy?utm_source=chatgpt.com<\/a><\/p>\n<p><strong>Desativar, rejeitar e eliminar cookies<\/strong><\/p>\n<p>O Utilizador pode desativar, rejeitar e eliminar as cookies \u2014 total ou parcialmente \u2014 instaladas no seu dispositivo atrav\u00e9s da configura\u00e7\u00e3o do seu navegador (entre os quais se encontram, por exemplo, Chrome, Firefox, Safari, Explorer). Neste sentido, os procedimentos para rejeitar e eliminar cookies podem diferir de um navegador de Internet para outro. Consequentemente, o Utilizador dever\u00e1 consultar as instru\u00e7\u00f5es fornecidas pelo pr\u00f3prio navegador de Internet que esteja a utilizar.<\/p>\n<p>Caso rejeite a utiliza\u00e7\u00e3o de cookies \u2014 total ou parcialmente \u2014 poder\u00e1 continuar a utilizar o S\u00edtio Web; contudo, poder\u00e1 ter limitada a utiliza\u00e7\u00e3o de algumas das suas funcionalidades.<\/li>\n<\/ul>\n<p>[\/vc_column_text][\/vc_column][vc_column][\/vc_column][\/vc_row]<\/p>\n<\/div>","protected":false},"excerpt":{"rendered":"<p>[vc_row][vc_column][vc_empty_space height=&#8221;40px&#8221;][wyde_heading style=&#8221;2&#8243; title=&#8221;Pol\u00edtica de Cookies&#8221; subheading=&#8221;BLUENATUR&#8221;][vc_empty_space height=&#8221;40px&#8221;][vc_column_text] O acesso a este S\u00edtio Web pode implicar a utiliza\u00e7\u00e3o de cookies. As cookies s\u00e3o pequenas quantidades de informa\u00e7\u00e3o que s\u00e3o armazenadas no navegador utilizado por cada Utilizador \u2014 nos diferentes dispositivos que possa utilizar para navegar \u2014 para que o servidor recorde determinadas informa\u00e7\u00f5es que, posteriormente, [&hellip;]<\/p>\n","protected":false},"author":1,"featured_media":0,"parent":0,"menu_order":0,"comment_status":"closed","ping_status":"closed","template":"","meta":{"footnotes":""},"class_list":["post-7961","page","type-page","status-publish","hentry"],"yoast_head":"<!-- This site is optimized with the Yoast SEO plugin v26.9 - https:\/\/yoast.com\/product\/yoast-seo-wordpress\/ -->\n<title>Marketing Olfativo \u2013 Valores e Identidade de Marca<\/title>\n<meta name=\"description\" content=\"O marketing olfativo refor\u00e7a a identidade da marca e influencia emo\u00e7\u00f5es. Descubra como criar uma experi\u00eancia sensorial memor\u00e1vel.\" \/>\n<meta name=\"robots\" content=\"index, follow, max-snippet:-1, max-image-preview:large, max-video-preview:-1\" \/>\n<link rel=\"canonical\" href=\"https:\/\/bluenatur.com\/pt\/politica-de-cookies\/\" \/>\n<meta property=\"og:locale\" content=\"pt_PT\" \/>\n<meta property=\"og:type\" content=\"article\" \/>\n<meta property=\"og:title\" content=\"Marketing Olfativo \u2013 Valores e Identidade de Marca\" \/>\n<meta property=\"og:description\" content=\"O marketing olfativo refor\u00e7a a identidade da marca e influencia emo\u00e7\u00f5es. Descubra como criar uma experi\u00eancia sensorial memor\u00e1vel.\" \/>\n<meta property=\"og:url\" content=\"https:\/\/bluenatur.com\/pt\/politica-de-cookies\/\" \/>\n<meta property=\"og:site_name\" content=\"Bluenatur \u00b7 Frag\u00e2ncia que despertam emo\u00e7\u00f5es\" \/>\n<meta property=\"article:modified_time\" content=\"2026-02-26T12:34:41+00:00\" \/>\n<meta name=\"twitter:card\" content=\"summary_large_image\" \/>\n<meta name=\"twitter:label1\" content=\"Tempo estimado de leitura\" \/>\n\t<meta name=\"twitter:data1\" content=\"5 minutos\" \/>\n<script type=\"application\/ld+json\" class=\"yoast-schema-graph\">{\"@context\":\"https:\/\/schema.org\",\"@graph\":[{\"@type\":\"WebPage\",\"@id\":\"https:\/\/bluenatur.com\/pt\/politica-de-cookies\/\",\"url\":\"https:\/\/bluenatur.com\/pt\/politica-de-cookies\/\",\"name\":\"Marketing Olfativo \u2013 Valores e Identidade de Marca\",\"isPartOf\":{\"@id\":\"https:\/\/bluenatur.com\/pt\/#website\"},\"datePublished\":\"2018-06-20T15:14:29+00:00\",\"dateModified\":\"2026-02-26T12:34:41+00:00\",\"description\":\"O marketing olfativo refor\u00e7a a identidade da marca e influencia emo\u00e7\u00f5es. Descubra como criar uma experi\u00eancia sensorial memor\u00e1vel.\",\"breadcrumb\":{\"@id\":\"https:\/\/bluenatur.com\/pt\/politica-de-cookies\/#breadcrumb\"},\"inLanguage\":\"pt-PT\",\"potentialAction\":[{\"@type\":\"ReadAction\",\"target\":[\"https:\/\/bluenatur.com\/pt\/politica-de-cookies\/\"]}]},{\"@type\":\"BreadcrumbList\",\"@id\":\"https:\/\/bluenatur.com\/pt\/politica-de-cookies\/#breadcrumb\",\"itemListElement\":[{\"@type\":\"ListItem\",\"position\":1,\"name\":\"In\u00edcio\",\"item\":\"https:\/\/bluenatur.com\/pt\/\"},{\"@type\":\"ListItem\",\"position\":2,\"name\":\"Pol\u00edtica de Cookies\"}]},{\"@type\":\"WebSite\",\"@id\":\"https:\/\/bluenatur.com\/pt\/#website\",\"url\":\"https:\/\/bluenatur.com\/pt\/\",\"name\":\"Bluenatur \u00b7 Frag\u00e2ncia que despertam emo\u00e7\u00f5es\",\"description\":\"Uma simple frag\u00e2ncia pode transportar-nos para lugares escondidos na nossa mem\u00f3ria.\",\"publisher\":{\"@id\":\"https:\/\/bluenatur.com\/pt\/#organization\"},\"potentialAction\":[{\"@type\":\"SearchAction\",\"target\":{\"@type\":\"EntryPoint\",\"urlTemplate\":\"https:\/\/bluenatur.com\/pt\/?s={search_term_string}\"},\"query-input\":{\"@type\":\"PropertyValueSpecification\",\"valueRequired\":true,\"valueName\":\"search_term_string\"}}],\"inLanguage\":\"pt-PT\"},{\"@type\":\"Organization\",\"@id\":\"https:\/\/bluenatur.com\/pt\/#organization\",\"name\":\"Bluenatur \u00b7 Frag\u00e2ncia que despertam emo\u00e7\u00f5es\",\"url\":\"https:\/\/bluenatur.com\/pt\/\",\"logo\":{\"@type\":\"ImageObject\",\"inLanguage\":\"pt-PT\",\"@id\":\"https:\/\/bluenatur.com\/pt\/#\/schema\/logo\/image\/\",\"url\":\"https:\/\/bluenatur.com\/pt\/wp-content\/uploads\/2026\/01\/logo_img-1.jpg\",\"contentUrl\":\"https:\/\/bluenatur.com\/pt\/wp-content\/uploads\/2026\/01\/logo_img-1.jpg\",\"width\":1200,\"height\":800,\"caption\":\"Bluenatur \u00b7 Frag\u00e2ncia que despertam emo\u00e7\u00f5es\"},\"image\":{\"@id\":\"https:\/\/bluenatur.com\/pt\/#\/schema\/logo\/image\/\"}}]}<\/script>\n<!-- \/ Yoast SEO plugin. -->","yoast_head_json":{"title":"Marketing Olfativo \u2013 Valores e Identidade de Marca","description":"O marketing olfativo refor\u00e7a a identidade da marca e influencia emo\u00e7\u00f5es. Descubra como criar uma experi\u00eancia sensorial memor\u00e1vel.","robots":{"index":"index","follow":"follow","max-snippet":"max-snippet:-1","max-image-preview":"max-image-preview:large","max-video-preview":"max-video-preview:-1"},"canonical":"https:\/\/bluenatur.com\/pt\/politica-de-cookies\/","og_locale":"pt_PT","og_type":"article","og_title":"Marketing Olfativo \u2013 Valores e Identidade de Marca","og_description":"O marketing olfativo refor\u00e7a a identidade da marca e influencia emo\u00e7\u00f5es. Descubra como criar uma experi\u00eancia sensorial memor\u00e1vel.","og_url":"https:\/\/bluenatur.com\/pt\/politica-de-cookies\/","og_site_name":"Bluenatur \u00b7 Frag\u00e2ncia que despertam emo\u00e7\u00f5es","article_modified_time":"2026-02-26T12:34:41+00:00","twitter_card":"summary_large_image","twitter_misc":{"Tempo estimado de leitura":"5 minutos"},"schema":{"@context":"https:\/\/schema.org","@graph":[{"@type":"WebPage","@id":"https:\/\/bluenatur.com\/pt\/politica-de-cookies\/","url":"https:\/\/bluenatur.com\/pt\/politica-de-cookies\/","name":"Marketing Olfativo \u2013 Valores e Identidade de Marca","isPartOf":{"@id":"https:\/\/bluenatur.com\/pt\/#website"},"datePublished":"2018-06-20T15:14:29+00:00","dateModified":"2026-02-26T12:34:41+00:00","description":"O marketing olfativo refor\u00e7a a identidade da marca e influencia emo\u00e7\u00f5es. Descubra como criar uma experi\u00eancia sensorial memor\u00e1vel.","breadcrumb":{"@id":"https:\/\/bluenatur.com\/pt\/politica-de-cookies\/#breadcrumb"},"inLanguage":"pt-PT","potentialAction":[{"@type":"ReadAction","target":["https:\/\/bluenatur.com\/pt\/politica-de-cookies\/"]}]},{"@type":"BreadcrumbList","@id":"https:\/\/bluenatur.com\/pt\/politica-de-cookies\/#breadcrumb","itemListElement":[{"@type":"ListItem","position":1,"name":"In\u00edcio","item":"https:\/\/bluenatur.com\/pt\/"},{"@type":"ListItem","position":2,"name":"Pol\u00edtica de Cookies"}]},{"@type":"WebSite","@id":"https:\/\/bluenatur.com\/pt\/#website","url":"https:\/\/bluenatur.com\/pt\/","name":"Bluenatur \u00b7 Frag\u00e2ncia que despertam emo\u00e7\u00f5es","description":"Uma simple frag\u00e2ncia pode transportar-nos para lugares escondidos na nossa mem\u00f3ria.","publisher":{"@id":"https:\/\/bluenatur.com\/pt\/#organization"},"potentialAction":[{"@type":"SearchAction","target":{"@type":"EntryPoint","urlTemplate":"https:\/\/bluenatur.com\/pt\/?s={search_term_string}"},"query-input":{"@type":"PropertyValueSpecification","valueRequired":true,"valueName":"search_term_string"}}],"inLanguage":"pt-PT"},{"@type":"Organization","@id":"https:\/\/bluenatur.com\/pt\/#organization","name":"Bluenatur \u00b7 Frag\u00e2ncia que despertam emo\u00e7\u00f5es","url":"https:\/\/bluenatur.com\/pt\/","logo":{"@type":"ImageObject","inLanguage":"pt-PT","@id":"https:\/\/bluenatur.com\/pt\/#\/schema\/logo\/image\/","url":"https:\/\/bluenatur.com\/pt\/wp-content\/uploads\/2026\/01\/logo_img-1.jpg","contentUrl":"https:\/\/bluenatur.com\/pt\/wp-content\/uploads\/2026\/01\/logo_img-1.jpg","width":1200,"height":800,"caption":"Bluenatur \u00b7 Frag\u00e2ncia que despertam emo\u00e7\u00f5es"},"image":{"@id":"https:\/\/bluenatur.com\/pt\/#\/schema\/logo\/image\/"}}]}},"_links":{"self":[{"href":"https:\/\/bluenatur.com\/pt\/wp-json\/wp\/v2\/pages\/7961","targetHints":{"allow":["GET"]}}],"collection":[{"href":"https:\/\/bluenatur.com\/pt\/wp-json\/wp\/v2\/pages"}],"about":[{"href":"https:\/\/bluenatur.com\/pt\/wp-json\/wp\/v2\/types\/page"}],"author":[{"embeddable":true,"href":"https:\/\/bluenatur.com\/pt\/wp-json\/wp\/v2\/users\/1"}],"replies":[{"embeddable":true,"href":"https:\/\/bluenatur.com\/pt\/wp-json\/wp\/v2\/comments?post=7961"}],"version-history":[{"count":7,"href":"https:\/\/bluenatur.com\/pt\/wp-json\/wp\/v2\/pages\/7961\/revisions"}],"predecessor-version":[{"id":10030,"href":"https:\/\/bluenatur.com\/pt\/wp-json\/wp\/v2\/pages\/7961\/revisions\/10030"}],"wp:attachment":[{"href":"https:\/\/bluenatur.com\/pt\/wp-json\/wp\/v2\/media?parent=7961"}],"curies":[{"name":"wp","href":"https:\/\/api.w.org\/{rel}","templated":true}]}}