{"id":7631,"date":"2018-01-23T11:11:47","date_gmt":"2018-01-23T11:11:47","guid":{"rendered":"https:\/\/www.bluenatur.com\/?page_id=7631"},"modified":"2026-02-16T08:15:16","modified_gmt":"2026-02-16T08:15:16","slug":"como-nos-ponemos-en-marcha","status":"publish","type":"page","link":"https:\/\/bluenatur.com\/pt\/como-nos-ponemos-en-marcha\/","title":{"rendered":"Como podemos come\u00e7ar?"},"content":{"rendered":"<div class=\"wpb-content-wrapper\"><p>[vc_row css=&#8221;.vc_custom_1473356174303{padding-top: 40px !important;}&#8221;][vc_column width=&#8221;1\/4&#8243;][\/vc_column][vc_column width=&#8221;1\/2&#8243;][vc_custom_heading text=&#8221;A prioridade da Bluenatur \u00e9 oferecer o melhor servi\u00e7o t\u00e9cnico a cada cliente.<br \/>\nPor isso, os nossos t\u00e9cnicos tratam de tudo: instala\u00e7\u00e3o, manuten\u00e7\u00e3o e afina\u00e7\u00f5es de cada aparelho. Assim, conseguimos o equil\u00edbrio perfeito na intensidade da fragr\u00e2ncia.&#8221; font_container=&#8221;tag:p|font_size:22px|text_align:center|line_height:36px&#8221; google_fonts=&#8221;font_family:Lato%3A100%2C100italic%2C300%2C300italic%2Cregular%2Citalic%2C700%2C700italic%2C900%2C900italic|font_style:300%20light%20regular%3A300%3Anormal&#8221;][\/vc_column][vc_column width=&#8221;1\/4&#8243;][\/vc_column][\/vc_row][vc_row background_color=&#8221;#f9f9f9&#8243;][vc_column][vc_row_inner][vc_column_inner width=&#8221;1\/3&#8243;][wyde_icon_block icon_set=&#8221;simple_line&#8221; size=&#8221;large&#8221; style=&#8221;none&#8221; icon_simple_line=&#8221;sl-envelope&#8221; color=&#8221;#3b6299&#8243;][wyde_heading text_align=&#8221;left&#8221; title=&#8221;Contato&#8221;][vc_column_text css=&#8221;.vc_custom_1769534449411{padding-top: 20px !important;}&#8221;]Por e-mail ou telefone.<\/p>\n<p>Um dos nossos comerciais visitar\u00e1 a sua empresa para conhecer o ambiente a aromatizar e os valores que pretende transmitir atrav\u00e9s da fragr\u00e2ncia.<\/p>\n<p>Apresentar\u00e1 a nossa vasta sele\u00e7\u00e3o de aromas, realizar\u00e1 uma degusta\u00e7\u00e3o de fragr\u00e2ncias no local e tamb\u00e9m oferecer\u00e1 a op\u00e7\u00e3o de criar uma fragr\u00e2ncia exclusiva e personalizada (Logotipo Olfativo).[\/vc_column_text][\/vc_column_inner][vc_column_inner width=&#8221;1\/3&#8243;][wyde_icon_block icon_set=&#8221;simple_line&#8221; size=&#8221;large&#8221; style=&#8221;none&#8221; icon_simple_line=&#8221;sl-chemistry&#8221; color=&#8221;#3b6299&#8243;][wyde_heading text_align=&#8221;left&#8221; title=&#8221;Prova&#8221;][vc_column_text css=&#8221;.vc_custom_1769534470732{padding-top: 20px !important;}&#8221;]Pode solicitar uma amostra gr\u00e1tis de qualquer uma das nossas fragr\u00e2ncias para experimentar durante uma semana, sem compromisso.[\/vc_column_text][\/vc_column_inner][vc_column_inner width=&#8221;1\/3&#8243;][wyde_icon_block icon_set=&#8221;simple_line&#8221; size=&#8221;large&#8221; style=&#8221;none&#8221; icon_simple_line=&#8221;sl-note&#8221; color=&#8221;#3b6299&#8243;][wyde_heading text_align=&#8221;left&#8221; title=&#8221;Contratar&#8221;][vc_column_text css=&#8221;.vc_custom_1769534481888{padding-top: 20px !important;}&#8221;]Convencido(a)? Se gostar, contrate-nos! N\u00f3s tratamos de tudo.<\/p>\n<p>Deixaremos os equipamentos em regime de consigna\u00e7\u00e3o para que n\u00e3o tenha de os comprar, e um t\u00e9cnico da Bluenatur far\u00e1 visitas regulares para garantir o perfeito funcionamento e que nunca fique sem fragr\u00e2ncia.<\/p>\n<p>Paga apenas uma pequena mensalidade que inclui: instala\u00e7\u00e3o dos equipamentos, equipamentos, fragr\u00e2ncias utilizadas e revis\u00f5es mensais.<\/p>\n<p>Adaptamo-nos a todos os espa\u00e7os e necessidades. Solicite um or\u00e7amento gratuito.[\/vc_column_text][\/vc_column_inner][\/vc_row_inner][\/vc_column][\/vc_row][vc_row row_style=&#8221;full-width&#8221; equal_height=&#8221;true&#8221; vertical_align=&#8221;middle&#8221; padding_size=&#8221;no-padding&#8221; background_color=&#8221;#2f496a&#8221;][vc_column text_align=&#8221;center&#8221; padding_size=&#8221;l-padding&#8221; width=&#8221;1\/2&#8243;][vc_empty_space height=&#8221;20px&#8221;][vc_custom_heading text=&#8221;Que espa\u00e7o pretende perfumar?&#8221; font_container=&#8221;tag:h2|text_align:center|color:%23ffffff&#8221; google_fonts=&#8221;font_family:Playfair%20Display%3Aregular%2Citalic%2C700%2C700italic%2C900%2C900italic|font_style:700%20bold%20regular%3A700%3Anormal&#8221;][wyde_separator text_align=&#8221;center&#8221; color=&#8221;#ffffff&#8221;][vc_column_text]<span style=\"color: #ffffff;\">Os nossos profissionais ir\u00e3o visit\u00e1-lo e aconselh\u00e1-lo, sem qualquer compromisso, para encontrar a fragr\u00e2ncia perfeita para a sua empresa.<\/span>[\/vc_column_text][vc_empty_space height=&#8221;40px&#8221;][wyde_link_button icon_set=&#8221;simple_line&#8221; style=&#8221;outline&#8221; size=&#8221;large&#8221; icon_simple_line=&#8221;sl-mouse&#8221; title=&#8221;Contate-nos&#8221; link=&#8221;url:http%3A%2F%2Fwww.bluenatur.com%2Fpt%2Fcontacto%2F&#8221; color=&#8221;#ffffff&#8221; hover_color=&#8221;#000000&#8243;][vc_empty_space height=&#8221;20px&#8221;][\/vc_column][vc_column padding_size=&#8221;no-padding&#8221; background_style=&#8221;cover&#8221; background_position=&#8221;right top&#8221; width=&#8221;1\/2&#8243; bg_image_url=&#8221;http:\/\/santaelisabet.com\/1sites\/ambinatur\/wp-content\/uploads\/2016\/06\/atencionalclienteambinatur-150&#215;150.jpg&#8221; background_image=&#8221;6638&#8243;][vc_empty_space height=&#8221;400px&#8221;][\/vc_column][\/vc_row][vc_row][vc_column][wyde_clients_carousel image_size=&#8221;full&#8221; visible_items=&#8221;5&#8243; show_pagination=&#8221;true&#8221; auto_play=&#8221;true&#8221; images=&#8221;9830,9829,9828,9827,9826,9825,9824,9823,9822,9821,9820,9819,9818,9817,9816&#8243;][vc_empty_space height=&#8221;40px&#8221;][\/vc_column][\/vc_row][vc_row][vc_column][vc_column_text]<\/p>\n<p>[\/vc_column_text][\/vc_column][\/vc_row]<\/p>\n<\/div>","protected":false},"excerpt":{"rendered":"<p>[vc_row css=&#8221;.vc_custom_1473356174303{padding-top: 40px !important;}&#8221;][vc_column width=&#8221;1\/4&#8243;][\/vc_column][vc_column width=&#8221;1\/2&#8243;][vc_custom_heading text=&#8221;A prioridade da Bluenatur \u00e9 oferecer o melhor servi\u00e7o t\u00e9cnico a cada cliente. Por isso, os nossos t\u00e9cnicos tratam de tudo: instala\u00e7\u00e3o, manuten\u00e7\u00e3o e afina\u00e7\u00f5es de cada aparelho. Assim, conseguimos o equil\u00edbrio perfeito na intensidade da fragr\u00e2ncia.&#8221; font_container=&#8221;tag:p|font_size:22px|text_align:center|line_height:36px&#8221; google_fonts=&#8221;font_family:Lato%3A100%2C100italic%2C300%2C300italic%2Cregular%2Citalic%2C700%2C700italic%2C900%2C900italic|font_style:300%20light%20regular%3A300%3Anormal&#8221;][\/vc_column][vc_column width=&#8221;1\/4&#8243;][\/vc_column][\/vc_row][vc_row background_color=&#8221;#f9f9f9&#8243;][vc_column][vc_row_inner][vc_column_inner width=&#8221;1\/3&#8243;][wyde_icon_block icon_set=&#8221;simple_line&#8221; size=&#8221;large&#8221; style=&#8221;none&#8221; icon_simple_line=&#8221;sl-envelope&#8221; color=&#8221;#3b6299&#8243;][wyde_heading text_align=&#8221;left&#8221; title=&#8221;Contato&#8221;][vc_column_text [&hellip;]<\/p>\n","protected":false},"author":1,"featured_media":0,"parent":0,"menu_order":0,"comment_status":"closed","ping_status":"closed","template":"","meta":{"footnotes":""},"class_list":["post-7631","page","type-page","status-publish","hentry"],"yoast_head":"<!-- This site is optimized with the Yoast SEO plugin v26.9 - https:\/\/yoast.com\/product\/yoast-seo-wordpress\/ -->\n<title>Aromatiza\u00e7\u00e3o Profissional para Empresas | Bluenatur<\/title>\n<meta name=\"description\" content=\"Empresa especializada em marketing olfativo, aromatiza\u00e7\u00e3o e elimina\u00e7\u00e3o de odores. Solu\u00e7\u00f5es personalizadas para empresas em Portugal e Espanha\" \/>\n<meta name=\"robots\" content=\"index, follow, max-snippet:-1, max-image-preview:large, max-video-preview:-1\" \/>\n<link rel=\"canonical\" href=\"https:\/\/bluenatur.com\/pt\/como-nos-ponemos-en-marcha\/\" \/>\n<meta property=\"og:locale\" content=\"pt_PT\" \/>\n<meta property=\"og:type\" content=\"article\" \/>\n<meta property=\"og:title\" content=\"Aromatiza\u00e7\u00e3o Profissional para Empresas | Bluenatur\" \/>\n<meta property=\"og:description\" content=\"Empresa especializada em marketing olfativo, aromatiza\u00e7\u00e3o e elimina\u00e7\u00e3o de odores. Solu\u00e7\u00f5es personalizadas para empresas em Portugal e Espanha\" \/>\n<meta property=\"og:url\" content=\"https:\/\/bluenatur.com\/pt\/como-nos-ponemos-en-marcha\/\" \/>\n<meta property=\"og:site_name\" content=\"Bluenatur \u00b7 Frag\u00e2ncia que despertam emo\u00e7\u00f5es\" \/>\n<meta property=\"article:modified_time\" content=\"2026-02-16T08:15:16+00:00\" \/>\n<meta name=\"twitter:card\" content=\"summary_large_image\" \/>\n<meta name=\"twitter:label1\" content=\"Tempo estimado de leitura\" \/>\n\t<meta name=\"twitter:data1\" content=\"2 minutos\" \/>\n<script type=\"application\/ld+json\" class=\"yoast-schema-graph\">{\"@context\":\"https:\/\/schema.org\",\"@graph\":[{\"@type\":\"WebPage\",\"@id\":\"https:\/\/bluenatur.com\/pt\/como-nos-ponemos-en-marcha\/\",\"url\":\"https:\/\/bluenatur.com\/pt\/como-nos-ponemos-en-marcha\/\",\"name\":\"Aromatiza\u00e7\u00e3o Profissional para Empresas | Bluenatur\",\"isPartOf\":{\"@id\":\"https:\/\/bluenatur.com\/pt\/#website\"},\"datePublished\":\"2018-01-23T11:11:47+00:00\",\"dateModified\":\"2026-02-16T08:15:16+00:00\",\"description\":\"Empresa especializada em marketing olfativo, aromatiza\u00e7\u00e3o e elimina\u00e7\u00e3o de odores. Solu\u00e7\u00f5es personalizadas para empresas em Portugal e Espanha\",\"breadcrumb\":{\"@id\":\"https:\/\/bluenatur.com\/pt\/como-nos-ponemos-en-marcha\/#breadcrumb\"},\"inLanguage\":\"pt-PT\",\"potentialAction\":[{\"@type\":\"ReadAction\",\"target\":[\"https:\/\/bluenatur.com\/pt\/como-nos-ponemos-en-marcha\/\"]}]},{\"@type\":\"BreadcrumbList\",\"@id\":\"https:\/\/bluenatur.com\/pt\/como-nos-ponemos-en-marcha\/#breadcrumb\",\"itemListElement\":[{\"@type\":\"ListItem\",\"position\":1,\"name\":\"In\u00edcio\",\"item\":\"https:\/\/bluenatur.com\/pt\/\"},{\"@type\":\"ListItem\",\"position\":2,\"name\":\"Como podemos come\u00e7ar?\"}]},{\"@type\":\"WebSite\",\"@id\":\"https:\/\/bluenatur.com\/pt\/#website\",\"url\":\"https:\/\/bluenatur.com\/pt\/\",\"name\":\"Bluenatur \u00b7 Frag\u00e2ncia que despertam emo\u00e7\u00f5es\",\"description\":\"Uma simple frag\u00e2ncia pode transportar-nos para lugares escondidos na nossa mem\u00f3ria.\",\"publisher\":{\"@id\":\"https:\/\/bluenatur.com\/pt\/#organization\"},\"potentialAction\":[{\"@type\":\"SearchAction\",\"target\":{\"@type\":\"EntryPoint\",\"urlTemplate\":\"https:\/\/bluenatur.com\/pt\/?s={search_term_string}\"},\"query-input\":{\"@type\":\"PropertyValueSpecification\",\"valueRequired\":true,\"valueName\":\"search_term_string\"}}],\"inLanguage\":\"pt-PT\"},{\"@type\":\"Organization\",\"@id\":\"https:\/\/bluenatur.com\/pt\/#organization\",\"name\":\"Bluenatur \u00b7 Frag\u00e2ncia que despertam emo\u00e7\u00f5es\",\"url\":\"https:\/\/bluenatur.com\/pt\/\",\"logo\":{\"@type\":\"ImageObject\",\"inLanguage\":\"pt-PT\",\"@id\":\"https:\/\/bluenatur.com\/pt\/#\/schema\/logo\/image\/\",\"url\":\"https:\/\/bluenatur.com\/pt\/wp-content\/uploads\/2026\/01\/logo_img-1.jpg\",\"contentUrl\":\"https:\/\/bluenatur.com\/pt\/wp-content\/uploads\/2026\/01\/logo_img-1.jpg\",\"width\":1200,\"height\":800,\"caption\":\"Bluenatur \u00b7 Frag\u00e2ncia que despertam emo\u00e7\u00f5es\"},\"image\":{\"@id\":\"https:\/\/bluenatur.com\/pt\/#\/schema\/logo\/image\/\"}}]}<\/script>\n<!-- \/ Yoast SEO plugin. -->","yoast_head_json":{"title":"Aromatiza\u00e7\u00e3o Profissional para Empresas | Bluenatur","description":"Empresa especializada em marketing olfativo, aromatiza\u00e7\u00e3o e elimina\u00e7\u00e3o de odores. Solu\u00e7\u00f5es personalizadas para empresas em Portugal e Espanha","robots":{"index":"index","follow":"follow","max-snippet":"max-snippet:-1","max-image-preview":"max-image-preview:large","max-video-preview":"max-video-preview:-1"},"canonical":"https:\/\/bluenatur.com\/pt\/como-nos-ponemos-en-marcha\/","og_locale":"pt_PT","og_type":"article","og_title":"Aromatiza\u00e7\u00e3o Profissional para Empresas | Bluenatur","og_description":"Empresa especializada em marketing olfativo, aromatiza\u00e7\u00e3o e elimina\u00e7\u00e3o de odores. Solu\u00e7\u00f5es personalizadas para empresas em Portugal e Espanha","og_url":"https:\/\/bluenatur.com\/pt\/como-nos-ponemos-en-marcha\/","og_site_name":"Bluenatur \u00b7 Frag\u00e2ncia que despertam emo\u00e7\u00f5es","article_modified_time":"2026-02-16T08:15:16+00:00","twitter_card":"summary_large_image","twitter_misc":{"Tempo estimado de leitura":"2 minutos"},"schema":{"@context":"https:\/\/schema.org","@graph":[{"@type":"WebPage","@id":"https:\/\/bluenatur.com\/pt\/como-nos-ponemos-en-marcha\/","url":"https:\/\/bluenatur.com\/pt\/como-nos-ponemos-en-marcha\/","name":"Aromatiza\u00e7\u00e3o Profissional para Empresas | Bluenatur","isPartOf":{"@id":"https:\/\/bluenatur.com\/pt\/#website"},"datePublished":"2018-01-23T11:11:47+00:00","dateModified":"2026-02-16T08:15:16+00:00","description":"Empresa especializada em marketing olfativo, aromatiza\u00e7\u00e3o e elimina\u00e7\u00e3o de odores. Solu\u00e7\u00f5es personalizadas para empresas em Portugal e Espanha","breadcrumb":{"@id":"https:\/\/bluenatur.com\/pt\/como-nos-ponemos-en-marcha\/#breadcrumb"},"inLanguage":"pt-PT","potentialAction":[{"@type":"ReadAction","target":["https:\/\/bluenatur.com\/pt\/como-nos-ponemos-en-marcha\/"]}]},{"@type":"BreadcrumbList","@id":"https:\/\/bluenatur.com\/pt\/como-nos-ponemos-en-marcha\/#breadcrumb","itemListElement":[{"@type":"ListItem","position":1,"name":"In\u00edcio","item":"https:\/\/bluenatur.com\/pt\/"},{"@type":"ListItem","position":2,"name":"Como podemos come\u00e7ar?"}]},{"@type":"WebSite","@id":"https:\/\/bluenatur.com\/pt\/#website","url":"https:\/\/bluenatur.com\/pt\/","name":"Bluenatur \u00b7 Frag\u00e2ncia que despertam emo\u00e7\u00f5es","description":"Uma simple frag\u00e2ncia pode transportar-nos para lugares escondidos na nossa mem\u00f3ria.","publisher":{"@id":"https:\/\/bluenatur.com\/pt\/#organization"},"potentialAction":[{"@type":"SearchAction","target":{"@type":"EntryPoint","urlTemplate":"https:\/\/bluenatur.com\/pt\/?s={search_term_string}"},"query-input":{"@type":"PropertyValueSpecification","valueRequired":true,"valueName":"search_term_string"}}],"inLanguage":"pt-PT"},{"@type":"Organization","@id":"https:\/\/bluenatur.com\/pt\/#organization","name":"Bluenatur \u00b7 Frag\u00e2ncia que despertam emo\u00e7\u00f5es","url":"https:\/\/bluenatur.com\/pt\/","logo":{"@type":"ImageObject","inLanguage":"pt-PT","@id":"https:\/\/bluenatur.com\/pt\/#\/schema\/logo\/image\/","url":"https:\/\/bluenatur.com\/pt\/wp-content\/uploads\/2026\/01\/logo_img-1.jpg","contentUrl":"https:\/\/bluenatur.com\/pt\/wp-content\/uploads\/2026\/01\/logo_img-1.jpg","width":1200,"height":800,"caption":"Bluenatur \u00b7 Frag\u00e2ncia que despertam emo\u00e7\u00f5es"},"image":{"@id":"https:\/\/bluenatur.com\/pt\/#\/schema\/logo\/image\/"}}]}},"_links":{"self":[{"href":"https:\/\/bluenatur.com\/pt\/wp-json\/wp\/v2\/pages\/7631","targetHints":{"allow":["GET"]}}],"collection":[{"href":"https:\/\/bluenatur.com\/pt\/wp-json\/wp\/v2\/pages"}],"about":[{"href":"https:\/\/bluenatur.com\/pt\/wp-json\/wp\/v2\/types\/page"}],"author":[{"embeddable":true,"href":"https:\/\/bluenatur.com\/pt\/wp-json\/wp\/v2\/users\/1"}],"replies":[{"embeddable":true,"href":"https:\/\/bluenatur.com\/pt\/wp-json\/wp\/v2\/comments?post=7631"}],"version-history":[{"count":6,"href":"https:\/\/bluenatur.com\/pt\/wp-json\/wp\/v2\/pages\/7631\/revisions"}],"predecessor-version":[{"id":9903,"href":"https:\/\/bluenatur.com\/pt\/wp-json\/wp\/v2\/pages\/7631\/revisions\/9903"}],"wp:attachment":[{"href":"https:\/\/bluenatur.com\/pt\/wp-json\/wp\/v2\/media?parent=7631"}],"curies":[{"name":"wp","href":"https:\/\/api.w.org\/{rel}","templated":true}]}}