{"id":7348,"date":"2017-09-20T09:02:13","date_gmt":"2017-09-20T09:02:13","guid":{"rendered":"http:\/\/www.bluenatur.com\/ca\/avisolegal\/"},"modified":"2026-02-26T12:35:31","modified_gmt":"2026-02-26T12:35:31","slug":"politica-de-privacidade-de-redes-sociais","status":"publish","type":"page","link":"https:\/\/bluenatur.com\/pt\/politica-de-privacidade-de-redes-sociais\/","title":{"rendered":"Pol\u00edtica de Privacidade"},"content":{"rendered":"<div class=\"wpb-content-wrapper\"><p>[vc_row][vc_column][vc_empty_space height=&#8221;40px&#8221;][wyde_heading style=&#8221;2&#8243; title=&#8221;Pol\u00edtica de Privacidade&#8221; subheading=&#8221;BLUENATUR&#8221;][vc_empty_space height=&#8221;40px&#8221;][vc_column_text]Em conformidade com a legisla\u00e7\u00e3o em vigor, https:\/\/www.bluenatur.com\/ (doravante, igualmente \u201cS\u00edtio Web\u201d) compromete-se a adotar as medidas t\u00e9cnicas e organizativas necess\u00e1rias, de acordo com o n\u00edvel de seguran\u00e7a adequado ao risco dos dados recolhidos..<\/p>\n<p><strong>Leis incorporadas nesta pol\u00edtica de privacidade<\/strong><\/p>\n<ul>\n<li>A presente pol\u00edtica de privacidade est\u00e1 adaptada \u00e0 legisla\u00e7\u00e3o espanhola e europeia vigente em mat\u00e9ria de prote\u00e7\u00e3o de dados pessoais na internet. Em particular, respeita as seguintes normas:<\/li>\n<li>O Regulamento (UE) 2016\/679 do Parlamento Europeu e do Conselho, de 27 de abril de 2016, relativo \u00e0 prote\u00e7\u00e3o das pessoas singulares no que diz respeito ao tratamento de dados pessoais e \u00e0 livre circula\u00e7\u00e3o desses dados (RGPD).<\/li>\n<li>O Real Decreto 1720\/2007, de 21 de dezembro, que aprova o regulamento de desenvolvimento da Lei Org\u00e2nica 15\/1999, de 13 de dezembro, de Prote\u00e7\u00e3o de Dados de Car\u00e1ter Pessoal (RDLOPD).<\/li>\n<li>A Ley 34\/2002, de 11 de julho, de Servi\u00e7os da Sociedade da Informa\u00e7\u00e3o e do Com\u00e9rcio Eletr\u00f3nico (LSSI-CE).<\/li>\n<li>A Ley Org\u00e1nica 3\/2018, de 5 de dezembro (LOPDGDD).).<\/li>\n<\/ul>\n<p><strong>Identidade do respons\u00e1vel pelo tratamento dos dados pessoais<\/strong><\/p>\n<p>O respons\u00e1vel pelo tratamento dos dados pessoais recolhidos em <a href=\"https:\/\/www.bluenatur.com\/\">https:\/\/www.bluenatur.com\/<\/a>\u00a0 \u00e9 BLUENATUR &amp; SH FACILITY SERVICES S.L, com NIF: B66665159 (doravante, \u201cRespons\u00e1vel pelo tratamento\u201d).<\/p>\n<p>Dados de contacto:<\/p>\n<p>Endere\u00e7o: CALLE ESLA, N.\u00ba 22, NAVE 11 (Pol. Ind. Santa Margarida I), Terrassa, 08223, Barcelona.<\/p>\n<p>Email de contacto: <a href=\"mailto:bluenatur@bluenatur.com\">bluenatur@bluenatur.com <\/a>Telefone: 938682862<\/p>\n<p><strong>Princ\u00edpios aplic\u00e1veis ao tratamento dos dados pessoais<\/strong><\/p>\n<p>O tratamento dos dados pessoais do Utilizador estar\u00e1 sujeito aos seguintes princ\u00edpios previstos no artigo 5.\u00ba do RGPD:<\/p>\n<ul>\n<li>Princ\u00edpio da licitude, lealdade e transpar\u00eancia: ser\u00e1 exigido, em todo o momento, o consentimento do Utilizador ap\u00f3s informa\u00e7\u00e3o totalmente transparente sobre as finalidades para as quais os dados pessoais s\u00e3o recolhidos.<\/li>\n<li>Princ\u00edpio da limita\u00e7\u00e3o das finalidades: os dados pessoais ser\u00e3o recolhidos para finalidades determinadas, expl\u00edcitas e leg\u00edtimas.<\/li>\n<li>Princ\u00edpio da minimiza\u00e7\u00e3o dos dados: os dados pessoais recolhidos ser\u00e3o apenas os estritamente necess\u00e1rios em rela\u00e7\u00e3o \u00e0s finalidades para as quais s\u00e3o tratados.<\/li>\n<li>Princ\u00edpio da exatid\u00e3o: os dados pessoais devem ser exatos e estar sempre atualizados.<\/li>\n<li>Princ\u00edpio da limita\u00e7\u00e3o do prazo de conserva\u00e7\u00e3o: os dados pessoais ser\u00e3o conservados de forma que permita a identifica\u00e7\u00e3o do Utilizador apenas durante o tempo necess\u00e1rio para as finalidades do tratamento.<\/li>\n<li>Princ\u00edpio da integridade e confidencialidade: os dados pessoais ser\u00e3o tratados de forma a garantir a sua seguran\u00e7a e confidencialidade.<\/li>\n<li>Princ\u00edpio da responsabilidade proativa: o Respons\u00e1vel pelo tratamento ser\u00e1 respons\u00e1vel por assegurar o cumprimento dos princ\u00edpios anteriores..<\/li>\n<\/ul>\n<p><strong>\u00a0<\/strong><\/p>\n<p><strong>Categorias de dados pessoais<\/strong><\/p>\n<p>As categorias de dados tratadas em https:\/\/www.bluenatur.com\/ s\u00e3o exclusivamente dados identificativos. Em nenhum caso s\u00e3o tratadas categorias especiais de dados pessoais nos termos do artigo 9.\u00ba do RGPD.<\/p>\n<p><strong>Base legal para o tratamento dos dados pessoais<\/strong><\/p>\n<p>A base legal para o tratamento dos dados pessoais \u00e9 o consentimento. https:\/\/www.bluenatur.com\/ compromete-se a obter o consentimento expresso e verific\u00e1vel do Utilizador para o tratamento dos seus dados pessoais para uma ou mais finalidades espec\u00edficas.<\/p>\n<p>O Utilizador ter\u00e1 o direito de retirar o seu consentimento a qualquer momento. Ser\u00e1 t\u00e3o f\u00e1cil retirar o consentimento quanto conced\u00ea-lo. Como regra geral, a retirada do consentimento n\u00e3o condicionar\u00e1 a utiliza\u00e7\u00e3o do S\u00edtio Web.<\/p>\n<p>Sempre que o Utilizador deva ou possa fornecer os seus dados atrav\u00e9s de formul\u00e1rios para realizar consultas, solicitar informa\u00e7\u00f5es ou por motivos relacionados com o conte\u00fado do S\u00edtio Web, ser\u00e1 informado caso o preenchimento de algum deles seja obrigat\u00f3rio por serem imprescind\u00edveis para o correto desenvolvimento da opera\u00e7\u00e3o realizada.<\/p>\n<p><strong>Finalidades do tratamento dos dados pessoais<\/strong><\/p>\n<p>Os dados pessoais s\u00e3o recolhidos e geridos por https:\/\/www.bluenatur.com\/ com a finalidade de facilitar, agilizar e cumprir os compromissos estabelecidos entre o S\u00edtio Web e o Utilizador, ou para a manuten\u00e7\u00e3o da rela\u00e7\u00e3o estabelecida nos formul\u00e1rios que este preencha, ou ainda para responder a um pedido ou consulta.<\/p>\n<p>Os dados poder\u00e3o igualmente ser utilizados para fins comerciais de personaliza\u00e7\u00e3o, operacionais e estat\u00edsticos, bem como para atividades pr\u00f3prias do objeto social de https:\/\/www.bluenatur.com\/, incluindo a extra\u00e7\u00e3o e armazenamento de dados e estudos de marketing para adaptar o Conte\u00fado oferecido ao Utilizador, bem como melhorar a qualidade, funcionamento e navega\u00e7\u00e3o do S\u00edtio Web.<\/p>\n<p>No momento da recolha dos dados pessoais, o Utilizador ser\u00e1 informado sobre a(s) finalidade(s) espec\u00edfica(s) do tratamento, ou seja, sobre o uso ou usos que ser\u00e3o dados \u00e0s informa\u00e7\u00f5es recolhidas.<\/p>\n<p><strong>Per\u00edodos de conserva\u00e7\u00e3o dos dados pessoais<\/strong><\/p>\n<p>Os dados pessoais ser\u00e3o conservados apenas durante o tempo m\u00ednimo necess\u00e1rio para as finalidades do seu tratamento e, em qualquer caso, apenas durante o seguinte per\u00edodo: o tempo necess\u00e1rio para cumprir as atividades contratadas ou at\u00e9 que o Utilizador solicite a sua elimina\u00e7\u00e3o.<\/p>\n<p>No momento da recolha dos dados pessoais, o Utilizador ser\u00e1 informado sobre o prazo de conserva\u00e7\u00e3o ou, quando tal n\u00e3o seja poss\u00edvel, sobre os crit\u00e9rios utilizados para determinar esse prazo.<\/p>\n<p><strong>Destinat\u00e1rios dos dados pessoais<\/strong><\/p>\n<p>Os dados pessoais do Utilizador n\u00e3o ser\u00e3o partilhados com terceiros.<\/p>\n<p>Em qualquer caso, no momento da recolha dos dados pessoais, o Utilizador ser\u00e1 informado sobre os destinat\u00e1rios ou categorias de destinat\u00e1rios dos dados pessoais..<\/p>\n<p><strong>Dados pessoais de menores de idade<\/strong><\/p>\n<p>Em conformidade com o artigo 8.\u00ba do RGPD e o artigo 13.\u00ba do RDLOPD, apenas maiores de 14 anos poder\u00e3o prestar consentimento v\u00e1lido para o tratamento dos seus dados pessoais por https:\/\/www.bluenatur.com\/. Caso se trate de menor de 14 anos, ser\u00e1 necess\u00e1rio o consentimento dos pais ou tutores, e o tratamento s\u00f3 ser\u00e1 considerado l\u00edcito na medida em que estes o tenham autorizado.<\/p>\n<p><strong>Sigilo e seguran\u00e7a dos dados pessoais<\/strong><\/p>\n<p>https:\/\/www.bluenatur.com\/ compromete-se a adotar as medidas t\u00e9cnicas e organizativas necess\u00e1rias, de acordo com o n\u00edvel de seguran\u00e7a adequado ao risco dos dados recolhidos, garantindo a seguran\u00e7a dos dados pessoais e evitando a sua destrui\u00e7\u00e3o, perda ou altera\u00e7\u00e3o acidental ou il\u00edcita, bem como a comunica\u00e7\u00e3o ou acesso n\u00e3o autorizados.<\/p>\n<p>O S\u00edtio Web disp\u00f5e de um certificado SSL (Secure Socket Layer), que assegura que os dados pessoais s\u00e3o transmitidos de forma segura e confidencial, sendo a transmiss\u00e3o entre o servidor e o Utilizador totalmente cifrada.<\/p>\n<p>Contudo, dado que https:\/\/www.bluenatur.com\/ n\u00e3o pode garantir a inviolabilidade absoluta da internet nem a inexist\u00eancia de hackers ou outros que acedam fraudulentamente aos dados pessoais, o Respons\u00e1vel pelo tratamento compromete-se a comunicar ao Utilizador, sem demora injustificada, qualquer viola\u00e7\u00e3o de seguran\u00e7a dos dados pessoais que seja suscet\u00edvel de implicar um elevado risco para os direitos e liberdades das pessoas singulares.<\/p>\n<p>Os dados pessoais ser\u00e3o tratados como confidenciais pelo Respons\u00e1vel pelo tratamento, que se compromete a informar e garantir, por obriga\u00e7\u00e3o legal ou contratual, que essa confidencialidade seja respeitada pelos seus colaboradores, associados e qualquer pessoa a quem torne acess\u00edvel a informa\u00e7\u00e3o.<\/p>\n<p><strong>Direitos decorrentes do tratamento dos dados pessoais<\/strong><\/p>\n<p>O Utilizador poder\u00e1 exercer, junto de https:\/\/www.bluenatur.com\/, os seguintes direitos reconhecidos no RGPD:<\/p>\n<ul>\n<li><em>Direito de acesso: \u00c9 o direito do Utilizador de obter confirma\u00e7\u00e3o sobre se https:\/\/www.bluenatur.com\/ est\u00e1 ou n\u00e3o a tratar os seus dados pessoais e, em caso afirmativo, obter informa\u00e7\u00e3o sobre os seus dados pessoais concretos e sobre o tratamento que https:\/\/www.bluenatur.com\/ tenha realizado ou esteja a realizar, bem como, entre outros aspetos, sobre a origem desses dados e os destinat\u00e1rios das comunica\u00e7\u00f5es efetuadas ou previstas<\/em>.<\/li>\n<li><strong><em>Direito de retifica\u00e7\u00e3o:<\/em><\/strong><em> \u00c9 o direito do Utilizador de obter a modifica\u00e7\u00e3o dos seus dados pessoais que se revelem inexatos ou, tendo em conta as finalidades do tratamento, incompletos<\/em><em>.<\/em><\/li>\n<li>Direito ao apagamento (\u201cdireito ao esquecimento\u201d): \u00c9 o direito do Utilizador, sempre que a legisla\u00e7\u00e3o em vigor n\u00e3o estabele\u00e7a o contr\u00e1rio, de obter a elimina\u00e7\u00e3o dos seus dados pessoais quando estes j\u00e1 n\u00e3o sejam necess\u00e1rios para as finalidades para as quais foram recolhidos ou tratados; quando o Utilizador tenha retirado o seu consentimento e n\u00e3o exista outra base legal para o tratamento; quando o Utilizador se oponha ao tratamento e n\u00e3o existam motivos leg\u00edtimos prevalecentes; quando os dados pessoais tenham sido tratados ilicitamente; quando devam ser eliminados para cumprimento de uma obriga\u00e7\u00e3o legal; ou quando tenham sido obtidos no \u00e2mbito de uma oferta direta de servi\u00e7os da sociedade da informa\u00e7\u00e3o a menor de 14 anos.<\/li>\n<\/ul>\n<p>Al\u00e9m de proceder ao apagamento dos dados, o Respons\u00e1vel pelo tratamento, tendo em conta a tecnologia dispon\u00edvel e o custo da sua aplica\u00e7\u00e3o, dever\u00e1 adotar medidas razo\u00e1veis para informar os respons\u00e1veis que estejam a tratar os dados pessoais do pedido do interessado de elimina\u00e7\u00e3o de qualquer liga\u00e7\u00e3o a esses dados.<\/p>\n<ul>\n<li><strong>Direito \u00e0 limita\u00e7\u00e3o do tratamento:<\/strong> \u00c9 o direito do Utilizador de limitar o tratamento dos seus dados pessoais. O Utilizador tem direito a obter a limita\u00e7\u00e3o do tratamento quando conteste a exatid\u00e3o dos seus dados pessoais; quando o tratamento seja il\u00edcito; quando o Respons\u00e1vel pelo tratamento j\u00e1 n\u00e3o necessite dos dados, mas o Utilizador deles necessite para efeitos de declara\u00e7\u00e3o, exerc\u00edcio ou defesa de um direito num processo judicial; ou quando o Utilizador se tenha oposto ao tratamento.<\/li>\n<li><strong>Direito \u00e0 portabilidade dos dados:<\/strong> Caso o tratamento seja efetuado por meios automatizados, o Utilizador ter\u00e1 o direito de receber do Respons\u00e1vel pelo tratamento os seus dados pessoais num formato estruturado, de uso comum e de leitura autom\u00e1tica, e de transmiti-los a outro respons\u00e1vel pelo tratamento. Sempre que tecnicamente poss\u00edvel, o Respons\u00e1vel pelo tratamento transmitir\u00e1 diretamente os dados a esse outro respons\u00e1vel.<\/li>\n<li><strong>Direito de oposi\u00e7\u00e3o:<\/strong> \u00c9 o direito do Utilizador de se opor ao tratamento dos seus dados pessoais ou de exigir a cessa\u00e7\u00e3o do tratamento por parte de <a href=\"https:\/\/www.bluenatur.com\/\">https:\/\/www.bluenatur.com\/<\/a> .<\/li>\n<li><strong>Direito a n\u00e3o ficar sujeito a decis\u00f5es baseadas exclusivamente em tratamento automatizado, incluindo defini\u00e7\u00e3o de perfis:<\/strong> \u00c9 o direito do Utilizador de n\u00e3o ficar sujeito a uma decis\u00e3o individual baseada exclusivamente no tratamento automatizado dos seus dados pessoais, incluindo a defini\u00e7\u00e3o de perfis, salvo disposi\u00e7\u00e3o legal em contr\u00e1rio.<\/li>\n<\/ul>\n<p>Assim, o Utilizador poder\u00e1 exercer os seus direitos mediante comunica\u00e7\u00e3o escrita dirigida ao Respons\u00e1vel pelo tratamento com a refer\u00eancia \u201cRGPD &#8211; https:\/\/www.bluenatur.com\/\u201d, especificando:<\/p>\n<ul>\n<li>Nome e apelidos do Utilizador e c\u00f3pia do documento de identifica\u00e7\u00e3o. Nos casos em que seja admitida representa\u00e7\u00e3o, ser\u00e1 igualmente necess\u00e1ria a identifica\u00e7\u00e3o, pelo mesmo meio, da pessoa que representa o Utilizador, bem como o documento comprovativo da representa\u00e7\u00e3o. A fotoc\u00f3pia do documento de identifica\u00e7\u00e3o poder\u00e1 ser substitu\u00edda por qualquer outro meio v\u00e1lido em direito que comprove a identidade.<\/li>\n<li>Pedido com os motivos espec\u00edficos da solicita\u00e7\u00e3o ou da informa\u00e7\u00e3o a que se pretende aceder.<\/li>\n<li>Endere\u00e7o para efeitos de notifica\u00e7\u00f5es.<\/li>\n<li>Data e assinatura do requerente.<\/li>\n<li>Qualquer documento que comprove o pedido formulado.<\/li>\n<\/ul>\n<p>O pedido poder\u00e1 ser enviado para o seguinte endere\u00e7o de correio eletr\u00f3nico:<\/p>\n<p>Email: bluenatur@bluenatur.com<\/p>\n<p><strong>Reclama\u00e7\u00f5es junto da autoridade de controlo<\/strong><\/p>\n<p>Caso o Utilizador considere que existe uma infra\u00e7\u00e3o \u00e0 legisla\u00e7\u00e3o vigente na forma como os seus dados pessoais est\u00e3o a ser tratados, ter\u00e1 direito \u00e0 tutela jurisdicional efetiva e a apresentar reclama\u00e7\u00e3o junto de uma autoridade de controlo, em especial no Estado da sua resid\u00eancia habitual, local de trabalho ou local da alegada infra\u00e7\u00e3o.<\/p>\n<p>Em Espanha, a autoridade de controlo \u00e9 a Agencia Espa\u00f1ola de Protecci\u00f3n de Datos (http:\/\/www.aepd.es).<\/p>\n<p>\u00c9 necess\u00e1rio que o Utilizador tenha lido e aceite as condi\u00e7\u00f5es relativas \u00e0 prote\u00e7\u00e3o de dados pessoais contidas na presente Pol\u00edtica de Privacidade e de Cookies, bem como que aceite o tratamento dos seus dados pessoais para que o Respons\u00e1vel pelo tratamento possa proceder ao mesmo nos termos, prazos e finalidades indicados. A utiliza\u00e7\u00e3o do S\u00edtio Web implicar\u00e1 a aceita\u00e7\u00e3o desta Pol\u00edtica de Privacidade e de Cookies.<\/p>\n<p>https:\/\/www.bluenatur.com\/ reserva-se o direito de modificar a presente Pol\u00edtica de Privacidade e de Cookies, de acordo com o seu pr\u00f3prio crit\u00e9rio ou motivado por altera\u00e7\u00e3o legislativa, jurisprudencial ou doutrinal da Agencia Espa\u00f1ola de Protecci\u00f3n de Datos. As altera\u00e7\u00f5es ou atualiza\u00e7\u00f5es ser\u00e3o explicitamente comunicadas ao Utilizador.<\/p>\n<p>Esta Pol\u00edtica de Privacidade e de Cookies foi atualizada em 23 de fevereiro de 2026 para se adaptar ao Regulamento (UE) 2016\/679 do Parlamento Europeu e do Conselho, de 27 de abril de 2016, relativo \u00e0 prote\u00e7\u00e3o das pessoas singulares no que diz respeito ao tratamento de dados pessoais e \u00e0 livre circula\u00e7\u00e3o desses dados (RGPD).[\/vc_column_text][vc_empty_space height=&#8221;40px&#8221;][\/vc_column][\/vc_row]<\/p>\n<\/div>","protected":false},"excerpt":{"rendered":"<p>[vc_row][vc_column][vc_empty_space height=&#8221;40px&#8221;][wyde_heading style=&#8221;2&#8243; title=&#8221;Pol\u00edtica de Privacidade&#8221; subheading=&#8221;BLUENATUR&#8221;][vc_empty_space height=&#8221;40px&#8221;][vc_column_text]Em conformidade com a legisla\u00e7\u00e3o em vigor, https:\/\/www.bluenatur.com\/ (doravante, igualmente \u201cS\u00edtio Web\u201d) compromete-se a adotar as medidas t\u00e9cnicas e organizativas necess\u00e1rias, de acordo com o n\u00edvel de seguran\u00e7a adequado ao risco dos dados recolhidos.. Leis incorporadas nesta pol\u00edtica de privacidade A presente pol\u00edtica de privacidade est\u00e1 adaptada \u00e0 [&hellip;]<\/p>\n","protected":false},"author":1,"featured_media":0,"parent":0,"menu_order":0,"comment_status":"closed","ping_status":"closed","template":"","meta":{"footnotes":""},"class_list":["post-7348","page","type-page","status-publish","hentry"],"yoast_head":"<!-- This site is optimized with the Yoast SEO plugin v26.9 - https:\/\/yoast.com\/product\/yoast-seo-wordpress\/ -->\n<title>Marketing Olfativo para Empresas | Bluenatur<\/title>\n<meta name=\"description\" content=\"O marketing olfativo refor\u00e7a a identidade da marca e influencia emo\u00e7\u00f5es. Descubra como criar uma experi\u00eancia sensorial memor\u00e1vel.\" \/>\n<meta name=\"robots\" content=\"index, follow, max-snippet:-1, max-image-preview:large, max-video-preview:-1\" \/>\n<link rel=\"canonical\" href=\"https:\/\/bluenatur.com\/pt\/politica-de-privacidade-de-redes-sociais\/\" \/>\n<meta property=\"og:locale\" content=\"pt_PT\" \/>\n<meta property=\"og:type\" content=\"article\" \/>\n<meta property=\"og:title\" content=\"Marketing Olfativo para Empresas | Bluenatur\" \/>\n<meta property=\"og:description\" content=\"O marketing olfativo refor\u00e7a a identidade da marca e influencia emo\u00e7\u00f5es. Descubra como criar uma experi\u00eancia sensorial memor\u00e1vel.\" \/>\n<meta property=\"og:url\" content=\"https:\/\/bluenatur.com\/pt\/politica-de-privacidade-de-redes-sociais\/\" \/>\n<meta property=\"og:site_name\" content=\"Bluenatur \u00b7 Frag\u00e2ncia que despertam emo\u00e7\u00f5es\" \/>\n<meta property=\"article:modified_time\" content=\"2026-02-26T12:35:31+00:00\" \/>\n<meta name=\"twitter:card\" content=\"summary_large_image\" \/>\n<meta name=\"twitter:label1\" content=\"Tempo estimado de leitura\" \/>\n\t<meta name=\"twitter:data1\" content=\"11 minutos\" \/>\n<script type=\"application\/ld+json\" class=\"yoast-schema-graph\">{\"@context\":\"https:\/\/schema.org\",\"@graph\":[{\"@type\":\"WebPage\",\"@id\":\"https:\/\/bluenatur.com\/pt\/politica-de-privacidade-de-redes-sociais\/\",\"url\":\"https:\/\/bluenatur.com\/pt\/politica-de-privacidade-de-redes-sociais\/\",\"name\":\"Marketing Olfativo para Empresas | Bluenatur\",\"isPartOf\":{\"@id\":\"https:\/\/bluenatur.com\/pt\/#website\"},\"datePublished\":\"2017-09-20T09:02:13+00:00\",\"dateModified\":\"2026-02-26T12:35:31+00:00\",\"description\":\"O marketing olfativo refor\u00e7a a identidade da marca e influencia emo\u00e7\u00f5es. Descubra como criar uma experi\u00eancia sensorial memor\u00e1vel.\",\"breadcrumb\":{\"@id\":\"https:\/\/bluenatur.com\/pt\/politica-de-privacidade-de-redes-sociais\/#breadcrumb\"},\"inLanguage\":\"pt-PT\",\"potentialAction\":[{\"@type\":\"ReadAction\",\"target\":[\"https:\/\/bluenatur.com\/pt\/politica-de-privacidade-de-redes-sociais\/\"]}]},{\"@type\":\"BreadcrumbList\",\"@id\":\"https:\/\/bluenatur.com\/pt\/politica-de-privacidade-de-redes-sociais\/#breadcrumb\",\"itemListElement\":[{\"@type\":\"ListItem\",\"position\":1,\"name\":\"In\u00edcio\",\"item\":\"https:\/\/bluenatur.com\/pt\/\"},{\"@type\":\"ListItem\",\"position\":2,\"name\":\"Pol\u00edtica de Privacidade\"}]},{\"@type\":\"WebSite\",\"@id\":\"https:\/\/bluenatur.com\/pt\/#website\",\"url\":\"https:\/\/bluenatur.com\/pt\/\",\"name\":\"Bluenatur \u00b7 Frag\u00e2ncia que despertam emo\u00e7\u00f5es\",\"description\":\"Uma simple frag\u00e2ncia pode transportar-nos para lugares escondidos na nossa mem\u00f3ria.\",\"publisher\":{\"@id\":\"https:\/\/bluenatur.com\/pt\/#organization\"},\"potentialAction\":[{\"@type\":\"SearchAction\",\"target\":{\"@type\":\"EntryPoint\",\"urlTemplate\":\"https:\/\/bluenatur.com\/pt\/?s={search_term_string}\"},\"query-input\":{\"@type\":\"PropertyValueSpecification\",\"valueRequired\":true,\"valueName\":\"search_term_string\"}}],\"inLanguage\":\"pt-PT\"},{\"@type\":\"Organization\",\"@id\":\"https:\/\/bluenatur.com\/pt\/#organization\",\"name\":\"Bluenatur \u00b7 Frag\u00e2ncia que despertam emo\u00e7\u00f5es\",\"url\":\"https:\/\/bluenatur.com\/pt\/\",\"logo\":{\"@type\":\"ImageObject\",\"inLanguage\":\"pt-PT\",\"@id\":\"https:\/\/bluenatur.com\/pt\/#\/schema\/logo\/image\/\",\"url\":\"https:\/\/bluenatur.com\/pt\/wp-content\/uploads\/2026\/01\/logo_img-1.jpg\",\"contentUrl\":\"https:\/\/bluenatur.com\/pt\/wp-content\/uploads\/2026\/01\/logo_img-1.jpg\",\"width\":1200,\"height\":800,\"caption\":\"Bluenatur \u00b7 Frag\u00e2ncia que despertam emo\u00e7\u00f5es\"},\"image\":{\"@id\":\"https:\/\/bluenatur.com\/pt\/#\/schema\/logo\/image\/\"}}]}<\/script>\n<!-- \/ Yoast SEO plugin. -->","yoast_head_json":{"title":"Marketing Olfativo para Empresas | Bluenatur","description":"O marketing olfativo refor\u00e7a a identidade da marca e influencia emo\u00e7\u00f5es. Descubra como criar uma experi\u00eancia sensorial memor\u00e1vel.","robots":{"index":"index","follow":"follow","max-snippet":"max-snippet:-1","max-image-preview":"max-image-preview:large","max-video-preview":"max-video-preview:-1"},"canonical":"https:\/\/bluenatur.com\/pt\/politica-de-privacidade-de-redes-sociais\/","og_locale":"pt_PT","og_type":"article","og_title":"Marketing Olfativo para Empresas | Bluenatur","og_description":"O marketing olfativo refor\u00e7a a identidade da marca e influencia emo\u00e7\u00f5es. Descubra como criar uma experi\u00eancia sensorial memor\u00e1vel.","og_url":"https:\/\/bluenatur.com\/pt\/politica-de-privacidade-de-redes-sociais\/","og_site_name":"Bluenatur \u00b7 Frag\u00e2ncia que despertam emo\u00e7\u00f5es","article_modified_time":"2026-02-26T12:35:31+00:00","twitter_card":"summary_large_image","twitter_misc":{"Tempo estimado de leitura":"11 minutos"},"schema":{"@context":"https:\/\/schema.org","@graph":[{"@type":"WebPage","@id":"https:\/\/bluenatur.com\/pt\/politica-de-privacidade-de-redes-sociais\/","url":"https:\/\/bluenatur.com\/pt\/politica-de-privacidade-de-redes-sociais\/","name":"Marketing Olfativo para Empresas | Bluenatur","isPartOf":{"@id":"https:\/\/bluenatur.com\/pt\/#website"},"datePublished":"2017-09-20T09:02:13+00:00","dateModified":"2026-02-26T12:35:31+00:00","description":"O marketing olfativo refor\u00e7a a identidade da marca e influencia emo\u00e7\u00f5es. Descubra como criar uma experi\u00eancia sensorial memor\u00e1vel.","breadcrumb":{"@id":"https:\/\/bluenatur.com\/pt\/politica-de-privacidade-de-redes-sociais\/#breadcrumb"},"inLanguage":"pt-PT","potentialAction":[{"@type":"ReadAction","target":["https:\/\/bluenatur.com\/pt\/politica-de-privacidade-de-redes-sociais\/"]}]},{"@type":"BreadcrumbList","@id":"https:\/\/bluenatur.com\/pt\/politica-de-privacidade-de-redes-sociais\/#breadcrumb","itemListElement":[{"@type":"ListItem","position":1,"name":"In\u00edcio","item":"https:\/\/bluenatur.com\/pt\/"},{"@type":"ListItem","position":2,"name":"Pol\u00edtica de Privacidade"}]},{"@type":"WebSite","@id":"https:\/\/bluenatur.com\/pt\/#website","url":"https:\/\/bluenatur.com\/pt\/","name":"Bluenatur \u00b7 Frag\u00e2ncia que despertam emo\u00e7\u00f5es","description":"Uma simple frag\u00e2ncia pode transportar-nos para lugares escondidos na nossa mem\u00f3ria.","publisher":{"@id":"https:\/\/bluenatur.com\/pt\/#organization"},"potentialAction":[{"@type":"SearchAction","target":{"@type":"EntryPoint","urlTemplate":"https:\/\/bluenatur.com\/pt\/?s={search_term_string}"},"query-input":{"@type":"PropertyValueSpecification","valueRequired":true,"valueName":"search_term_string"}}],"inLanguage":"pt-PT"},{"@type":"Organization","@id":"https:\/\/bluenatur.com\/pt\/#organization","name":"Bluenatur \u00b7 Frag\u00e2ncia que despertam emo\u00e7\u00f5es","url":"https:\/\/bluenatur.com\/pt\/","logo":{"@type":"ImageObject","inLanguage":"pt-PT","@id":"https:\/\/bluenatur.com\/pt\/#\/schema\/logo\/image\/","url":"https:\/\/bluenatur.com\/pt\/wp-content\/uploads\/2026\/01\/logo_img-1.jpg","contentUrl":"https:\/\/bluenatur.com\/pt\/wp-content\/uploads\/2026\/01\/logo_img-1.jpg","width":1200,"height":800,"caption":"Bluenatur \u00b7 Frag\u00e2ncia que despertam emo\u00e7\u00f5es"},"image":{"@id":"https:\/\/bluenatur.com\/pt\/#\/schema\/logo\/image\/"}}]}},"_links":{"self":[{"href":"https:\/\/bluenatur.com\/pt\/wp-json\/wp\/v2\/pages\/7348","targetHints":{"allow":["GET"]}}],"collection":[{"href":"https:\/\/bluenatur.com\/pt\/wp-json\/wp\/v2\/pages"}],"about":[{"href":"https:\/\/bluenatur.com\/pt\/wp-json\/wp\/v2\/types\/page"}],"author":[{"embeddable":true,"href":"https:\/\/bluenatur.com\/pt\/wp-json\/wp\/v2\/users\/1"}],"replies":[{"embeddable":true,"href":"https:\/\/bluenatur.com\/pt\/wp-json\/wp\/v2\/comments?post=7348"}],"version-history":[{"count":6,"href":"https:\/\/bluenatur.com\/pt\/wp-json\/wp\/v2\/pages\/7348\/revisions"}],"predecessor-version":[{"id":10031,"href":"https:\/\/bluenatur.com\/pt\/wp-json\/wp\/v2\/pages\/7348\/revisions\/10031"}],"wp:attachment":[{"href":"https:\/\/bluenatur.com\/pt\/wp-json\/wp\/v2\/media?parent=7348"}],"curies":[{"name":"wp","href":"https:\/\/api.w.org\/{rel}","templated":true}]}}