{"id":7332,"date":"2017-09-20T09:02:13","date_gmt":"2017-09-20T09:02:13","guid":{"rendered":"http:\/\/www.bluenatur.com\/?page_id=7332"},"modified":"2026-02-26T12:25:11","modified_gmt":"2026-02-26T12:25:11","slug":"condicoes-de-utilizacao","status":"publish","type":"page","link":"https:\/\/bluenatur.com\/pt\/condicoes-de-utilizacao\/","title":{"rendered":"Aviso Legal"},"content":{"rendered":"<div class=\"wpb-content-wrapper\"><p>[vc_row][vc_column][wyde_heading style=&#8221;2&#8243; title=&#8221;INFORMA\u00c7\u00c3O GERAL&#8221; subheading=&#8221;https:\/\/www.bluenatur.com\/&#8221;][vc_empty_space height=&#8221;40px&#8221;][vc_column_text]Em cumprimento do dever de informa\u00e7\u00e3o previsto na Ley 34\/2002, de 11 de julho, de Servi\u00e7os da Sociedade da Informa\u00e7\u00e3o e do Com\u00e9rcio Eletr\u00f3nico (LSSI-CE), s\u00e3o facultados a seguir os seguintes dados de informa\u00e7\u00e3o geral deste s\u00edtio web:<\/p>\n<blockquote class=\"wp-embedded-content\" data-secret=\"G6zE1pkP3v\"><p><a href=\"https:\/\/www.bluenatur.com\/\">Bluenatur<\/a><\/p><\/blockquote>\n<p><iframe loading=\"lazy\" class=\"wp-embedded-content\" sandbox=\"allow-scripts\" security=\"restricted\" style=\"position: absolute; visibility: hidden;\" title=\"\u00abBluenatur\u00bb \u2014 Bluenatur\" src=\"https:\/\/www.bluenatur.com\/embed\/#?secret=zCrFs7IHOS#?secret=G6zE1pkP3v\" data-secret=\"G6zE1pkP3v\" width=\"600\" height=\"338\" frameborder=\"0\" marginwidth=\"0\" marginheight=\"0\" scrolling=\"no\"><\/iframe><\/p>\n<p>A titularidade deste s\u00edtio web, <a href=\"https:\/\/www.bluenatur.com\/\">https:\/\/www.bluenatur.com\/<\/a> (doravante, \u201cS\u00edtio Web\u201d), pertence a: BLUENATUR &amp; SH FACILITY SERVICES S.L, com NIF: B66665159, cujos dados de contacto s\u00e3o:<\/p>\n<p>Email de contacto: bluenatur@bluenatur.com Telefone: 938682862<\/p>\n<p>Relativamente aos servi\u00e7os contratados e\/ou prestados em Portugal, a entidade que presta materialmente o servi\u00e7o nesse territ\u00f3rio \u00e9:<\/p>\n<p>ServiOpen Portugal, Lda.<br \/>\nNIF: 515507563<br \/>\nSede: Rua Carlos Lopes, Pavilh\u00e3o 6, Albarraque, 2635-209 Rio de Mouro<br \/>\nInscrita no Registo Comercial de Lisboa.<\/p>\n<p>Consequentemente, quando o Utilizador\/Cliente contrate servi\u00e7os em Portugal, a execu\u00e7\u00e3o do servi\u00e7o e as obriga\u00e7\u00f5es associadas \u00e0 sua presta\u00e7\u00e3o ser\u00e3o realizadas pela ServiOpen Portugal, Lda..<\/p>\n<p>&nbsp;<\/p>\n<p><strong>TERMOS E CONDI\u00c7\u00d5ES GERAIS DE UTILIZA\u00c7\u00c3O<\/strong><\/p>\n<p><strong>Objeto das condi\u00e7\u00f5es: O S\u00edtio Web<\/strong><\/p>\n<p>O objeto das presentes Condi\u00e7\u00f5es Gerais de Utiliza\u00e7\u00e3o (doravante, \u201cCondi\u00e7\u00f5es\u201d) \u00e9 regular o acesso e a utiliza\u00e7\u00e3o do S\u00edtio Web. Para efeitos das presentes Condi\u00e7\u00f5es, entende-se por S\u00edtio Web: a apar\u00eancia externa das interfaces de ecr\u00e3, tanto de forma est\u00e1tica como din\u00e2mica, ou seja, a \u00e1rvore de navega\u00e7\u00e3o; e todos os elementos integrados tanto nas interfaces de ecr\u00e3 como na \u00e1rvore de navega\u00e7\u00e3o (doravante, \u201cConte\u00fados\u201d), bem como todos os servi\u00e7os ou recursos online que, se for o caso, sejam oferecidos aos Utilizadores (doravante, \u201cServi\u00e7os\u201d).<\/p>\n<p><a href=\"https:\/\/www.bluenatur.com\/\">https:\/\/www.bluenatur.com\/<\/a> reserva-se o direito de modificar, a qualquer momento e sem aviso pr\u00e9vio, a apresenta\u00e7\u00e3o e configura\u00e7\u00e3o do S\u00edtio Web e dos Conte\u00fados e Servi\u00e7os que nele possam estar incorporados. O Utilizador reconhece e aceita que, a qualquer momento, https:\/\/www.bluenatur.com\/\u00a0possa interromper, desativar e\/ou cancelar qualquer destes elementos que integram o S\u00edtio Web ou o acesso aos mesmos.<\/p>\n<p>O acesso ao S\u00edtio Web pelo Utilizador \u00e9 livre e, como regra geral, gratuito, sem que o Utilizador tenha de prestar qualquer contrapresta\u00e7\u00e3o para dele usufruir, exceto no que se refere ao custo de liga\u00e7\u00e3o atrav\u00e9s da rede de telecomunica\u00e7\u00f5es fornecida pelo prestador de acesso contratado pelo Utilizador.<\/p>\n<p><strong>O Utilizador<\/strong><\/p>\n<p>O acesso, navega\u00e7\u00e3o e utiliza\u00e7\u00e3o do S\u00edtio Web, bem como dos espa\u00e7os habilitados para intera\u00e7\u00e3o entre os Utilizadores e entre o Utilizador e https:\/\/www.bluenatur.com\/, como coment\u00e1rios e\/ou espa\u00e7os de blogging, confere a condi\u00e7\u00e3o de Utilizador, pelo que se aceitam, desde o in\u00edcio da navega\u00e7\u00e3o no S\u00edtio Web, todas as Condi\u00e7\u00f5es aqui estabelecidas, bem como as suas posteriores modifica\u00e7\u00f5es, sem preju\u00edzo da aplica\u00e7\u00e3o da legisla\u00e7\u00e3o correspondente de cumprimento obrigat\u00f3rio conforme o caso. Dada a relev\u00e2ncia do acima exposto, recomenda-se ao Utilizador que as leia sempre que visite o S\u00edtio Web.<\/p>\n<p>O S\u00edtio Web de https:\/\/www.bluenatur.com\/ disponibiliza uma grande diversidade de informa\u00e7\u00f5es, servi\u00e7os e dados. O Utilizador assume a responsabilidade de fazer uma utiliza\u00e7\u00e3o correta do S\u00edtio Web. Esta responsabilidade estende-se a:<\/p>\n<ul>\n<li>Uma utiliza\u00e7\u00e3o das informa\u00e7\u00f5es, Conte\u00fados e\/ou Servi\u00e7os e dados oferecidos por <a href=\"https:\/\/www.bluenatur.com\/\">https:\/\/www.bluenatur.com\/<\/a> que n\u00e3o seja contr\u00e1ria ao disposto nas presentes Condi\u00e7\u00f5es, \u00e0 Lei, \u00e0 moral ou \u00e0 ordem p\u00fablica, nem que, de qualquer outra forma, possa lesar os direitos de terceiros ou o pr\u00f3prio funcionamento do S\u00edtio Web.<\/li>\n<li>A veracidade e licitude das informa\u00e7\u00f5es fornecidas pelo Utilizador nos formul\u00e1rios disponibilizados por <a href=\"https:\/\/www.bluenatur.com\/\">https:\/\/www.bluenatur.com\/<\/a> para o acesso a determinados Conte\u00fados ou Servi\u00e7os oferecidos pelo S\u00edtio Web. Em qualquer caso, o Utilizador notificar\u00e1 imediatamente <a href=\"https:\/\/www.bluenatur.com\/\">https:\/\/www.bluenatur.com\/<\/a> sobre qualquer facto que permita o uso indevido das informa\u00e7\u00f5es registadas nesses formul\u00e1rios, tais como, mas n\u00e3o se limitando a, roubo, extravio ou acesso n\u00e3o autorizado a identificadores e\/ou palavras-passe, a fim de proceder ao seu cancelamento imediato.<\/li>\n<\/ul>\n<p>https:\/\/www.bluenatur.com\/ reserva-se o direito de remover todos os coment\u00e1rios e contributos que violem a lei, o respeito pela dignidade da pessoa, que sejam discriminat\u00f3rios, xen\u00f3fobos, racistas, pornogr\u00e1ficos, constituam spam, atentem contra a juventude ou a inf\u00e2ncia, a ordem ou a seguran\u00e7a p\u00fablica ou que, no seu entendimento, n\u00e3o sejam adequados para publica\u00e7\u00e3o.<\/p>\n<p>Em qualquer caso, https:\/\/www.bluenatur.com\/ n\u00e3o ser\u00e1 respons\u00e1vel pelas opini\u00f5es emitidas pelos Utilizadores atrav\u00e9s de coment\u00e1rios ou outras ferramentas de blogging ou participa\u00e7\u00e3o que possam existir.<\/p>\n<p>O mero acesso a este S\u00edtio Web n\u00e3o implica o estabelecimento de qualquer tipo de rela\u00e7\u00e3o de car\u00e1ter comercial entre https:\/\/www.bluenatur.com\/ e o Utilizador.<\/p>\n<p>Sempre no respeito da legisla\u00e7\u00e3o em vigor, este S\u00edtio Web destina-se a todas as pessoas, independentemente da sua idade, que possam aceder e\/ou navegar nas suas p\u00e1ginas.<\/p>\n<p>O S\u00edtio Web destina-se principalmente a Utilizadores residentes em Espanha. https:\/\/www.bluenatur.com\/ n\u00e3o garante que o S\u00edtio Web esteja em conformidade, total ou parcialmente, com a legisla\u00e7\u00e3o de outros pa\u00edses. Se o Utilizador residir ou tiver o seu domic\u00edlio noutro local e decidir aceder e\/ou navegar no S\u00edtio Web, f\u00e1-lo-\u00e1 sob a sua pr\u00f3pria responsabilidade, devendo assegurar-se de que tal acesso e navega\u00e7\u00e3o cumprem a legisla\u00e7\u00e3o local aplic\u00e1vel, n\u00e3o assumindo https:\/\/www.bluenatur.com\/ qualquer responsabilidade que possa resultar desse acesso.<\/p>\n<p><strong><br \/>\nACESSO E NAVEGA\u00c7\u00c3O NO S\u00cdTIO WEB: EXCLUS\u00c3O DE GARANTIAS E RESPONSABILIDADE<\/strong><\/p>\n<p>https:\/\/www.bluenatur.com\/ n\u00e3o garante a continuidade, disponibilidade e utilidade do S\u00edtio Web, nem dos Conte\u00fados ou Servi\u00e7os. https:\/\/www.bluenatur.com\/ envidar\u00e1 todos os esfor\u00e7os para o bom funcionamento do S\u00edtio Web; contudo, n\u00e3o se responsabiliza nem garante que o acesso a este S\u00edtio Web seja ininterrupto ou isento de erros.<\/p>\n<p>Tamb\u00e9m n\u00e3o se responsabiliza nem garante que o conte\u00fado ou software a que se possa aceder atrav\u00e9s deste S\u00edtio Web esteja isento de erros ou cause danos ao sistema inform\u00e1tico (software e hardware) do Utilizador. Em nenhum caso https:\/\/www.bluenatur.com\/ ser\u00e1 respons\u00e1vel por perdas, danos ou preju\u00edzos de qualquer natureza que surjam do acesso, navega\u00e7\u00e3o e utiliza\u00e7\u00e3o do S\u00edtio Web, incluindo, mas n\u00e3o se limitando, aos causados aos sistemas inform\u00e1ticos ou aos provocados pela introdu\u00e7\u00e3o de v\u00edrus.<\/p>\n<p>https:\/\/www.bluenatur.com\/ tamb\u00e9m n\u00e3o se responsabiliza pelos danos que possam ser causados aos utilizadores por uma utiliza\u00e7\u00e3o inadequada deste S\u00edtio Web. Em particular, n\u00e3o se responsabiliza, de modo algum, por falhas, interrup\u00e7\u00f5es, falta ou defeito nas telecomunica\u00e7\u00f5es que possam ocorrer.<\/p>\n<p>Informa-se que o S\u00edtio Web de https:\/\/www.bluenatur.com\/ disponibiliza ou pode disponibilizar aos Utilizadores meios de liga\u00e7\u00e3o (como, entre outros, links, banners, bot\u00f5es), diret\u00f3rios e motores de busca que permitem aos Utilizadores aceder a s\u00edtios web pertencentes e\/ou geridos por terceiros.<\/p>\n<p>A instala\u00e7\u00e3o destes links, diret\u00f3rios e motores de busca no S\u00edtio Web tem por objetivo facilitar aos Utilizadores a pesquisa e o acesso \u00e0 informa\u00e7\u00e3o dispon\u00edvel na Internet, n\u00e3o podendo ser considerada uma sugest\u00e3o, recomenda\u00e7\u00e3o ou convite para a visita dos mesmos.<\/p>\n<p>https:\/\/www.bluenatur.com\/ n\u00e3o oferece nem comercializa, por si ou por interm\u00e9dio de terceiros, os produtos e\/ou servi\u00e7os dispon\u00edveis nesses s\u00edtios ligados.<\/p>\n<p>Do mesmo modo, n\u00e3o garante a disponibilidade t\u00e9cnica, exatid\u00e3o, veracidade, validade ou legalidade de s\u00edtios alheios \u00e0 sua propriedade aos quais se possa aceder atrav\u00e9s dos links.<\/p>\n<p>https:\/\/www.bluenatur.com\/ em nenhum caso rev\u00ea ou controla o conte\u00fado de outros s\u00edtios web, nem aprova, examina ou faz seus os produtos e servi\u00e7os, conte\u00fados, ficheiros e qualquer outro material existente nos referidos s\u00edtios ligados.<\/p>\n<p>https:\/\/www.bluenatur.com\/ n\u00e3o assume qualquer responsabilidade pelos danos e preju\u00edzos que possam resultar do acesso, utiliza\u00e7\u00e3o, qualidade ou licitude dos conte\u00fados, comunica\u00e7\u00f5es, opini\u00f5es, produtos e servi\u00e7os de s\u00edtios web n\u00e3o geridos por https:\/\/www.bluenatur.com\/ e que estejam ligados a este S\u00edtio Web.<\/p>\n<p>O Utilizador ou terceiro que realize um hiperl\u00ednga\u00e7\u00e3o (hiperlink) a partir de uma p\u00e1gina web de outro s\u00edtio web distinto para o S\u00edtio Web de https:\/\/www.bluenatur.com\/ dever\u00e1 saber que:<\/p>\n<ul>\n<li>N\u00e3o \u00e9 permitida a reprodu\u00e7\u00e3o \u2014 total ou parcial \u2014 de nenhum dos Conte\u00fados e\/ou Servi\u00e7os do S\u00edtio Web sem autoriza\u00e7\u00e3o expressa de https:\/\/www.bluenatur.com\/.<\/li>\n<li>N\u00e3o \u00e9 permitida qualquer declara\u00e7\u00e3o falsa, inexata ou incorreta sobre o S\u00edtio Web de https:\/\/www.bluenatur.com\/, nem sobre os seus Conte\u00fados e\/ou Servi\u00e7os.<\/li>\n<li>Com exce\u00e7\u00e3o do hiperl\u00ednga\u00e7\u00e3o, o s\u00edtio web em que tal hiperliga\u00e7\u00e3o seja estabelecida n\u00e3o poder\u00e1 conter qualquer elemento deste S\u00edtio Web protegido como propriedade intelectual pelo ordenamento jur\u00eddico espanhol, salvo autoriza\u00e7\u00e3o expressa de https:\/\/www.bluenatur.com\/.<\/li>\n<\/ul>\n<p>O estabelecimento do hiperl\u00ednga\u00e7\u00e3o n\u00e3o implicar\u00e1 a exist\u00eancia de rela\u00e7\u00f5es entre https:\/\/www.bluenatur.com\/ e o titular do s\u00edtio web a partir do qual seja realizada, nem o conhecimento e aceita\u00e7\u00e3o dos conte\u00fados, servi\u00e7os e\/ou atividades oferecidos nesse s\u00edtio web, e vice-versa.<\/p>\n<p>O Utilizador ou terceiro que realize um hiperl\u00ednga\u00e7\u00e3o a partir de uma p\u00e1gina web de outro s\u00edtio web distinto para o S\u00edtio Web de https:\/\/www.bluenatur.com\/ dever\u00e1 saber que:<\/p>\n<ul>\n<li>N\u00e3o \u00e9 permitida a reprodu\u00e7\u00e3o \u2014 total ou parcial \u2014 de nenhum dos Conte\u00fados e\/ou Servi\u00e7os do S\u00edtio Web sem autoriza\u00e7\u00e3o expressa de https:\/\/www.bluenatur.com\/.<\/li>\n<li>N\u00e3o \u00e9 permitida qualquer declara\u00e7\u00e3o falsa, inexata ou incorreta sobre o S\u00edtio Web de https:\/\/www.bluenatur.com\/ nem sobre os seus Conte\u00fados e\/ou Servi\u00e7os.<\/li>\n<li>Com exce\u00e7\u00e3o do hiperl\u00ednga\u00e7\u00e3o, o s\u00edtio web em que tal hiperliga\u00e7\u00e3o seja estabelecida n\u00e3o poder\u00e1 conter qualquer elemento deste S\u00edtio Web protegido como propriedade intelectual pelo ordenamento jur\u00eddico espanhol, salvo autoriza\u00e7\u00e3o expressa de https:\/\/www.bluenatur.com\/.<\/li>\n<\/ul>\n<p>O estabelecimento do hiperl\u00ednga\u00e7\u00e3o n\u00e3o implicar\u00e1 a exist\u00eancia de rela\u00e7\u00f5es entre https:\/\/www.bluenatur.com\/ e o titular do s\u00edtio web a partir do qual seja realizada, nem o conhecimento e aceita\u00e7\u00e3o por parte de https:\/\/www.bluenatur.com\/ dos conte\u00fados, servi\u00e7os e\/ou atividades oferecidos nesse s\u00edtio web, e vice-versa.<\/p>\n<p><strong>PROPRIEDADE INTELECTUAL E INDUSTRIAL<\/strong><\/p>\n<p>https:\/\/www.bluenatur.com\/, por si ou na qualidade de cession\u00e1ria, \u00e9 titular de todos os direitos de propriedade intelectual e industrial do S\u00edtio Web, bem como dos elementos nele contidos (a t\u00edtulo exemplificativo e n\u00e3o exaustivo: imagens, som, \u00e1udio, v\u00eddeo, software ou textos, marcas ou log\u00f3tipos, combina\u00e7\u00f5es de cores, estrutura e design, sele\u00e7\u00e3o dos materiais utilizados, programas inform\u00e1ticos necess\u00e1rios ao seu funcionamento, acesso e utiliza\u00e7\u00e3o, etc.). Ser\u00e3o, consequentemente, obras protegidas como propriedade intelectual pelo ordenamento jur\u00eddico espanhol, sendo-lhes aplic\u00e1veis tanto a legisla\u00e7\u00e3o espanhola e comunit\u00e1ria nesta mat\u00e9ria, como os tratados internacionais relativos \u00e0 mesma e subscritos por Espanha.<\/p>\n<p>Todos os direitos reservados. Nos termos do disposto na Lei da Propriedade Intelectual, ficam expressamente proibidas a reprodu\u00e7\u00e3o, distribui\u00e7\u00e3o e comunica\u00e7\u00e3o p\u00fablica, incluindo a sua modalidade de disponibiliza\u00e7\u00e3o, da totalidade ou de parte dos conte\u00fados desta p\u00e1gina web, para fins comerciais, em qualquer suporte e por qualquer meio t\u00e9cnico, sem a autoriza\u00e7\u00e3o de https:\/\/www.bluenatur.com\/.<\/p>\n<p>O Utilizador compromete-se a respeitar os direitos de propriedade intelectual e industrial de https:\/\/www.bluenatur.com\/. Poder\u00e1 visualizar os elementos do S\u00edtio Web ou at\u00e9 imprimi-los, copi\u00e1-los e armazen\u00e1-los no disco r\u00edgido do seu computador ou em qualquer outro suporte f\u00edsico, desde que seja exclusivamente para uso pessoal. Contudo, o Utilizador n\u00e3o poder\u00e1 suprimir, alterar ou manipular qualquer dispositivo de prote\u00e7\u00e3o ou sistema de seguran\u00e7a que esteja instalado no S\u00edtio Web.<\/p>\n<p>Caso o Utilizador ou um terceiro considere que qualquer dos Conte\u00fados do S\u00edtio Web constitui uma viola\u00e7\u00e3o dos direitos de prote\u00e7\u00e3o da propriedade intelectual, dever\u00e1 comunic\u00e1-lo imediatamente a https:\/\/www.bluenatur.com\/ atrav\u00e9s dos dados de contacto indicados na sec\u00e7\u00e3o INFORMA\u00c7\u00c3O GERAL deste Aviso Legal e Condi\u00e7\u00f5es Gerais de Utiliza\u00e7\u00e3o.<\/p>\n<p><strong><br \/>\n<\/strong><strong>A\u00c7\u00d5ES LEGAIS, LEGISLA\u00c7\u00c3O APLIC\u00c1VEL E JURISDI\u00c7\u00c3O<\/strong><\/p>\n<p>https:\/\/www.bluenatur.com\/ reserva-se o direito de intentar as a\u00e7\u00f5es civis ou penais que considere necess\u00e1rias pela utiliza\u00e7\u00e3o indevida do S\u00edtio Web e dos Conte\u00fados, ou pelo incumprimento das presentes Condi\u00e7\u00f5es.<\/p>\n<p>A rela\u00e7\u00e3o entre o Utilizador e https:\/\/www.bluenatur.com\/ reger-se-\u00e1 pela legisla\u00e7\u00e3o em vigor e aplic\u00e1vel no territ\u00f3rio espanhol. Caso surja qualquer controv\u00e9rsia relativamente \u00e0 interpreta\u00e7\u00e3o e\/ou aplica\u00e7\u00e3o destas Condi\u00e7\u00f5es, as partes submeter\u00e3o os seus conflitos \u00e0 jurisdi\u00e7\u00e3o comum, sujeitando-se aos ju\u00edzes e tribunais competentes nos termos da lei.<\/p>\n<p>\u00daltima modifica\u00e7\u00e3o: 23 de fevereiro de 2026[\/vc_column_text][vc_empty_space][\/vc_column][\/vc_row]<\/p>\n<\/div>","protected":false},"excerpt":{"rendered":"<p>[vc_row][vc_column][wyde_heading style=&#8221;2&#8243; title=&#8221;INFORMA\u00c7\u00c3O GERAL&#8221; subheading=&#8221;https:\/\/www.bluenatur.com\/&#8221;][vc_empty_space height=&#8221;40px&#8221;][vc_column_text]Em cumprimento do dever de informa\u00e7\u00e3o previsto na Ley 34\/2002, de 11 de julho, de Servi\u00e7os da Sociedade da Informa\u00e7\u00e3o e do Com\u00e9rcio Eletr\u00f3nico (LSSI-CE), s\u00e3o facultados a seguir os seguintes dados de informa\u00e7\u00e3o geral deste s\u00edtio web: Bluenatur A titularidade deste s\u00edtio web, https:\/\/www.bluenatur.com\/ (doravante, \u201cS\u00edtio Web\u201d), pertence a: [&hellip;]<\/p>\n","protected":false},"author":1,"featured_media":0,"parent":0,"menu_order":0,"comment_status":"closed","ping_status":"closed","template":"","meta":{"footnotes":""},"class_list":["post-7332","page","type-page","status-publish","hentry"],"yoast_head":"<!-- This site is optimized with the Yoast SEO plugin v26.9 - https:\/\/yoast.com\/product\/yoast-seo-wordpress\/ -->\n<title>Marketing Olfativo em Portugal | Bluenatur<\/title>\n<meta name=\"description\" content=\"Especialistas em marketing olfativo e aromatiza\u00e7\u00e3o de espa\u00e7os em Portugal. Criamos fragr\u00e2ncias corporativas para hot\u00e9is, cl\u00ednicas...\" \/>\n<meta name=\"robots\" content=\"index, follow, max-snippet:-1, max-image-preview:large, max-video-preview:-1\" \/>\n<link rel=\"canonical\" href=\"https:\/\/bluenatur.com\/pt\/condicoes-de-utilizacao\/\" \/>\n<meta property=\"og:locale\" content=\"pt_PT\" \/>\n<meta property=\"og:type\" content=\"article\" \/>\n<meta property=\"og:title\" content=\"Marketing Olfativo em Portugal | Bluenatur\" \/>\n<meta property=\"og:description\" content=\"Especialistas em marketing olfativo e aromatiza\u00e7\u00e3o de espa\u00e7os em Portugal. Criamos fragr\u00e2ncias corporativas para hot\u00e9is, cl\u00ednicas...\" \/>\n<meta property=\"og:url\" content=\"https:\/\/bluenatur.com\/pt\/condicoes-de-utilizacao\/\" \/>\n<meta property=\"og:site_name\" content=\"Bluenatur \u00b7 Frag\u00e2ncia que despertam emo\u00e7\u00f5es\" \/>\n<meta property=\"article:modified_time\" content=\"2026-02-26T12:25:11+00:00\" \/>\n<meta name=\"twitter:card\" content=\"summary_large_image\" \/>\n<meta name=\"twitter:label1\" content=\"Tempo estimado de leitura\" \/>\n\t<meta name=\"twitter:data1\" content=\"11 minutos\" \/>\n<script type=\"application\/ld+json\" class=\"yoast-schema-graph\">{\"@context\":\"https:\/\/schema.org\",\"@graph\":[{\"@type\":\"WebPage\",\"@id\":\"https:\/\/bluenatur.com\/pt\/condicoes-de-utilizacao\/\",\"url\":\"https:\/\/bluenatur.com\/pt\/condicoes-de-utilizacao\/\",\"name\":\"Marketing Olfativo em Portugal | Bluenatur\",\"isPartOf\":{\"@id\":\"https:\/\/bluenatur.com\/pt\/#website\"},\"datePublished\":\"2017-09-20T09:02:13+00:00\",\"dateModified\":\"2026-02-26T12:25:11+00:00\",\"description\":\"Especialistas em marketing olfativo e aromatiza\u00e7\u00e3o de espa\u00e7os em Portugal. Criamos fragr\u00e2ncias corporativas para hot\u00e9is, cl\u00ednicas...\",\"breadcrumb\":{\"@id\":\"https:\/\/bluenatur.com\/pt\/condicoes-de-utilizacao\/#breadcrumb\"},\"inLanguage\":\"pt-PT\",\"potentialAction\":[{\"@type\":\"ReadAction\",\"target\":[\"https:\/\/bluenatur.com\/pt\/condicoes-de-utilizacao\/\"]}]},{\"@type\":\"BreadcrumbList\",\"@id\":\"https:\/\/bluenatur.com\/pt\/condicoes-de-utilizacao\/#breadcrumb\",\"itemListElement\":[{\"@type\":\"ListItem\",\"position\":1,\"name\":\"In\u00edcio\",\"item\":\"https:\/\/bluenatur.com\/pt\/\"},{\"@type\":\"ListItem\",\"position\":2,\"name\":\"Aviso Legal\"}]},{\"@type\":\"WebSite\",\"@id\":\"https:\/\/bluenatur.com\/pt\/#website\",\"url\":\"https:\/\/bluenatur.com\/pt\/\",\"name\":\"Bluenatur \u00b7 Frag\u00e2ncia que despertam emo\u00e7\u00f5es\",\"description\":\"Uma simple frag\u00e2ncia pode transportar-nos para lugares escondidos na nossa mem\u00f3ria.\",\"publisher\":{\"@id\":\"https:\/\/bluenatur.com\/pt\/#organization\"},\"potentialAction\":[{\"@type\":\"SearchAction\",\"target\":{\"@type\":\"EntryPoint\",\"urlTemplate\":\"https:\/\/bluenatur.com\/pt\/?s={search_term_string}\"},\"query-input\":{\"@type\":\"PropertyValueSpecification\",\"valueRequired\":true,\"valueName\":\"search_term_string\"}}],\"inLanguage\":\"pt-PT\"},{\"@type\":\"Organization\",\"@id\":\"https:\/\/bluenatur.com\/pt\/#organization\",\"name\":\"Bluenatur \u00b7 Frag\u00e2ncia que despertam emo\u00e7\u00f5es\",\"url\":\"https:\/\/bluenatur.com\/pt\/\",\"logo\":{\"@type\":\"ImageObject\",\"inLanguage\":\"pt-PT\",\"@id\":\"https:\/\/bluenatur.com\/pt\/#\/schema\/logo\/image\/\",\"url\":\"https:\/\/bluenatur.com\/pt\/wp-content\/uploads\/2026\/01\/logo_img-1.jpg\",\"contentUrl\":\"https:\/\/bluenatur.com\/pt\/wp-content\/uploads\/2026\/01\/logo_img-1.jpg\",\"width\":1200,\"height\":800,\"caption\":\"Bluenatur \u00b7 Frag\u00e2ncia que despertam emo\u00e7\u00f5es\"},\"image\":{\"@id\":\"https:\/\/bluenatur.com\/pt\/#\/schema\/logo\/image\/\"}}]}<\/script>\n<!-- \/ Yoast SEO plugin. -->","yoast_head_json":{"title":"Marketing Olfativo em Portugal | Bluenatur","description":"Especialistas em marketing olfativo e aromatiza\u00e7\u00e3o de espa\u00e7os em Portugal. Criamos fragr\u00e2ncias corporativas para hot\u00e9is, cl\u00ednicas...","robots":{"index":"index","follow":"follow","max-snippet":"max-snippet:-1","max-image-preview":"max-image-preview:large","max-video-preview":"max-video-preview:-1"},"canonical":"https:\/\/bluenatur.com\/pt\/condicoes-de-utilizacao\/","og_locale":"pt_PT","og_type":"article","og_title":"Marketing Olfativo em Portugal | Bluenatur","og_description":"Especialistas em marketing olfativo e aromatiza\u00e7\u00e3o de espa\u00e7os em Portugal. Criamos fragr\u00e2ncias corporativas para hot\u00e9is, cl\u00ednicas...","og_url":"https:\/\/bluenatur.com\/pt\/condicoes-de-utilizacao\/","og_site_name":"Bluenatur \u00b7 Frag\u00e2ncia que despertam emo\u00e7\u00f5es","article_modified_time":"2026-02-26T12:25:11+00:00","twitter_card":"summary_large_image","twitter_misc":{"Tempo estimado de leitura":"11 minutos"},"schema":{"@context":"https:\/\/schema.org","@graph":[{"@type":"WebPage","@id":"https:\/\/bluenatur.com\/pt\/condicoes-de-utilizacao\/","url":"https:\/\/bluenatur.com\/pt\/condicoes-de-utilizacao\/","name":"Marketing Olfativo em Portugal | Bluenatur","isPartOf":{"@id":"https:\/\/bluenatur.com\/pt\/#website"},"datePublished":"2017-09-20T09:02:13+00:00","dateModified":"2026-02-26T12:25:11+00:00","description":"Especialistas em marketing olfativo e aromatiza\u00e7\u00e3o de espa\u00e7os em Portugal. Criamos fragr\u00e2ncias corporativas para hot\u00e9is, cl\u00ednicas...","breadcrumb":{"@id":"https:\/\/bluenatur.com\/pt\/condicoes-de-utilizacao\/#breadcrumb"},"inLanguage":"pt-PT","potentialAction":[{"@type":"ReadAction","target":["https:\/\/bluenatur.com\/pt\/condicoes-de-utilizacao\/"]}]},{"@type":"BreadcrumbList","@id":"https:\/\/bluenatur.com\/pt\/condicoes-de-utilizacao\/#breadcrumb","itemListElement":[{"@type":"ListItem","position":1,"name":"In\u00edcio","item":"https:\/\/bluenatur.com\/pt\/"},{"@type":"ListItem","position":2,"name":"Aviso Legal"}]},{"@type":"WebSite","@id":"https:\/\/bluenatur.com\/pt\/#website","url":"https:\/\/bluenatur.com\/pt\/","name":"Bluenatur \u00b7 Frag\u00e2ncia que despertam emo\u00e7\u00f5es","description":"Uma simple frag\u00e2ncia pode transportar-nos para lugares escondidos na nossa mem\u00f3ria.","publisher":{"@id":"https:\/\/bluenatur.com\/pt\/#organization"},"potentialAction":[{"@type":"SearchAction","target":{"@type":"EntryPoint","urlTemplate":"https:\/\/bluenatur.com\/pt\/?s={search_term_string}"},"query-input":{"@type":"PropertyValueSpecification","valueRequired":true,"valueName":"search_term_string"}}],"inLanguage":"pt-PT"},{"@type":"Organization","@id":"https:\/\/bluenatur.com\/pt\/#organization","name":"Bluenatur \u00b7 Frag\u00e2ncia que despertam emo\u00e7\u00f5es","url":"https:\/\/bluenatur.com\/pt\/","logo":{"@type":"ImageObject","inLanguage":"pt-PT","@id":"https:\/\/bluenatur.com\/pt\/#\/schema\/logo\/image\/","url":"https:\/\/bluenatur.com\/pt\/wp-content\/uploads\/2026\/01\/logo_img-1.jpg","contentUrl":"https:\/\/bluenatur.com\/pt\/wp-content\/uploads\/2026\/01\/logo_img-1.jpg","width":1200,"height":800,"caption":"Bluenatur \u00b7 Frag\u00e2ncia que despertam emo\u00e7\u00f5es"},"image":{"@id":"https:\/\/bluenatur.com\/pt\/#\/schema\/logo\/image\/"}}]}},"_links":{"self":[{"href":"https:\/\/bluenatur.com\/pt\/wp-json\/wp\/v2\/pages\/7332","targetHints":{"allow":["GET"]}}],"collection":[{"href":"https:\/\/bluenatur.com\/pt\/wp-json\/wp\/v2\/pages"}],"about":[{"href":"https:\/\/bluenatur.com\/pt\/wp-json\/wp\/v2\/types\/page"}],"author":[{"embeddable":true,"href":"https:\/\/bluenatur.com\/pt\/wp-json\/wp\/v2\/users\/1"}],"replies":[{"embeddable":true,"href":"https:\/\/bluenatur.com\/pt\/wp-json\/wp\/v2\/comments?post=7332"}],"version-history":[{"count":5,"href":"https:\/\/bluenatur.com\/pt\/wp-json\/wp\/v2\/pages\/7332\/revisions"}],"predecessor-version":[{"id":10024,"href":"https:\/\/bluenatur.com\/pt\/wp-json\/wp\/v2\/pages\/7332\/revisions\/10024"}],"wp:attachment":[{"href":"https:\/\/bluenatur.com\/pt\/wp-json\/wp\/v2\/media?parent=7332"}],"curies":[{"name":"wp","href":"https:\/\/api.w.org\/{rel}","templated":true}]}}