{"id":7183,"date":"2016-11-24T09:02:29","date_gmt":"2016-11-24T09:02:29","guid":{"rendered":"http:\/\/www.ambinatur.com\/?page_id=7183"},"modified":"2026-02-16T08:14:41","modified_gmt":"2026-02-16T08:14:41","slug":"brief-analitico","status":"publish","type":"page","link":"https:\/\/bluenatur.com\/pt\/brief-analitico\/","title":{"rendered":"Brief Anal\u00edtico"},"content":{"rendered":"<div class=\"wpb-content-wrapper\"><p>[vc_row][vc_column]\n<div class=\"wpcf7 no-js\" id=\"wpcf7-f9864-o1\" lang=\"pt-PT\" dir=\"ltr\" data-wpcf7-id=\"9864\">\n<div class=\"screen-reader-response\"><p role=\"status\" aria-live=\"polite\" aria-atomic=\"true\"><\/p> <ul><\/ul><\/div>\n<form action=\"\/pt\/wp-json\/wp\/v2\/pages\/7183#wpcf7-f9864-o1\" method=\"post\" class=\"wpcf7-form init\" aria-label=\"Formul\u00e1rio de contacto\" enctype=\"multipart\/form-data\" novalidate=\"novalidate\" data-status=\"init\">\n<fieldset class=\"hidden-fields-container\"><input type=\"hidden\" name=\"_wpcf7\" value=\"9864\" \/><input type=\"hidden\" name=\"_wpcf7_version\" value=\"6.1.5\" \/><input type=\"hidden\" name=\"_wpcf7_locale\" value=\"pt_PT\" \/><input type=\"hidden\" name=\"_wpcf7_unit_tag\" value=\"wpcf7-f9864-o1\" \/><input type=\"hidden\" name=\"_wpcf7_container_post\" value=\"0\" \/><input type=\"hidden\" name=\"_wpcf7_posted_data_hash\" value=\"\" \/>\n<\/fieldset>\n<h2>PONTOS DE VENDA\n<\/h2>\n<p>* Quantida\n<\/p>\n<p><span class=\"wpcf7-form-control-wrap\" data-name=\"your-name\"><input size=\"40\" maxlength=\"400\" class=\"wpcf7-form-control wpcf7-text wpcf7-validates-as-required\" aria-required=\"true\" aria-invalid=\"false\" value=\"\" type=\"text\" name=\"your-name\" \/><\/span>\n<\/p>\n<p>* Localiza\u00e7\u00e3o\n<\/p>\n<p><span class=\"wpcf7-form-control-wrap\" data-name=\"your-name\"><input size=\"40\" maxlength=\"400\" class=\"wpcf7-form-control wpcf7-text wpcf7-validates-as-required\" aria-required=\"true\" aria-invalid=\"false\" value=\"\" type=\"text\" name=\"your-name\" \/><\/span>\n<\/p>\n<p>* Metros m\u00e9dios\n<\/p>\n<p><span class=\"wpcf7-form-control-wrap\" data-name=\"your-name\"><input size=\"40\" maxlength=\"400\" class=\"wpcf7-form-control wpcf7-text wpcf7-validates-as-required\" aria-required=\"true\" aria-invalid=\"false\" value=\"\" type=\"text\" name=\"your-name\" \/><\/span>\n<\/p>\n<p>* Cores corporativas\n<\/p>\n<p><span class=\"wpcf7-form-control-wrap\" data-name=\"your-name\"><input size=\"40\" maxlength=\"400\" class=\"wpcf7-form-control wpcf7-text wpcf7-validates-as-required\" aria-required=\"true\" aria-invalid=\"false\" value=\"\" type=\"text\" name=\"your-name\" \/><\/span>\n<\/p>\n<h2>PRODUTO\n<\/h2>\n<p>* Nome\n<\/p>\n<p><span class=\"wpcf7-form-control-wrap\" data-name=\"your-name\"><input size=\"40\" maxlength=\"400\" class=\"wpcf7-form-control wpcf7-text wpcf7-validates-as-required\" aria-required=\"true\" aria-invalid=\"false\" value=\"\" type=\"text\" name=\"your-name\" \/><\/span>\n<\/p>\n<p>* Descri\u00e7\u00e3o\n<\/p>\n<p><span class=\"wpcf7-form-control-wrap\" data-name=\"your-name\"><input size=\"40\" maxlength=\"400\" class=\"wpcf7-form-control wpcf7-text wpcf7-validates-as-required\" aria-required=\"true\" aria-invalid=\"false\" value=\"\" type=\"text\" name=\"your-name\" \/><\/span>\n<\/p>\n<h2>DADOS DA PARTE INTERESSADA\n<\/h2>\n<p>* Nome e apelido\n<\/p>\n<p><span class=\"wpcf7-form-control-wrap\" data-name=\"your-name\"><input size=\"40\" maxlength=\"400\" class=\"wpcf7-form-control wpcf7-text wpcf7-validates-as-required\" aria-required=\"true\" aria-invalid=\"false\" value=\"\" type=\"text\" name=\"your-name\" \/><\/span>\n<\/p>\n<p>* Telefone\n<\/p>\n<p><span class=\"wpcf7-form-control-wrap\" data-name=\"your-name\"><input size=\"40\" maxlength=\"400\" class=\"wpcf7-form-control wpcf7-text wpcf7-validates-as-required\" aria-required=\"true\" aria-invalid=\"false\" value=\"\" type=\"text\" name=\"your-name\" \/><\/span>\n<\/p>\n<p>* E-mail\n<\/p>\n<p><span class=\"wpcf7-form-control-wrap\" data-name=\"your-name\"><input size=\"40\" maxlength=\"400\" class=\"wpcf7-form-control wpcf7-text wpcf7-validates-as-required\" aria-required=\"true\" aria-invalid=\"false\" value=\"\" type=\"text\" name=\"your-name\" \/><\/span>\n<\/p>\n<h2>NOME DA MARCA OU DA EMPRESA\n<\/h2>\n<p>* Descri\u00e7\u00e3o\n<\/p>\n<p><span class=\"wpcf7-form-control-wrap\" data-name=\"your-name\"><input size=\"40\" maxlength=\"400\" class=\"wpcf7-form-control wpcf7-text wpcf7-validates-as-required\" aria-required=\"true\" aria-invalid=\"false\" value=\"\" type=\"text\" name=\"your-name\" \/><\/span>\n<\/p>\n<p>* Nome\n<\/p>\n<p><span class=\"wpcf7-form-control-wrap\" data-name=\"your-name\"><input size=\"40\" maxlength=\"400\" class=\"wpcf7-form-control wpcf7-text wpcf7-validates-as-required\" aria-required=\"true\" aria-invalid=\"false\" value=\"\" type=\"text\" name=\"your-name\" \/><\/span>\n<\/p>\n<p>* Logotipo <span class=\"wpcf7-form-control-wrap\" data-name=\"file-621\"><input size=\"40\" class=\"wpcf7-form-control wpcf7-file\" accept=\"audio\/*,video\/*,image\/*\" aria-invalid=\"false\" type=\"file\" name=\"file-621\" \/><\/span>\n<\/p>\n<h2>PREFER\u00caNCIAS\n<\/h2>\n<p>* Aroma\n<\/p>\n<p><span class=\"wpcf7-form-control-wrap\" data-name=\"your-name\"><input size=\"40\" maxlength=\"400\" class=\"wpcf7-form-control wpcf7-text wpcf7-validates-as-required\" aria-required=\"true\" aria-invalid=\"false\" value=\"\" type=\"text\" name=\"your-name\" \/><\/span>\n<\/p>\n<h2>PERFIL DO CONSUMIDOR\n<\/h2>\n<p>* Descri\u00e7\u00e3o\n<\/p>\n<p><span class=\"wpcf7-form-control-wrap\" data-name=\"your-name\"><input size=\"40\" maxlength=\"400\" class=\"wpcf7-form-control wpcf7-text wpcf7-validates-as-required\" aria-required=\"true\" aria-invalid=\"false\" value=\"\" type=\"text\" name=\"your-name\" \/><\/span>\n<\/p>\n<p>* Idade\n<\/p>\n<p><span class=\"wpcf7-form-control-wrap\" data-name=\"your-name\"><input size=\"40\" maxlength=\"400\" class=\"wpcf7-form-control wpcf7-text wpcf7-validates-as-required\" aria-required=\"true\" aria-invalid=\"false\" value=\"\" type=\"text\" name=\"your-name\" \/><\/span>\n<\/p>\n<p>* Sexo <span class=\"wpcf7-form-control-wrap\" data-name=\"radio-592\"><span class=\"wpcf7-form-control wpcf7-radio\"><span class=\"wpcf7-list-item first\"><input type=\"radio\" name=\"radio-592\" value=\"Mulher\" checked=\"checked\" \/><span class=\"wpcf7-list-item-label\">Mulher<\/span><\/span><span class=\"wpcf7-list-item\"><input type=\"radio\" name=\"radio-592\" value=\"Homem\" \/><span class=\"wpcf7-list-item-label\">Homem<\/span><\/span><span class=\"wpcf7-list-item last\"><input type=\"radio\" name=\"radio-592\" value=\"Ambos\" \/><span class=\"wpcf7-list-item-label\">Ambos<\/span><\/span><\/span><\/span>\n<\/p>\n<p>* Profiss\u00e3o\n<\/p>\n<p><span class=\"wpcf7-form-control-wrap\" data-name=\"your-name\"><input size=\"40\" maxlength=\"400\" class=\"wpcf7-form-control wpcf7-text wpcf7-validates-as-required\" aria-required=\"true\" aria-invalid=\"false\" value=\"\" type=\"text\" name=\"your-name\" \/><\/span>\n<\/p>\n<h2>MERCADO\n<\/h2>\n<p>* Descri\u00e7\u00e3o\n<\/p>\n<p><span class=\"wpcf7-form-control-wrap\" data-name=\"your-name\"><input size=\"40\" maxlength=\"400\" class=\"wpcf7-form-control wpcf7-text wpcf7-validates-as-required\" aria-required=\"true\" aria-invalid=\"false\" value=\"\" type=\"text\" name=\"your-name\" \/><\/span>\n<\/p>\n<p>* Posicionamento atual\n<\/p>\n<p><span class=\"wpcf7-form-control-wrap\" data-name=\"your-name\"><input size=\"40\" maxlength=\"400\" class=\"wpcf7-form-control wpcf7-text wpcf7-validates-as-required\" aria-required=\"true\" aria-invalid=\"false\" value=\"\" type=\"text\" name=\"your-name\" \/><\/span>\n<\/p>\n<p>* Posicionamento desejado\n<\/p>\n<p><span class=\"wpcf7-form-control-wrap\" data-name=\"your-name\"><input size=\"40\" maxlength=\"400\" class=\"wpcf7-form-control wpcf7-text wpcf7-validates-as-required\" aria-required=\"true\" aria-invalid=\"false\" value=\"\" type=\"text\" name=\"your-name\" \/><\/span>\n<\/p>\n<h2>AN\u00c1LISE DE AROMAS\n<\/h2>\n<p>* Objetivo\n<\/p>\n<p><span class=\"wpcf7-form-control-wrap\" data-name=\"your-name\"><input size=\"40\" maxlength=\"400\" class=\"wpcf7-form-control wpcf7-text wpcf7-validates-as-required\" aria-required=\"true\" aria-invalid=\"false\" value=\"\" type=\"text\" name=\"your-name\" \/><\/span>\n<\/p>\n<p>* Caracter\u00edsticas\n<\/p>\n<p><span class=\"wpcf7-form-control-wrap\" data-name=\"your-name\"><input size=\"40\" maxlength=\"400\" class=\"wpcf7-form-control wpcf7-text wpcf7-validates-as-required\" aria-required=\"true\" aria-invalid=\"false\" value=\"\" type=\"text\" name=\"your-name\" \/><\/span>\n<\/p>\n<span class=\"wpcf7-form-control-wrap recaptcha\" data-name=\"recaptcha\"><span class=\"wpcf7-form-control wpcf7-recaptcha g-recaptcha\"><\/span><\/span>\n<p><input class=\"wpcf7-form-control wpcf7-submit has-spinner\" type=\"submit\" value=\"Enviar\" \/>\n<\/p><p style=\"display: none !important;\" class=\"akismet-fields-container\" data-prefix=\"_wpcf7_ak_\"><label>&#916;<textarea name=\"_wpcf7_ak_hp_textarea\" cols=\"45\" rows=\"8\" maxlength=\"100\"><\/textarea><\/label><input type=\"hidden\" id=\"ak_js_1\" name=\"_wpcf7_ak_js\" value=\"38\"\/><script>document.getElementById( \"ak_js_1\" ).setAttribute( \"value\", ( new Date() ).getTime() );<\/script><\/p><div class=\"wpcf7-response-output\" aria-hidden=\"true\"><\/div>\n<\/form>\n<\/div>\n[\/vc_column][\/vc_row]<\/p>\n<\/div>","protected":false},"excerpt":{"rendered":"<p>[vc_row][vc_column][\/vc_column][\/vc_row]<\/p>\n","protected":false},"author":1,"featured_media":0,"parent":0,"menu_order":0,"comment_status":"closed","ping_status":"closed","template":"","meta":{"footnotes":""},"class_list":["post-7183","page","type-page","status-publish","hentry"],"yoast_head":"<!-- This site is optimized with the Yoast SEO plugin v26.9 - https:\/\/yoast.com\/product\/yoast-seo-wordpress\/ -->\n<title>Aromatiza\u00e7\u00e3o Profissional para Empresas | Bluenatur<\/title>\n<meta name=\"description\" content=\"Especialistas em marketing olfativo e aromatiza\u00e7\u00e3o de espa\u00e7os em Portugal. Criamos fragr\u00e2ncias corporativas para hot\u00e9is, cl\u00ednicas.\" \/>\n<meta name=\"robots\" content=\"index, follow, max-snippet:-1, max-image-preview:large, max-video-preview:-1\" \/>\n<link rel=\"canonical\" href=\"https:\/\/bluenatur.com\/pt\/brief-analitico\/\" \/>\n<meta property=\"og:locale\" content=\"pt_PT\" \/>\n<meta property=\"og:type\" content=\"article\" \/>\n<meta property=\"og:title\" content=\"Aromatiza\u00e7\u00e3o Profissional para Empresas | Bluenatur\" \/>\n<meta property=\"og:description\" content=\"Especialistas em marketing olfativo e aromatiza\u00e7\u00e3o de espa\u00e7os em Portugal. Criamos fragr\u00e2ncias corporativas para hot\u00e9is, cl\u00ednicas.\" \/>\n<meta property=\"og:url\" content=\"https:\/\/bluenatur.com\/pt\/brief-analitico\/\" \/>\n<meta property=\"og:site_name\" content=\"Bluenatur \u00b7 Frag\u00e2ncia que despertam emo\u00e7\u00f5es\" \/>\n<meta property=\"article:modified_time\" content=\"2026-02-16T08:14:41+00:00\" \/>\n<meta name=\"twitter:card\" content=\"summary_large_image\" \/>\n<meta name=\"twitter:label1\" content=\"Tempo estimado de leitura\" \/>\n\t<meta name=\"twitter:data1\" content=\"1 minuto\" \/>\n<script type=\"application\/ld+json\" class=\"yoast-schema-graph\">{\"@context\":\"https:\/\/schema.org\",\"@graph\":[{\"@type\":\"WebPage\",\"@id\":\"https:\/\/bluenatur.com\/pt\/brief-analitico\/\",\"url\":\"https:\/\/bluenatur.com\/pt\/brief-analitico\/\",\"name\":\"Aromatiza\u00e7\u00e3o Profissional para Empresas | Bluenatur\",\"isPartOf\":{\"@id\":\"https:\/\/bluenatur.com\/pt\/#website\"},\"datePublished\":\"2016-11-24T09:02:29+00:00\",\"dateModified\":\"2026-02-16T08:14:41+00:00\",\"description\":\"Especialistas em marketing olfativo e aromatiza\u00e7\u00e3o de espa\u00e7os em Portugal. Criamos fragr\u00e2ncias corporativas para hot\u00e9is, cl\u00ednicas.\",\"breadcrumb\":{\"@id\":\"https:\/\/bluenatur.com\/pt\/brief-analitico\/#breadcrumb\"},\"inLanguage\":\"pt-PT\",\"potentialAction\":[{\"@type\":\"ReadAction\",\"target\":[\"https:\/\/bluenatur.com\/pt\/brief-analitico\/\"]}]},{\"@type\":\"BreadcrumbList\",\"@id\":\"https:\/\/bluenatur.com\/pt\/brief-analitico\/#breadcrumb\",\"itemListElement\":[{\"@type\":\"ListItem\",\"position\":1,\"name\":\"In\u00edcio\",\"item\":\"https:\/\/bluenatur.com\/pt\/\"},{\"@type\":\"ListItem\",\"position\":2,\"name\":\"Brief Anal\u00edtico\"}]},{\"@type\":\"WebSite\",\"@id\":\"https:\/\/bluenatur.com\/pt\/#website\",\"url\":\"https:\/\/bluenatur.com\/pt\/\",\"name\":\"Bluenatur \u00b7 Frag\u00e2ncia que despertam emo\u00e7\u00f5es\",\"description\":\"Uma simple frag\u00e2ncia pode transportar-nos para lugares escondidos na nossa mem\u00f3ria.\",\"publisher\":{\"@id\":\"https:\/\/bluenatur.com\/pt\/#organization\"},\"potentialAction\":[{\"@type\":\"SearchAction\",\"target\":{\"@type\":\"EntryPoint\",\"urlTemplate\":\"https:\/\/bluenatur.com\/pt\/?s={search_term_string}\"},\"query-input\":{\"@type\":\"PropertyValueSpecification\",\"valueRequired\":true,\"valueName\":\"search_term_string\"}}],\"inLanguage\":\"pt-PT\"},{\"@type\":\"Organization\",\"@id\":\"https:\/\/bluenatur.com\/pt\/#organization\",\"name\":\"Bluenatur \u00b7 Frag\u00e2ncia que despertam emo\u00e7\u00f5es\",\"url\":\"https:\/\/bluenatur.com\/pt\/\",\"logo\":{\"@type\":\"ImageObject\",\"inLanguage\":\"pt-PT\",\"@id\":\"https:\/\/bluenatur.com\/pt\/#\/schema\/logo\/image\/\",\"url\":\"https:\/\/bluenatur.com\/pt\/wp-content\/uploads\/2026\/01\/logo_img-1.jpg\",\"contentUrl\":\"https:\/\/bluenatur.com\/pt\/wp-content\/uploads\/2026\/01\/logo_img-1.jpg\",\"width\":1200,\"height\":800,\"caption\":\"Bluenatur \u00b7 Frag\u00e2ncia que despertam emo\u00e7\u00f5es\"},\"image\":{\"@id\":\"https:\/\/bluenatur.com\/pt\/#\/schema\/logo\/image\/\"}}]}<\/script>\n<!-- \/ Yoast SEO plugin. -->","yoast_head_json":{"title":"Aromatiza\u00e7\u00e3o Profissional para Empresas | Bluenatur","description":"Especialistas em marketing olfativo e aromatiza\u00e7\u00e3o de espa\u00e7os em Portugal. Criamos fragr\u00e2ncias corporativas para hot\u00e9is, cl\u00ednicas.","robots":{"index":"index","follow":"follow","max-snippet":"max-snippet:-1","max-image-preview":"max-image-preview:large","max-video-preview":"max-video-preview:-1"},"canonical":"https:\/\/bluenatur.com\/pt\/brief-analitico\/","og_locale":"pt_PT","og_type":"article","og_title":"Aromatiza\u00e7\u00e3o Profissional para Empresas | Bluenatur","og_description":"Especialistas em marketing olfativo e aromatiza\u00e7\u00e3o de espa\u00e7os em Portugal. Criamos fragr\u00e2ncias corporativas para hot\u00e9is, cl\u00ednicas.","og_url":"https:\/\/bluenatur.com\/pt\/brief-analitico\/","og_site_name":"Bluenatur \u00b7 Frag\u00e2ncia que despertam emo\u00e7\u00f5es","article_modified_time":"2026-02-16T08:14:41+00:00","twitter_card":"summary_large_image","twitter_misc":{"Tempo estimado de leitura":"1 minuto"},"schema":{"@context":"https:\/\/schema.org","@graph":[{"@type":"WebPage","@id":"https:\/\/bluenatur.com\/pt\/brief-analitico\/","url":"https:\/\/bluenatur.com\/pt\/brief-analitico\/","name":"Aromatiza\u00e7\u00e3o Profissional para Empresas | Bluenatur","isPartOf":{"@id":"https:\/\/bluenatur.com\/pt\/#website"},"datePublished":"2016-11-24T09:02:29+00:00","dateModified":"2026-02-16T08:14:41+00:00","description":"Especialistas em marketing olfativo e aromatiza\u00e7\u00e3o de espa\u00e7os em Portugal. Criamos fragr\u00e2ncias corporativas para hot\u00e9is, cl\u00ednicas.","breadcrumb":{"@id":"https:\/\/bluenatur.com\/pt\/brief-analitico\/#breadcrumb"},"inLanguage":"pt-PT","potentialAction":[{"@type":"ReadAction","target":["https:\/\/bluenatur.com\/pt\/brief-analitico\/"]}]},{"@type":"BreadcrumbList","@id":"https:\/\/bluenatur.com\/pt\/brief-analitico\/#breadcrumb","itemListElement":[{"@type":"ListItem","position":1,"name":"In\u00edcio","item":"https:\/\/bluenatur.com\/pt\/"},{"@type":"ListItem","position":2,"name":"Brief Anal\u00edtico"}]},{"@type":"WebSite","@id":"https:\/\/bluenatur.com\/pt\/#website","url":"https:\/\/bluenatur.com\/pt\/","name":"Bluenatur \u00b7 Frag\u00e2ncia que despertam emo\u00e7\u00f5es","description":"Uma simple frag\u00e2ncia pode transportar-nos para lugares escondidos na nossa mem\u00f3ria.","publisher":{"@id":"https:\/\/bluenatur.com\/pt\/#organization"},"potentialAction":[{"@type":"SearchAction","target":{"@type":"EntryPoint","urlTemplate":"https:\/\/bluenatur.com\/pt\/?s={search_term_string}"},"query-input":{"@type":"PropertyValueSpecification","valueRequired":true,"valueName":"search_term_string"}}],"inLanguage":"pt-PT"},{"@type":"Organization","@id":"https:\/\/bluenatur.com\/pt\/#organization","name":"Bluenatur \u00b7 Frag\u00e2ncia que despertam emo\u00e7\u00f5es","url":"https:\/\/bluenatur.com\/pt\/","logo":{"@type":"ImageObject","inLanguage":"pt-PT","@id":"https:\/\/bluenatur.com\/pt\/#\/schema\/logo\/image\/","url":"https:\/\/bluenatur.com\/pt\/wp-content\/uploads\/2026\/01\/logo_img-1.jpg","contentUrl":"https:\/\/bluenatur.com\/pt\/wp-content\/uploads\/2026\/01\/logo_img-1.jpg","width":1200,"height":800,"caption":"Bluenatur \u00b7 Frag\u00e2ncia que despertam emo\u00e7\u00f5es"},"image":{"@id":"https:\/\/bluenatur.com\/pt\/#\/schema\/logo\/image\/"}}]}},"_links":{"self":[{"href":"https:\/\/bluenatur.com\/pt\/wp-json\/wp\/v2\/pages\/7183","targetHints":{"allow":["GET"]}}],"collection":[{"href":"https:\/\/bluenatur.com\/pt\/wp-json\/wp\/v2\/pages"}],"about":[{"href":"https:\/\/bluenatur.com\/pt\/wp-json\/wp\/v2\/types\/page"}],"author":[{"embeddable":true,"href":"https:\/\/bluenatur.com\/pt\/wp-json\/wp\/v2\/users\/1"}],"replies":[{"embeddable":true,"href":"https:\/\/bluenatur.com\/pt\/wp-json\/wp\/v2\/comments?post=7183"}],"version-history":[{"count":1,"href":"https:\/\/bluenatur.com\/pt\/wp-json\/wp\/v2\/pages\/7183\/revisions"}],"predecessor-version":[{"id":9870,"href":"https:\/\/bluenatur.com\/pt\/wp-json\/wp\/v2\/pages\/7183\/revisions\/9870"}],"wp:attachment":[{"href":"https:\/\/bluenatur.com\/pt\/wp-json\/wp\/v2\/media?parent=7183"}],"curies":[{"name":"wp","href":"https:\/\/api.w.org\/{rel}","templated":true}]}}