{"id":5968,"date":"2016-06-02T17:21:42","date_gmt":"2016-06-02T17:21:42","guid":{"rendered":"http:\/\/santaelisabet.com\/1sites\/ambinatur\/?page_id=5968"},"modified":"2026-02-16T08:17:06","modified_gmt":"2026-02-16T08:17:06","slug":"ambientadores-profesionales","status":"publish","type":"page","link":"https:\/\/bluenatur.com\/pt\/ambientadores-profesionales\/","title":{"rendered":"Dispositivos"},"content":{"rendered":"<div class=\"wpb-content-wrapper\"><p>[vc_row overlap=&#8221;bottom&#8221; overlap_distance=&#8221;0&#8243; overlap_index=&#8221;50&#8243; padding_size=&#8221;l-padding&#8221; css=&#8221;.vc_custom_1445754657417{padding-bottom: 0px !important;}&#8221;][vc_column overlap=&#8221;bottom&#8221; overlap_distance=&#8221;0&#8243; overlap_index=&#8221;50&#8243; width=&#8221;1\/3&#8243;][wyde_heading style=&#8221;2&#8243; text_align=&#8221;left&#8221; title=&#8221;Obtenha&#8221; subheading=&#8221;uma aromatiza\u00e7\u00e3o uniforme.&#8221;][vc_empty_space][vc_column_text]Os nossos difusores de fragr\u00e2ncias exclusivos e de \u00faltima gera\u00e7\u00e3o utilizam tecnologia avan\u00e7ada para criar uma fragr\u00e2ncia uniforme em qualquer ambiente. As part\u00edculas de fragr\u00e2ncia difundem-se e permanecem no ar durante um per\u00edodo prolongado. Personalize os seus espa\u00e7os com designs neutros que complementam qualquer decora\u00e7\u00e3o.[\/vc_column_text][\/vc_column][vc_column width=&#8221;1\/3&#8243;][vc_single_image img_size=&#8221;overlap-fullwidth&#8221; alignment=&#8221;center&#8221; image=&#8221;9804&#8243;][\/vc_column][vc_column width=&#8221;1\/3&#8243;][vc_single_image img_size=&#8221;overlap-large&#8221; image=&#8221;9803&#8243;][vc_empty_space height=&#8221;60px&#8221;][\/vc_column][\/vc_row][vc_row padding_size=&#8221;no-padding&#8221; parallax=&#8221;parallax&#8221; bg_image_url=&#8221;http:\/\/santaelisabet.com\/1sites\/ambinatur\/wp-content\/uploads\/2016\/06\/dispositivos-ambientacion-ambinatur-150&#215;150.jpg&#8221; background_image=&#8221;6601&#8243; background_color=&#8221;#ffffff&#8221;][vc_column width=&#8221;1\/3&#8243; offset=&#8221;vc_hidden-sm vc_hidden-xs&#8221;][\/vc_column][vc_column overlap=&#8221;bottom&#8221; overlap_distance=&#8221;100px&#8221; overlap_index=&#8221;50&#8243; width=&#8221;2\/3&#8243;][vc_row_inner background_color=&#8221;#ffffff&#8221; css=&#8221;.vc_custom_1445753439968{padding-top: 30px !important;padding-right: 15px !important;padding-bottom: 30px !important;padding-left: 15px !important;}&#8221;][vc_column_inner width=&#8221;1\/2&#8243;][vc_single_image img_size=&#8221;overlap-fullwidth&#8221; alignment=&#8221;center&#8221; image=&#8221;9805&#8243;][\/vc_column_inner][vc_column_inner overlap=&#8221;right&#8221; overlap_distance=&#8221;0&#8243; overlap_index=&#8221;50&#8243; width=&#8221;1\/2&#8243;][wyde_heading style=&#8221;6&#8243; text_align=&#8221;left&#8221; title=&#8221;Personalize&#8221; subheading=&#8221;os seus espa\u00e7os&#8221;][vc_empty_space height=&#8221;20px&#8221;][vc_column_text]<\/p>\n<p style=\"text-align: justify;\">Os nossos dispositivos oferecem a possibilidade de regular a programa\u00e7\u00e3o e a intensidade, permitindo otimizar o consumo de fragr\u00e2ncias e minimizar a utiliza\u00e7\u00e3o do produto. Outros dispositivos podem ser ligados ao sistema de climatiza\u00e7\u00e3o do edif\u00edcio, garantindo uma distribui\u00e7\u00e3o uniforme da fragr\u00e2ncia em todos os tipos de ambientes.<\/p>\n<p>[\/vc_column_text][\/vc_column_inner][\/vc_row_inner][\/vc_column][\/vc_row][vc_row padding_size=&#8221;no-padding&#8221;][vc_column offset=&#8221;vc_hidden-sm vc_hidden-xs&#8221;][vc_empty_space height=&#8221;100px&#8221;][\/vc_column][\/vc_row][vc_row row_style=&#8221;full-width&#8221; overlap=&#8221;right&#8221;][vc_column overlap=&#8221;left&#8221; offset=&#8221;vc_col-lg-offset-0 vc_col-md-offset-0 vc_col-sm-offset-0&#8243;][vc_empty_space height=&#8221;60px&#8221;][wyde_heading style=&#8221;4&#8243; title=&#8221;Dispositivos&#8221; subheading=&#8221;BLUENATUR&#8221; animation=&#8221;slideInLeft&#8221;][wyde_slider][wyde_slide title=&#8221;BLUENEBUL 100&#8243; slide_id=&#8221;1517238848009-5-8&#8243; subtitle=&#8221;Microdifus\u00e3o 10 &#8211; 30m\u00b2&#8221; image=&#8221;9811&#8243;]<\/p>\n<p style=\"text-align: justify;\">Ideal para perfumar espa\u00e7os pequenos. O seu design neutro facilita a personaliza\u00e7\u00e3o e a adapta\u00e7\u00e3o a qualquer decora\u00e7\u00e3o. A fragr\u00e2ncia pode ser ajustada para regular tanto o tempo como a intensidade.<\/p>\n<p>[\/wyde_slide][wyde_slide title=&#8221;BLUENEBUL 150&#8243; slide_id=&#8221;1466174743044-2-0&#8243; subtitle=&#8221;Microdifus\u00e3o 50 &#8211; 100m\u00b2&#8221; image=&#8221;9809&#8243;]<\/p>\n<p align=\"justify\">O seu design neutro e a possibilidade de personaliza\u00e7\u00e3o ao gosto do cliente fazem dele um elemento atrativo e adapt\u00e1vel a qualquer tipo de decora\u00e7\u00e3o. Al\u00e9m disso, integra-se no sistema de ar condicionado, garantindo uma distribui\u00e7\u00e3o uniforme do ar.<\/p>\n<p>[\/wyde_slide][wyde_slide title=&#8221;BLUENEBUL 200&#8243; slide_id=&#8221;1767609904391-5-5&#8243; subtitle=&#8221;Microdifus\u00e3o 200m\u00b2&#8221; image=&#8221;9814&#8243;]<\/p>\n<p align=\"justify\">Possui um design elegante e minimalista. Ideal para perfumar espa\u00e7os de todos os tamanhos de forma silenciosa, uniforme e limpa. Uma n\u00e9voa seca de fragr\u00e2ncia espalha-se de forma eficaz e cont\u00ednua por todo o ambiente.<\/p>\n<p>[\/wyde_slide][wyde_slide title=&#8221;BLUENEBUL 500&#8243; slide_id=&#8221;1516297185281-3-3&#8243; subtitle=&#8221;Microdifus\u00e3o 100 &#8211; 300m\u00b2&#8221; image=&#8221;9810&#8243;]<\/p>\n<p align=\"justify\">O seu design neutro e a possibilidade de personaliza\u00e7\u00e3o ao gosto do cliente fazem dele um elemento atrativo e adapt\u00e1vel a qualquer tipo de decora\u00e7\u00e3o. Al\u00e9m disso, integra-se no sistema de ar condicionado, garantindo uma distribui\u00e7\u00e3o uniforme do ar.<\/p>\n<p>[\/wyde_slide][wyde_slide title=&#8221;BLUENEBUL 1000&#8243; slide_id=&#8221;1466174966183-4-8&#8243; subtitle=&#8221;Microdifus\u00e3o 500m\u00b2&#8221; image=&#8221;9812&#8243;]<\/p>\n<p align=\"justify\">Com o seu design inovador, oferece a m\u00e1xima pot\u00eancia. Utiliza a tecnologia de micronebuliza\u00e7\u00e3o para a difus\u00e3o de fragr\u00e2ncias, transformando as mol\u00e9culas do fragr\u00e2ncia em part\u00edculas microsc\u00f3picas e garantindo uma aromatiza\u00e7\u00e3o perfeita.<\/p>\n<p>[\/wyde_slide][wyde_slide title=&#8221;BLUENEBUL 2500&#8243; slide_id=&#8221;1466174902833-3-7&#8243; subtitle=&#8221;Microdifus\u00e3o 500m\u00b2&#8221; image=&#8221;9813&#8243;]<\/p>\n<p align=\"justify\">M\u00e1xima pot\u00eancia de fragr\u00e2ncia. O seu sistema de micronebuliza\u00e7\u00e3o permite lig\u00e1-lo ao seu sistema de ar condicionado, transformando as mol\u00e9culas da fragr\u00e2ncia em part\u00edculas uniformes para todo o ambiente.<\/p>\n<p>[\/wyde_slide][wyde_slide title=&#8221;BLUENEBUL TOWER&#8221; slide_id=&#8221;1767610136776-6-5&#8243; subtitle=&#8221;Microdifus\u00e3o 500m\u00b2&#8221; image=&#8221;9808&#8243;]<\/p>\n<p align=\"justify\">Este nebulizador possui conectividade Bluetooth e \u00e9 programado atrav\u00e9s do telem\u00f3vel. \u00c9 recomendado para clientes exigentes em design e est\u00e9tica.<\/p>\n<p>[\/wyde_slide][\/wyde_slider][\/vc_column][\/vc_row][vc_row padding_size=&#8221;no-padding&#8221;][vc_column offset=&#8221;vc_hidden-sm vc_hidden-xs&#8221;][vc_empty_space height=&#8221;100px&#8221;][\/vc_column][\/vc_row][vc_row row_style=&#8221;full-width&#8221; equal_height=&#8221;true&#8221; vertical_align=&#8221;middle&#8221; padding_size=&#8221;no-padding&#8221; background_color=&#8221;#2f496a&#8221;][vc_column text_align=&#8221;center&#8221; padding_size=&#8221;l-padding&#8221; width=&#8221;1\/2&#8243;][vc_empty_space height=&#8221;20px&#8221;][vc_custom_heading text=&#8221;Que espa\u00e7o pretende perfumar?&#8221; font_container=&#8221;tag:h2|text_align:center|color:%23ffffff&#8221; google_fonts=&#8221;font_family:Playfair%20Display%3Aregular%2Citalic%2C700%2C700italic%2C900%2C900italic|font_style:700%20bold%20regular%3A700%3Anormal&#8221;][wyde_separator text_align=&#8221;center&#8221; color=&#8221;#ffffff&#8221;][vc_column_text]<span style=\"color: #ffffff;\">Os nossos profissionais ir\u00e3o visit\u00e1-lo e aconselh\u00e1-lo, sem qualquer compromisso, para encontrar a fragr\u00e2ncia perfeita para a sua empresa.<\/span>[\/vc_column_text][vc_empty_space height=&#8221;40px&#8221;][wyde_link_button icon_set=&#8221;simple_line&#8221; style=&#8221;outline&#8221; size=&#8221;large&#8221; icon_simple_line=&#8221;sl-mouse&#8221; title=&#8221;CONTACTE-NOS&#8221; link=&#8221;url:https%3A%2F%2Fbluenatur.com%2Fpt%2Fcontactoportugal%2F&#8221; color=&#8221;#ffffff&#8221; hover_color=&#8221;#000000&#8243;][vc_empty_space height=&#8221;20px&#8221;][\/vc_column][vc_column padding_size=&#8221;no-padding&#8221; background_style=&#8221;cover&#8221; background_position=&#8221;right top&#8221; width=&#8221;1\/2&#8243; bg_image_url=&#8221;http:\/\/santaelisabet.com\/1sites\/ambinatur\/wp-content\/uploads\/2016\/06\/atencionalclienteambinatur-150&#215;150.jpg&#8221; background_image=&#8221;6638&#8243;][vc_empty_space height=&#8221;400px&#8221;][\/vc_column][\/vc_row][vc_row][vc_column][wyde_clients_carousel image_size=&#8221;full&#8221; visible_items=&#8221;5&#8243; show_pagination=&#8221;true&#8221; auto_play=&#8221;true&#8221; images=&#8221;9816,9817,9818,9819,9820,9821,9822,9823,9824,9825,9826,9827,9828,9829,9830&#8243;][vc_empty_space height=&#8221;40px&#8221;][\/vc_column][\/vc_row]<\/p>\n<\/div>","protected":false},"excerpt":{"rendered":"<p>[vc_row overlap=&#8221;bottom&#8221; overlap_distance=&#8221;0&#8243; overlap_index=&#8221;50&#8243; padding_size=&#8221;l-padding&#8221; css=&#8221;.vc_custom_1445754657417{padding-bottom: 0px !important;}&#8221;][vc_column overlap=&#8221;bottom&#8221; overlap_distance=&#8221;0&#8243; overlap_index=&#8221;50&#8243; width=&#8221;1\/3&#8243;][wyde_heading style=&#8221;2&#8243; text_align=&#8221;left&#8221; title=&#8221;Obtenha&#8221; subheading=&#8221;uma aromatiza\u00e7\u00e3o uniforme.&#8221;][vc_empty_space][vc_column_text]Os nossos difusores de fragr\u00e2ncias exclusivos e de \u00faltima gera\u00e7\u00e3o utilizam tecnologia avan\u00e7ada para criar uma fragr\u00e2ncia uniforme em qualquer ambiente. As part\u00edculas de fragr\u00e2ncia difundem-se e permanecem no ar durante um per\u00edodo prolongado. Personalize os seus espa\u00e7os [&hellip;]<\/p>\n","protected":false},"author":1,"featured_media":0,"parent":0,"menu_order":0,"comment_status":"closed","ping_status":"closed","template":"","meta":{"footnotes":""},"class_list":["post-5968","page","type-page","status-publish","hentry"],"yoast_head":"<!-- This site is optimized with the Yoast SEO plugin v26.9 - https:\/\/yoast.com\/product\/yoast-seo-wordpress\/ -->\n<title>Aromatiza\u00e7\u00e3o Profissional para Empresas | Bluenatur<\/title>\n<meta name=\"description\" content=\"Especialistas em marketing olfativo e aromatiza\u00e7\u00e3o de espa\u00e7os em Portugal. Criamos fragr\u00e2ncias corporativas para hot\u00e9is, cl\u00ednicas...\" \/>\n<meta name=\"robots\" content=\"index, follow, max-snippet:-1, max-image-preview:large, max-video-preview:-1\" \/>\n<link rel=\"canonical\" href=\"https:\/\/bluenatur.com\/pt\/ambientadores-profesionales\/\" \/>\n<meta property=\"og:locale\" content=\"pt_PT\" \/>\n<meta property=\"og:type\" content=\"article\" \/>\n<meta property=\"og:title\" content=\"Aromatiza\u00e7\u00e3o Profissional para Empresas | Bluenatur\" \/>\n<meta property=\"og:description\" content=\"Especialistas em marketing olfativo e aromatiza\u00e7\u00e3o de espa\u00e7os em Portugal. Criamos fragr\u00e2ncias corporativas para hot\u00e9is, cl\u00ednicas...\" \/>\n<meta property=\"og:url\" content=\"https:\/\/bluenatur.com\/pt\/ambientadores-profesionales\/\" \/>\n<meta property=\"og:site_name\" content=\"Bluenatur \u00b7 Frag\u00e2ncia que despertam emo\u00e7\u00f5es\" \/>\n<meta property=\"article:modified_time\" content=\"2026-02-16T08:17:06+00:00\" \/>\n<meta name=\"twitter:card\" content=\"summary_large_image\" \/>\n<meta name=\"twitter:label1\" content=\"Tempo estimado de leitura\" \/>\n\t<meta name=\"twitter:data1\" content=\"3 minutos\" \/>\n<script type=\"application\/ld+json\" class=\"yoast-schema-graph\">{\"@context\":\"https:\/\/schema.org\",\"@graph\":[{\"@type\":\"WebPage\",\"@id\":\"https:\/\/bluenatur.com\/pt\/ambientadores-profesionales\/\",\"url\":\"https:\/\/bluenatur.com\/pt\/ambientadores-profesionales\/\",\"name\":\"Aromatiza\u00e7\u00e3o Profissional para Empresas | Bluenatur\",\"isPartOf\":{\"@id\":\"https:\/\/bluenatur.com\/pt\/#website\"},\"datePublished\":\"2016-06-02T17:21:42+00:00\",\"dateModified\":\"2026-02-16T08:17:06+00:00\",\"description\":\"Especialistas em marketing olfativo e aromatiza\u00e7\u00e3o de espa\u00e7os em Portugal. Criamos fragr\u00e2ncias corporativas para hot\u00e9is, cl\u00ednicas...\",\"breadcrumb\":{\"@id\":\"https:\/\/bluenatur.com\/pt\/ambientadores-profesionales\/#breadcrumb\"},\"inLanguage\":\"pt-PT\",\"potentialAction\":[{\"@type\":\"ReadAction\",\"target\":[\"https:\/\/bluenatur.com\/pt\/ambientadores-profesionales\/\"]}]},{\"@type\":\"BreadcrumbList\",\"@id\":\"https:\/\/bluenatur.com\/pt\/ambientadores-profesionales\/#breadcrumb\",\"itemListElement\":[{\"@type\":\"ListItem\",\"position\":1,\"name\":\"In\u00edcio\",\"item\":\"https:\/\/bluenatur.com\/pt\/\"},{\"@type\":\"ListItem\",\"position\":2,\"name\":\"Dispositivos\"}]},{\"@type\":\"WebSite\",\"@id\":\"https:\/\/bluenatur.com\/pt\/#website\",\"url\":\"https:\/\/bluenatur.com\/pt\/\",\"name\":\"Bluenatur \u00b7 Frag\u00e2ncia que despertam emo\u00e7\u00f5es\",\"description\":\"Uma simple frag\u00e2ncia pode transportar-nos para lugares escondidos na nossa mem\u00f3ria.\",\"publisher\":{\"@id\":\"https:\/\/bluenatur.com\/pt\/#organization\"},\"potentialAction\":[{\"@type\":\"SearchAction\",\"target\":{\"@type\":\"EntryPoint\",\"urlTemplate\":\"https:\/\/bluenatur.com\/pt\/?s={search_term_string}\"},\"query-input\":{\"@type\":\"PropertyValueSpecification\",\"valueRequired\":true,\"valueName\":\"search_term_string\"}}],\"inLanguage\":\"pt-PT\"},{\"@type\":\"Organization\",\"@id\":\"https:\/\/bluenatur.com\/pt\/#organization\",\"name\":\"Bluenatur \u00b7 Frag\u00e2ncia que despertam emo\u00e7\u00f5es\",\"url\":\"https:\/\/bluenatur.com\/pt\/\",\"logo\":{\"@type\":\"ImageObject\",\"inLanguage\":\"pt-PT\",\"@id\":\"https:\/\/bluenatur.com\/pt\/#\/schema\/logo\/image\/\",\"url\":\"https:\/\/bluenatur.com\/pt\/wp-content\/uploads\/2026\/01\/logo_img-1.jpg\",\"contentUrl\":\"https:\/\/bluenatur.com\/pt\/wp-content\/uploads\/2026\/01\/logo_img-1.jpg\",\"width\":1200,\"height\":800,\"caption\":\"Bluenatur \u00b7 Frag\u00e2ncia que despertam emo\u00e7\u00f5es\"},\"image\":{\"@id\":\"https:\/\/bluenatur.com\/pt\/#\/schema\/logo\/image\/\"}}]}<\/script>\n<!-- \/ Yoast SEO plugin. -->","yoast_head_json":{"title":"Aromatiza\u00e7\u00e3o Profissional para Empresas | Bluenatur","description":"Especialistas em marketing olfativo e aromatiza\u00e7\u00e3o de espa\u00e7os em Portugal. Criamos fragr\u00e2ncias corporativas para hot\u00e9is, cl\u00ednicas...","robots":{"index":"index","follow":"follow","max-snippet":"max-snippet:-1","max-image-preview":"max-image-preview:large","max-video-preview":"max-video-preview:-1"},"canonical":"https:\/\/bluenatur.com\/pt\/ambientadores-profesionales\/","og_locale":"pt_PT","og_type":"article","og_title":"Aromatiza\u00e7\u00e3o Profissional para Empresas | Bluenatur","og_description":"Especialistas em marketing olfativo e aromatiza\u00e7\u00e3o de espa\u00e7os em Portugal. Criamos fragr\u00e2ncias corporativas para hot\u00e9is, cl\u00ednicas...","og_url":"https:\/\/bluenatur.com\/pt\/ambientadores-profesionales\/","og_site_name":"Bluenatur \u00b7 Frag\u00e2ncia que despertam emo\u00e7\u00f5es","article_modified_time":"2026-02-16T08:17:06+00:00","twitter_card":"summary_large_image","twitter_misc":{"Tempo estimado de leitura":"3 minutos"},"schema":{"@context":"https:\/\/schema.org","@graph":[{"@type":"WebPage","@id":"https:\/\/bluenatur.com\/pt\/ambientadores-profesionales\/","url":"https:\/\/bluenatur.com\/pt\/ambientadores-profesionales\/","name":"Aromatiza\u00e7\u00e3o Profissional para Empresas | Bluenatur","isPartOf":{"@id":"https:\/\/bluenatur.com\/pt\/#website"},"datePublished":"2016-06-02T17:21:42+00:00","dateModified":"2026-02-16T08:17:06+00:00","description":"Especialistas em marketing olfativo e aromatiza\u00e7\u00e3o de espa\u00e7os em Portugal. Criamos fragr\u00e2ncias corporativas para hot\u00e9is, cl\u00ednicas...","breadcrumb":{"@id":"https:\/\/bluenatur.com\/pt\/ambientadores-profesionales\/#breadcrumb"},"inLanguage":"pt-PT","potentialAction":[{"@type":"ReadAction","target":["https:\/\/bluenatur.com\/pt\/ambientadores-profesionales\/"]}]},{"@type":"BreadcrumbList","@id":"https:\/\/bluenatur.com\/pt\/ambientadores-profesionales\/#breadcrumb","itemListElement":[{"@type":"ListItem","position":1,"name":"In\u00edcio","item":"https:\/\/bluenatur.com\/pt\/"},{"@type":"ListItem","position":2,"name":"Dispositivos"}]},{"@type":"WebSite","@id":"https:\/\/bluenatur.com\/pt\/#website","url":"https:\/\/bluenatur.com\/pt\/","name":"Bluenatur \u00b7 Frag\u00e2ncia que despertam emo\u00e7\u00f5es","description":"Uma simple frag\u00e2ncia pode transportar-nos para lugares escondidos na nossa mem\u00f3ria.","publisher":{"@id":"https:\/\/bluenatur.com\/pt\/#organization"},"potentialAction":[{"@type":"SearchAction","target":{"@type":"EntryPoint","urlTemplate":"https:\/\/bluenatur.com\/pt\/?s={search_term_string}"},"query-input":{"@type":"PropertyValueSpecification","valueRequired":true,"valueName":"search_term_string"}}],"inLanguage":"pt-PT"},{"@type":"Organization","@id":"https:\/\/bluenatur.com\/pt\/#organization","name":"Bluenatur \u00b7 Frag\u00e2ncia que despertam emo\u00e7\u00f5es","url":"https:\/\/bluenatur.com\/pt\/","logo":{"@type":"ImageObject","inLanguage":"pt-PT","@id":"https:\/\/bluenatur.com\/pt\/#\/schema\/logo\/image\/","url":"https:\/\/bluenatur.com\/pt\/wp-content\/uploads\/2026\/01\/logo_img-1.jpg","contentUrl":"https:\/\/bluenatur.com\/pt\/wp-content\/uploads\/2026\/01\/logo_img-1.jpg","width":1200,"height":800,"caption":"Bluenatur \u00b7 Frag\u00e2ncia que despertam emo\u00e7\u00f5es"},"image":{"@id":"https:\/\/bluenatur.com\/pt\/#\/schema\/logo\/image\/"}}]}},"_links":{"self":[{"href":"https:\/\/bluenatur.com\/pt\/wp-json\/wp\/v2\/pages\/5968","targetHints":{"allow":["GET"]}}],"collection":[{"href":"https:\/\/bluenatur.com\/pt\/wp-json\/wp\/v2\/pages"}],"about":[{"href":"https:\/\/bluenatur.com\/pt\/wp-json\/wp\/v2\/types\/page"}],"author":[{"embeddable":true,"href":"https:\/\/bluenatur.com\/pt\/wp-json\/wp\/v2\/users\/1"}],"replies":[{"embeddable":true,"href":"https:\/\/bluenatur.com\/pt\/wp-json\/wp\/v2\/comments?post=5968"}],"version-history":[{"count":10,"href":"https:\/\/bluenatur.com\/pt\/wp-json\/wp\/v2\/pages\/5968\/revisions"}],"predecessor-version":[{"id":9981,"href":"https:\/\/bluenatur.com\/pt\/wp-json\/wp\/v2\/pages\/5968\/revisions\/9981"}],"wp:attachment":[{"href":"https:\/\/bluenatur.com\/pt\/wp-json\/wp\/v2\/media?parent=5968"}],"curies":[{"name":"wp","href":"https:\/\/api.w.org\/{rel}","templated":true}]}}