{"id":5895,"date":"2016-06-02T14:22:33","date_gmt":"2016-06-02T14:22:33","guid":{"rendered":"http:\/\/santaelisabet.com\/1sites\/ambinatur\/?page_id=5895"},"modified":"2026-02-16T08:23:25","modified_gmt":"2026-02-16T08:23:25","slug":"sectores","status":"publish","type":"page","link":"https:\/\/bluenatur.com\/pt\/sectores\/","title":{"rendered":"Setores"},"content":{"rendered":"<div class=\"wpb-content-wrapper\"><p>[vc_row css=&#8221;.vc_custom_1473356174303{padding-top: 40px !important;}&#8221;][vc_column width=&#8221;1\/4&#8243;][\/vc_column][vc_column width=&#8221;1\/2&#8243;][vc_custom_heading text=&#8221;O mercado procura novas formas de cativar e atrair clientes. Na Bluenatur, ajudamos outras empresas a comercializar os seus produtos e servi\u00e7os e a aumentar as suas vendas. Descubra as solu\u00e7\u00f5es que oferecemos para todos os tipos de espa\u00e7o.&#8221; font_container=&#8221;tag:p|font_size:22px|text_align:center|line_height:36px&#8221; google_fonts=&#8221;font_family:Lato%3A100%2C100italic%2C300%2C300italic%2Cregular%2Citalic%2C700%2C700italic%2C900%2C900italic|font_style:300%20light%20regular%3A300%3Anormal&#8221;][\/vc_column][vc_column width=&#8221;1\/4&#8243;][\/vc_column][\/vc_row][vc_row padding_size=&#8221;xl-padding&#8221; background_position=&#8221;center bottom&#8221; parallax=&#8221;parallax&#8221; bg_image_url=&#8221;http:\/\/santaelisabet.com\/1sites\/ambinatur\/wp-content\/uploads\/2016\/06\/soluciones-150&#215;150.jpg&#8221; background_image=&#8221;6633&#8243;][vc_column][vc_row_inner][vc_column_inner overlap=&#8221;top&#8221; overlap_distance=&#8221;180px&#8221; overlap_index=&#8221;50&#8243;][wyde_heading style=&#8221;4&#8243;][\/vc_column_inner][\/vc_row_inner][vc_row_inner][vc_column_inner overlap=&#8221;top&#8221; overlap_distance=&#8221;180px&#8221; overlap_index=&#8221;50&#8243; offset=&#8221;vc_hidden-lg vc_hidden-md&#8221;][vc_empty_space height=&#8221;60px&#8221;][\/vc_column_inner][\/vc_row_inner][vc_row_inner overlap=&#8221;top&#8221; overlap_distance=&#8221;80px&#8221; overlap_index=&#8221;50&#8243;][vc_column_inner width=&#8221;1\/4&#8243; background_color=&#8221;#f9f9f9&#8243;][wyde_info_box icon_set=&#8221;simple_line&#8221; icon_size=&#8221;large&#8221; color=&#8221;#3b6299&#8243; icon_simple_line=&#8221;sl-basket&#8221; title=&#8221;Lojas&#8221; link=&#8221;||&#8221;]Aumente o tempo que o cliente passa no seu estabelecimento, aumentando assim a probabilidade de compra.[\/wyde_info_box][\/vc_column_inner][vc_column_inner width=&#8221;1\/4&#8243; background_color=&#8221;#ffffff&#8221;][wyde_info_box icon_size=&#8221;large&#8221; color=&#8221;#3b6299&#8243; title=&#8221;Halls e salas de espera&#8221; link=&#8221;||&#8221; icon=&#8221;fa fa-phone&#8221;]Receba os seus clientes calorosamente e aproveite a oportunidade para causar uma boa impress\u00e3o sobre a sua empresa.[\/wyde_info_box][\/vc_column_inner][vc_column_inner width=&#8221;1\/4&#8243; background_color=&#8221;#f9f9f9&#8243;][wyde_info_box icon_size=&#8221;large&#8221; color=&#8221;#3b6299&#8243; title=&#8221;Casas de banho e vesti\u00e1rios&#8221; link=&#8221;||&#8221; icon=&#8221;fa fa-venus-mars&#8221;]Em ambientes pouco ventilados, opte por fragr\u00e2ncias frescas e limpas. Crie uma base neutra e aplique a fragr\u00e2ncia.[\/wyde_info_box][\/vc_column_inner][vc_column_inner width=&#8221;1\/4&#8243; background_color=&#8221;#ffffff&#8221;][wyde_info_box icon_size=&#8221;large&#8221; color=&#8221;#3b6299&#8243; title=&#8221;Resid\u00eancias&#8221; link=&#8221;||&#8221; icon=&#8221;fa fa-home&#8221;]O fragr\u00e2ncia deve complementar a experi\u00eancia global. Os visitantes ficar\u00e3o muito impressionados e o humor dos habitantes locais ir\u00e1 melhorar.[\/wyde_info_box][\/vc_column_inner][vc_column_inner width=&#8221;1\/4&#8243; background_color=&#8221;#ffffff&#8221;][wyde_info_box icon_set=&#8221;simple_line&#8221; icon_size=&#8221;large&#8221; color=&#8221;#3b6299&#8243; title=&#8221;Cl\u00ednicas Dent\u00e1rias&#8221; link=&#8221;||&#8221; icon_simple_line=&#8221;sl-diamond&#8221;]O perfume\u00a0caracter\u00edstico pode ser desagrad\u00e1vel. Crie uma \u00e1rea de rece\u00e7\u00e3o e espera acolhedora e relaxante com as nossas fragr\u00e2ncias.[\/wyde_info_box][\/vc_column_inner][vc_column_inner width=&#8221;1\/4&#8243; background_color=&#8221;#f9f9f9&#8243;][wyde_info_box icon_size=&#8221;large&#8221; color=&#8221;#3b6299&#8243; title=&#8221;Cl\u00ednicas veterin\u00e1rias&#8221; link=&#8221;||&#8221; icon=&#8221;fa fa-paw&#8221;]O movimento constante de animais cria uma atmosfera abafada. Purifique o ar e refresque o ambiente com as nossas fragr\u00e2ncias.[\/wyde_info_box][\/vc_column_inner][vc_column_inner width=&#8221;1\/4&#8243; background_color=&#8221;#ffffff&#8221;][wyde_info_box icon_set=&#8221;simple_line&#8221; icon_size=&#8221;large&#8221; color=&#8221;#3b6299&#8243; icon_simple_line=&#8221;sl-note&#8221; title=&#8221;Escrit\u00f3rios e empresas&#8221; link=&#8221;||&#8221;]Ambientes fechados e secos com eletricidade est\u00e1tica. Um bom tratamento de aromaterapia aumenta a produtividade dos trabalhadores.[\/wyde_info_box][\/vc_column_inner][vc_column_inner width=&#8221;1\/4&#8243; background_color=&#8221;#f9f9f9&#8243;][wyde_info_box icon_set=&#8221;bigmug_line&#8221; icon_size=&#8221;large&#8221; color=&#8221;#3b6299&#8243; title=&#8221;Hot\u00e9is&#8221; link=&#8221;||&#8221; icon_bigmug_line=&#8221;bigmug-line-tool&#8221;]Cada espa\u00e7o tem necessidades diferentes. Descubra os benef\u00edcios de cada fragr\u00e2ncia Bluenatur e onde \u00e9 mais eficaz.[\/wyde_info_box][\/vc_column_inner][\/vc_row_inner][vc_empty_space][\/vc_column][\/vc_row][vc_row row_style=&#8221;full-width&#8221; equal_height=&#8221;true&#8221; vertical_align=&#8221;middle&#8221; padding_size=&#8221;no-padding&#8221; background_color=&#8221;#2f496a&#8221;][vc_column text_align=&#8221;center&#8221; padding_size=&#8221;l-padding&#8221; width=&#8221;1\/2&#8243;][vc_empty_space height=&#8221;20px&#8221;][vc_custom_heading text=&#8221;Que espa\u00e7o pretende perfumar?&#8221; font_container=&#8221;tag:h2|text_align:center|color:%23ffffff&#8221; google_fonts=&#8221;font_family:Playfair%20Display%3Aregular%2Citalic%2C700%2C700italic%2C900%2C900italic|font_style:700%20bold%20regular%3A700%3Anormal&#8221;][wyde_separator text_align=&#8221;center&#8221; color=&#8221;#ffffff&#8221;][vc_column_text]<span style=\"color: #ffffff;\">Nuestros profesionales te visitar\u00e1n y asesorar\u00e1n sin ning\u00fan compromiso para encontrar la aromatizaci\u00f3n perfecta para tu empresa.<\/span>[\/vc_column_text][vc_empty_space height=&#8221;40px&#8221;][wyde_link_button icon_set=&#8221;simple_line&#8221; style=&#8221;outline&#8221; size=&#8221;large&#8221; icon_simple_line=&#8221;sl-mouse&#8221; title=&#8221;Contate-nos&#8221; link=&#8221;url:https%3A%2F%2Fbluenatur.com%2Fpt%2Fcontactoportugal%2F&#8221; color=&#8221;#ffffff&#8221; hover_color=&#8221;#000000&#8243;][vc_empty_space height=&#8221;20px&#8221;][\/vc_column][vc_column padding_size=&#8221;no-padding&#8221; background_style=&#8221;cover&#8221; background_position=&#8221;right top&#8221; width=&#8221;1\/2&#8243; bg_image_url=&#8221;http:\/\/santaelisabet.com\/1sites\/ambinatur\/wp-content\/uploads\/2016\/06\/atencionalclienteambinatur-150&#215;150.jpg&#8221; background_image=&#8221;6638&#8243;][vc_empty_space height=&#8221;400px&#8221;][\/vc_column][\/vc_row][vc_row][vc_column offset=&#8221;vc_hidden-lg vc_hidden-md vc_hidden-sm vc_hidden-xs&#8221;][wyde_clients_carousel image_size=&#8221;full&#8221; visible_items=&#8221;5&#8243; show_pagination=&#8221;true&#8221; auto_play=&#8221;true&#8221; images=&#8221;6357,6374,6387,6389,7807,8149,8147,8145,8143,8141&#8243;][vc_empty_space height=&#8221;40px&#8221;][\/vc_column][\/vc_row][vc_row][vc_column][vc_column_text]<\/p>\n<p>[\/vc_column_text][\/vc_column][\/vc_row]<\/p>\n<\/div>","protected":false},"excerpt":{"rendered":"<p>[vc_row css=&#8221;.vc_custom_1473356174303{padding-top: 40px !important;}&#8221;][vc_column width=&#8221;1\/4&#8243;][\/vc_column][vc_column width=&#8221;1\/2&#8243;][vc_custom_heading text=&#8221;O mercado procura novas formas de cativar e atrair clientes. Na Bluenatur, ajudamos outras empresas a comercializar os seus produtos e servi\u00e7os e a aumentar as suas vendas. Descubra as solu\u00e7\u00f5es que oferecemos para todos os tipos de espa\u00e7o.&#8221; font_container=&#8221;tag:p|font_size:22px|text_align:center|line_height:36px&#8221; google_fonts=&#8221;font_family:Lato%3A100%2C100italic%2C300%2C300italic%2Cregular%2Citalic%2C700%2C700italic%2C900%2C900italic|font_style:300%20light%20regular%3A300%3Anormal&#8221;][\/vc_column][vc_column width=&#8221;1\/4&#8243;][\/vc_column][\/vc_row][vc_row padding_size=&#8221;xl-padding&#8221; background_position=&#8221;center bottom&#8221; parallax=&#8221;parallax&#8221; bg_image_url=&#8221;http:\/\/santaelisabet.com\/1sites\/ambinatur\/wp-content\/uploads\/2016\/06\/soluciones-150&#215;150.jpg&#8221; background_image=&#8221;6633&#8243;][vc_column][vc_row_inner][vc_column_inner overlap=&#8221;top&#8221; [&hellip;]<\/p>\n","protected":false},"author":1,"featured_media":0,"parent":0,"menu_order":0,"comment_status":"closed","ping_status":"closed","template":"","meta":{"footnotes":""},"class_list":["post-5895","page","type-page","status-publish","hentry"],"yoast_head":"<!-- This site is optimized with the Yoast SEO plugin v26.9 - https:\/\/yoast.com\/product\/yoast-seo-wordpress\/ -->\n<title>Marketing Olfativo por Setor \u2013 Aromatiza\u00e7\u00e3o Profissional<\/title>\n<meta name=\"description\" content=\"Descubra como o marketing olfativo da Bluenatur melhora a experi\u00eancia de clientes em hot\u00e9is, cl\u00ednicas, gin\u00e1sios, lojas e escrit\u00f3rios.\" \/>\n<meta name=\"robots\" content=\"index, follow, max-snippet:-1, max-image-preview:large, max-video-preview:-1\" \/>\n<link rel=\"canonical\" href=\"https:\/\/bluenatur.com\/pt\/sectores\/\" \/>\n<meta property=\"og:locale\" content=\"pt_PT\" \/>\n<meta property=\"og:type\" content=\"article\" \/>\n<meta property=\"og:title\" content=\"Marketing Olfativo por Setor \u2013 Aromatiza\u00e7\u00e3o Profissional\" \/>\n<meta property=\"og:description\" content=\"Descubra como o marketing olfativo da Bluenatur melhora a experi\u00eancia de clientes em hot\u00e9is, cl\u00ednicas, gin\u00e1sios, lojas e escrit\u00f3rios.\" \/>\n<meta property=\"og:url\" content=\"https:\/\/bluenatur.com\/pt\/sectores\/\" \/>\n<meta property=\"og:site_name\" content=\"Bluenatur \u00b7 Frag\u00e2ncia que despertam emo\u00e7\u00f5es\" \/>\n<meta property=\"article:modified_time\" content=\"2026-02-16T08:23:25+00:00\" \/>\n<meta name=\"twitter:card\" content=\"summary_large_image\" \/>\n<meta name=\"twitter:label1\" content=\"Tempo estimado de leitura\" \/>\n\t<meta name=\"twitter:data1\" content=\"2 minutos\" \/>\n<script type=\"application\/ld+json\" class=\"yoast-schema-graph\">{\"@context\":\"https:\/\/schema.org\",\"@graph\":[{\"@type\":\"WebPage\",\"@id\":\"https:\/\/bluenatur.com\/pt\/sectores\/\",\"url\":\"https:\/\/bluenatur.com\/pt\/sectores\/\",\"name\":\"Marketing Olfativo por Setor \u2013 Aromatiza\u00e7\u00e3o Profissional\",\"isPartOf\":{\"@id\":\"https:\/\/bluenatur.com\/pt\/#website\"},\"datePublished\":\"2016-06-02T14:22:33+00:00\",\"dateModified\":\"2026-02-16T08:23:25+00:00\",\"description\":\"Descubra como o marketing olfativo da Bluenatur melhora a experi\u00eancia de clientes em hot\u00e9is, cl\u00ednicas, gin\u00e1sios, lojas e escrit\u00f3rios.\",\"breadcrumb\":{\"@id\":\"https:\/\/bluenatur.com\/pt\/sectores\/#breadcrumb\"},\"inLanguage\":\"pt-PT\",\"potentialAction\":[{\"@type\":\"ReadAction\",\"target\":[\"https:\/\/bluenatur.com\/pt\/sectores\/\"]}]},{\"@type\":\"BreadcrumbList\",\"@id\":\"https:\/\/bluenatur.com\/pt\/sectores\/#breadcrumb\",\"itemListElement\":[{\"@type\":\"ListItem\",\"position\":1,\"name\":\"In\u00edcio\",\"item\":\"https:\/\/bluenatur.com\/pt\/\"},{\"@type\":\"ListItem\",\"position\":2,\"name\":\"Setores\"}]},{\"@type\":\"WebSite\",\"@id\":\"https:\/\/bluenatur.com\/pt\/#website\",\"url\":\"https:\/\/bluenatur.com\/pt\/\",\"name\":\"Bluenatur \u00b7 Frag\u00e2ncia que despertam emo\u00e7\u00f5es\",\"description\":\"Uma simple frag\u00e2ncia pode transportar-nos para lugares escondidos na nossa mem\u00f3ria.\",\"publisher\":{\"@id\":\"https:\/\/bluenatur.com\/pt\/#organization\"},\"potentialAction\":[{\"@type\":\"SearchAction\",\"target\":{\"@type\":\"EntryPoint\",\"urlTemplate\":\"https:\/\/bluenatur.com\/pt\/?s={search_term_string}\"},\"query-input\":{\"@type\":\"PropertyValueSpecification\",\"valueRequired\":true,\"valueName\":\"search_term_string\"}}],\"inLanguage\":\"pt-PT\"},{\"@type\":\"Organization\",\"@id\":\"https:\/\/bluenatur.com\/pt\/#organization\",\"name\":\"Bluenatur \u00b7 Frag\u00e2ncia que despertam emo\u00e7\u00f5es\",\"url\":\"https:\/\/bluenatur.com\/pt\/\",\"logo\":{\"@type\":\"ImageObject\",\"inLanguage\":\"pt-PT\",\"@id\":\"https:\/\/bluenatur.com\/pt\/#\/schema\/logo\/image\/\",\"url\":\"https:\/\/bluenatur.com\/pt\/wp-content\/uploads\/2026\/01\/logo_img-1.jpg\",\"contentUrl\":\"https:\/\/bluenatur.com\/pt\/wp-content\/uploads\/2026\/01\/logo_img-1.jpg\",\"width\":1200,\"height\":800,\"caption\":\"Bluenatur \u00b7 Frag\u00e2ncia que despertam emo\u00e7\u00f5es\"},\"image\":{\"@id\":\"https:\/\/bluenatur.com\/pt\/#\/schema\/logo\/image\/\"}}]}<\/script>\n<!-- \/ Yoast SEO plugin. -->","yoast_head_json":{"title":"Marketing Olfativo por Setor \u2013 Aromatiza\u00e7\u00e3o Profissional","description":"Descubra como o marketing olfativo da Bluenatur melhora a experi\u00eancia de clientes em hot\u00e9is, cl\u00ednicas, gin\u00e1sios, lojas e escrit\u00f3rios.","robots":{"index":"index","follow":"follow","max-snippet":"max-snippet:-1","max-image-preview":"max-image-preview:large","max-video-preview":"max-video-preview:-1"},"canonical":"https:\/\/bluenatur.com\/pt\/sectores\/","og_locale":"pt_PT","og_type":"article","og_title":"Marketing Olfativo por Setor \u2013 Aromatiza\u00e7\u00e3o Profissional","og_description":"Descubra como o marketing olfativo da Bluenatur melhora a experi\u00eancia de clientes em hot\u00e9is, cl\u00ednicas, gin\u00e1sios, lojas e escrit\u00f3rios.","og_url":"https:\/\/bluenatur.com\/pt\/sectores\/","og_site_name":"Bluenatur \u00b7 Frag\u00e2ncia que despertam emo\u00e7\u00f5es","article_modified_time":"2026-02-16T08:23:25+00:00","twitter_card":"summary_large_image","twitter_misc":{"Tempo estimado de leitura":"2 minutos"},"schema":{"@context":"https:\/\/schema.org","@graph":[{"@type":"WebPage","@id":"https:\/\/bluenatur.com\/pt\/sectores\/","url":"https:\/\/bluenatur.com\/pt\/sectores\/","name":"Marketing Olfativo por Setor \u2013 Aromatiza\u00e7\u00e3o Profissional","isPartOf":{"@id":"https:\/\/bluenatur.com\/pt\/#website"},"datePublished":"2016-06-02T14:22:33+00:00","dateModified":"2026-02-16T08:23:25+00:00","description":"Descubra como o marketing olfativo da Bluenatur melhora a experi\u00eancia de clientes em hot\u00e9is, cl\u00ednicas, gin\u00e1sios, lojas e escrit\u00f3rios.","breadcrumb":{"@id":"https:\/\/bluenatur.com\/pt\/sectores\/#breadcrumb"},"inLanguage":"pt-PT","potentialAction":[{"@type":"ReadAction","target":["https:\/\/bluenatur.com\/pt\/sectores\/"]}]},{"@type":"BreadcrumbList","@id":"https:\/\/bluenatur.com\/pt\/sectores\/#breadcrumb","itemListElement":[{"@type":"ListItem","position":1,"name":"In\u00edcio","item":"https:\/\/bluenatur.com\/pt\/"},{"@type":"ListItem","position":2,"name":"Setores"}]},{"@type":"WebSite","@id":"https:\/\/bluenatur.com\/pt\/#website","url":"https:\/\/bluenatur.com\/pt\/","name":"Bluenatur \u00b7 Frag\u00e2ncia que despertam emo\u00e7\u00f5es","description":"Uma simple frag\u00e2ncia pode transportar-nos para lugares escondidos na nossa mem\u00f3ria.","publisher":{"@id":"https:\/\/bluenatur.com\/pt\/#organization"},"potentialAction":[{"@type":"SearchAction","target":{"@type":"EntryPoint","urlTemplate":"https:\/\/bluenatur.com\/pt\/?s={search_term_string}"},"query-input":{"@type":"PropertyValueSpecification","valueRequired":true,"valueName":"search_term_string"}}],"inLanguage":"pt-PT"},{"@type":"Organization","@id":"https:\/\/bluenatur.com\/pt\/#organization","name":"Bluenatur \u00b7 Frag\u00e2ncia que despertam emo\u00e7\u00f5es","url":"https:\/\/bluenatur.com\/pt\/","logo":{"@type":"ImageObject","inLanguage":"pt-PT","@id":"https:\/\/bluenatur.com\/pt\/#\/schema\/logo\/image\/","url":"https:\/\/bluenatur.com\/pt\/wp-content\/uploads\/2026\/01\/logo_img-1.jpg","contentUrl":"https:\/\/bluenatur.com\/pt\/wp-content\/uploads\/2026\/01\/logo_img-1.jpg","width":1200,"height":800,"caption":"Bluenatur \u00b7 Frag\u00e2ncia que despertam emo\u00e7\u00f5es"},"image":{"@id":"https:\/\/bluenatur.com\/pt\/#\/schema\/logo\/image\/"}}]}},"_links":{"self":[{"href":"https:\/\/bluenatur.com\/pt\/wp-json\/wp\/v2\/pages\/5895","targetHints":{"allow":["GET"]}}],"collection":[{"href":"https:\/\/bluenatur.com\/pt\/wp-json\/wp\/v2\/pages"}],"about":[{"href":"https:\/\/bluenatur.com\/pt\/wp-json\/wp\/v2\/types\/page"}],"author":[{"embeddable":true,"href":"https:\/\/bluenatur.com\/pt\/wp-json\/wp\/v2\/users\/1"}],"replies":[{"embeddable":true,"href":"https:\/\/bluenatur.com\/pt\/wp-json\/wp\/v2\/comments?post=5895"}],"version-history":[{"count":7,"href":"https:\/\/bluenatur.com\/pt\/wp-json\/wp\/v2\/pages\/5895\/revisions"}],"predecessor-version":[{"id":9980,"href":"https:\/\/bluenatur.com\/pt\/wp-json\/wp\/v2\/pages\/5895\/revisions\/9980"}],"wp:attachment":[{"href":"https:\/\/bluenatur.com\/pt\/wp-json\/wp\/v2\/media?parent=5895"}],"curies":[{"name":"wp","href":"https:\/\/api.w.org\/{rel}","templated":true}]}}