{"id":5891,"date":"2016-06-02T11:29:23","date_gmt":"2016-06-02T11:29:23","guid":{"rendered":"http:\/\/santaelisabet.com\/1sites\/ambinatur\/?page_id=5891"},"modified":"2026-02-17T08:29:58","modified_gmt":"2026-02-17T08:29:58","slug":"marketingolfativo","status":"publish","type":"page","link":"https:\/\/bluenatur.com\/pt\/marketingolfativo\/","title":{"rendered":"Marketing Olfativo"},"content":{"rendered":"<div class=\"wpb-content-wrapper\"><p>[vc_row overlap=&#8221;bottom&#8221; overlap_distance=&#8221;0&#8243; overlap_index=&#8221;50&#8243; padding_size=&#8221;l-padding&#8221; css=&#8221;.vc_custom_1445754657417{padding-bottom: 0px !important;}&#8221;][vc_column overlap=&#8221;bottom&#8221; overlap_distance=&#8221;95px&#8221; overlap_index=&#8221;50&#8243; width=&#8221;1\/2&#8243;][vc_row_inner][vc_column_inner offset=&#8221;vc_hidden-sm vc_hidden-xs&#8221;][vc_empty_space][\/vc_column_inner][\/vc_row_inner][wyde_heading style=&#8221;2&#8243; text_align=&#8221;left&#8221; title=&#8221;Os valores&#8221; subheading=&#8221;marketing olfativo&#8221;][vc_empty_space][vc_column_text]O marketing olfativo \u00e9 um m\u00e9todo de estimula\u00e7\u00e3o capaz de transmitir valores, aproveitando as capacidades do nosso olfato, um dos sentidos com maior impacto na mem\u00f3ria. Uma simple fragr\u00e2ncia pode transportar-nos para rec\u00f4nditos da nossa mem\u00f3ria. E a\u00ed reside a magia da Bluenatur: utilizar o olfato como um novo canal de comunica\u00e7\u00e3o, muito mais poderoso do que a vis\u00e3o e a audi\u00e7\u00e3o, para despertar emo\u00e7\u00f5es e sentimentos atrav\u00e9s de t\u00e9cnicas de marketing olfativo.[\/vc_column_text][\/vc_column][vc_column width=&#8221;1\/2&#8243;][vc_single_image img_size=&#8221;overlap-large&#8221; image=&#8221;9797&#8243;][vc_empty_space height=&#8221;60px&#8221;][\/vc_column][\/vc_row][vc_row padding_size=&#8221;no-padding&#8221;][vc_column width=&#8221;1\/2&#8243; offset=&#8221;vc_hidden-sm vc_hidden-xs&#8221;][vc_single_image img_size=&#8221;overlap-large&#8221; alignment=&#8221;center&#8221; image=&#8221;6744&#8243;][\/vc_column][vc_column overlap=&#8221;bottom&#8221; overlap_distance=&#8221;100px&#8221; overlap_index=&#8221;50&#8243; width=&#8221;1\/2&#8243;][vc_row_inner background_color=&#8221;#ffffff&#8221; css=&#8221;.vc_custom_1445753439968{padding-top: 30px !important;padding-right: 15px !important;padding-bottom: 30px !important;padding-left: 15px !important;}&#8221;][vc_column_inner][wyde_heading style=&#8221;6&#8243; text_align=&#8221;left&#8221; title=&#8221;Criar uma identidade&#8221; subheading=&#8221;de marca&#8221;][vc_empty_space height=&#8221;20px&#8221;][vc_column_text]<\/p>\n<p style=\"text-align: justify;\">N\u00e3o se trata apenas de perfumar um espa\u00e7o; por detr\u00e1s da fragr\u00e2ncia Bluenatur escolhida est\u00e1 a identidade da marca e a necessidade de atrair clientes para o seu estabelecimento. O marketing olfativo estuda o efeito da fragr\u00e2ncia nas pessoas e a sua estimula\u00e7\u00e3o do sistema nervoso e dos centros neurais, proporcionando sensa\u00e7\u00f5es agrad\u00e1veis \u200b\u200be relaxantes consoante a fragr\u00e2ncia escolhida. Em muitas circunst\u00e2ncias, certos fragr\u00e2ncias podem suscitar respostas favor\u00e1veis \u200b\u200bdos clientes, levando a uma compra, fechando a venda e incentivando-os a pagar de bom grado pelo produto ou servi\u00e7o escolhido. Esta \u00e9 uma estrat\u00e9gia invis\u00edvel percebida exclusivamente pelo nosso sentido mais desenvolvido: o olfato.<\/p>\n<p>[\/vc_column_text][\/vc_column_inner][\/vc_row_inner][\/vc_column][\/vc_row][vc_row padding_size=&#8221;no-padding&#8221;][vc_column offset=&#8221;vc_hidden-sm vc_hidden-xs&#8221;][vc_empty_space height=&#8221;180px&#8221;][\/vc_column][\/vc_row][vc_row row_style=&#8221;full-width&#8221; equal_height=&#8221;true&#8221; vertical_align=&#8221;bottom&#8221; padding_size=&#8221;no-padding&#8221;][vc_column padding_size=&#8221;no-padding&#8221; width=&#8221;1\/2&#8243;][vc_single_image alignment=&#8221;center&#8221; image=&#8221;9799&#8243;][\/vc_column][vc_column width=&#8221;1\/2&#8243; css=&#8221;.vc_custom_1445754246192{padding-right: 2% !important;padding-left: 2% !important;}&#8221;][vc_row_inner][vc_column_inner width=&#8221;5\/6&#8243;][wyde_heading style=&#8221;2&#8243; text_align=&#8221;left&#8221; title=&#8221;Os nossos objetivos&#8221;][vc_empty_space height=&#8221;20px&#8221;][vc_column_text]O marketing olfativo tem como objetivo refor\u00e7ar a identidade de uma empresa e complement\u00e1-la para al\u00e9m do produto que oferece.<\/p>\n<ul>\n<li>Utilize sempre o mesmo fragr\u00e2ncia para identificar o seu estabelecimento.<\/li>\n<li>Crie um conceito relacionado com o fragr\u00e2ncia (limpeza, luxo, sofistica\u00e7\u00e3o, originalidade).<\/li>\n<li>Criar uma mem\u00f3ria e experi\u00eancia positivas para o cliente.<\/li>\n<li>Alterar o humor, estimular, acalmar, reduzir a fadiga, a ansiedade e o stress do cliente.<\/li>\n<\/ul>\n<p>[\/vc_column_text][\/vc_column_inner][vc_column_inner width=&#8221;1\/6&#8243; offset=&#8221;vc_hidden-md vc_hidden-sm vc_hidden-xs&#8221;][\/vc_column_inner][\/vc_row_inner][\/vc_column][\/vc_row][vc_row text_style=&#8221;light&#8221; padding_size=&#8221;no-padding&#8221;][vc_column offset=&#8221;vc_hidden-sm vc_hidden-xs&#8221;][vc_empty_space][\/vc_column][\/vc_row][vc_row background_overlay=&#8221;color&#8221; overlay_color=&#8221;#000000&#8243; overlay_opacity=&#8221;0.3&#8243; parallax=&#8221;parallax&#8221; bg_image_url=&#8221;http:\/\/santaelisabet.com\/1sites\/ambinatur\/wp-content\/uploads\/2016\/06\/marketing-150&#215;150.jpg&#8221; background_image=&#8221;6648&#8243;][vc_column overlap=&#8221;top&#8221; overlap_distance=&#8221;145px&#8221; overlap_index=&#8221;50&#8243; text_align=&#8221;center&#8221;][wyde_heading style=&#8221;4&#8243;][vc_custom_heading text=&#8221;Aromatiza\u00e7\u00e3o de ambientes&#8221; font_container=&#8221;tag:h2|font_size:58px|text_align:center|color:%23ffffff|line_height:60px&#8221; google_fonts=&#8221;font_family:Playfair%20Display%3Aregular%2Citalic%2C700%2C700italic%2C900%2C900italic|font_style:700%20bold%20regular%3A700%3Anormal&#8221;][vc_empty_space height=&#8221;130px&#8221;][wyde_button title=&#8221;As nossas solu\u00e7\u00f5es&#8221; size=&#8221;large&#8221; link=&#8221;url:https%3A%2F%2Fwww.bluenatur.com%2Fpt%2Fambientadores-profesionales%2F&#8221; color=&#8221;#ffffff&#8221; bg_color=&#8221;#000000&#8243; css=&#8221;.vc_custom_1769513255135{background-color: #000000 !important;}&#8221;][\/vc_column][\/vc_row][vc_row overlap=&#8221;bottom&#8221; overlap_distance=&#8221;0&#8243; overlap_index=&#8221;50&#8243; padding_size=&#8221;s-padding&#8221;][vc_column width=&#8221;1\/6&#8243;][\/vc_column][vc_column width=&#8221;1\/3&#8243;][vc_empty_space height=&#8221;20px&#8221;][wyde_heading style=&#8221;6&#8243; text_align=&#8221;right&#8221; title=&#8221;Atendemos&#8221; subheading=&#8221;\u00e0s suas necessidades.&#8221;][vc_column_text]<\/p>\n<p style=\"text-align: justify;\">O mercado procura novas formas de cativar e atrair clientes. O marketing olfativo \u00e9 uma t\u00e9cnica de estimula\u00e7\u00e3o capaz de transmitir valores, aproveitando as capacidades do nosso olfato. Na Bluenatur, podemos ajudar as empresas a comercializar os seus produtos e servi\u00e7os e a aumentar as suas vendas. Criamos fragr\u00e2ncias personalizadas para diferentes ambientes.<\/p>\n<p>[\/vc_column_text][vc_empty_space height=&#8221;20px&#8221;][\/vc_column][vc_column width=&#8221;1\/3&#8243;][vc_single_image alignment=&#8221;center&#8221; image=&#8221;9801&#8243;][\/vc_column][vc_column width=&#8221;1\/6&#8243;][\/vc_column][\/vc_row][vc_row row_style=&#8221;full-screen&#8221; padding_size=&#8221;no-padding&#8221; background_style=&#8221;cover&#8221; background_position=&#8221;center bottom&#8221; bg_image_url=&#8221;http:\/\/santaelisabet.com\/1sites\/ambinatur\/wp-content\/uploads\/2016\/06\/ambinatur-manresa-150&#215;150.jpg&#8221; background_image=&#8221;6465&#8243;][vc_column css=&#8221;.vc_custom_1457065870216{padding-top: 30px !important;padding-right: 30px !important;padding-bottom: 30px !important;padding-left: 30px !important;}&#8221;][vc_empty_space height=&#8221;20px&#8221;][vc_row_inner][vc_column_inner text_align=&#8221;center&#8221;][wyde_heading style=&#8221;4&#8243; title=&#8221;Experimente&#8221;][vc_custom_heading text=&#8221;as nossas&#8221; font_container=&#8221;tag:h4|font_size:70px|text_align:center|line_height:80px&#8221; google_fonts=&#8221;font_family:Playfair%20Display%3Aregular%2Citalic%2C700%2C700italic%2C900%2C900italic|font_style:400%20italic%3A400%3Aitalic&#8221; text_transform=&#8221;lowercase&#8221;][vc_custom_heading text=&#8221;Fragr\u00e2ncias&#8221; font_container=&#8221;tag:h2|font_size:105px|text_align:center|color:%23b9a06f|line_height:105px&#8221; google_fonts=&#8221;font_family:Montserrat%3Aregular%2C700|font_style:700%20bold%20regular%3A700%3Anormal&#8221; text_transform=&#8221;uppercase&#8221;][vc_custom_heading text=&#8221;e deixe-se levar&#8221; font_container=&#8221;tag:h4|font_size:70px|text_align:center|line_height:60px&#8221; google_fonts=&#8221;font_family:Playfair%20Display%3Aregular%2Citalic%2C700%2C700italic%2C900%2C900italic|font_style:400%20italic%3A400%3Aitalic&#8221; text_transform=&#8221;lowercase&#8221;][vc_empty_space height=&#8221;70px&#8221;][wyde_button title=&#8221;Aceda&#8221; size=&#8221;large&#8221; link=&#8221;url:http%3A%2F%2Fwww.bluenatur.com%2Fpt%2Ffragancias%2F&#8221; color=&#8221;#ffffff&#8221; bg_color=&#8221;#000000&#8243; css=&#8221;.vc_custom_1769513482892{background-color: #000000 !important;}&#8221;][\/vc_column_inner][\/vc_row_inner][vc_empty_space height=&#8221;100px&#8221;][vc_row_inner padding_size=&#8221;no-padding&#8221;][vc_column_inner padding_size=&#8221;no-padding&#8221; offset=&#8221;vc_hidden-sm vc_hidden-xs&#8221;][vc_empty_space height=&#8221;200px&#8221;][\/vc_column_inner][\/vc_row_inner][\/vc_column][\/vc_row]<\/p>\n<\/div>","protected":false},"excerpt":{"rendered":"<p>[vc_row overlap=&#8221;bottom&#8221; overlap_distance=&#8221;0&#8243; overlap_index=&#8221;50&#8243; padding_size=&#8221;l-padding&#8221; css=&#8221;.vc_custom_1445754657417{padding-bottom: 0px !important;}&#8221;][vc_column overlap=&#8221;bottom&#8221; overlap_distance=&#8221;95px&#8221; overlap_index=&#8221;50&#8243; width=&#8221;1\/2&#8243;][vc_row_inner][vc_column_inner offset=&#8221;vc_hidden-sm vc_hidden-xs&#8221;][vc_empty_space][\/vc_column_inner][\/vc_row_inner][wyde_heading style=&#8221;2&#8243; text_align=&#8221;left&#8221; title=&#8221;Os valores&#8221; subheading=&#8221;marketing olfativo&#8221;][vc_empty_space][vc_column_text]O marketing olfativo \u00e9 um m\u00e9todo de estimula\u00e7\u00e3o capaz de transmitir valores, aproveitando as capacidades do nosso olfato, um dos sentidos com maior impacto na mem\u00f3ria. Uma simple fragr\u00e2ncia pode transportar-nos para rec\u00f4nditos da nossa mem\u00f3ria. [&hellip;]<\/p>\n","protected":false},"author":1,"featured_media":0,"parent":0,"menu_order":0,"comment_status":"closed","ping_status":"closed","template":"","meta":{"footnotes":""},"class_list":["post-5891","page","type-page","status-publish","hentry"],"yoast_head":"<!-- This site is optimized with the Yoast SEO plugin v26.9 - https:\/\/yoast.com\/product\/yoast-seo-wordpress\/ -->\n<title>Marketing Olfativo para Empresas | Bluenatur<\/title>\n<meta name=\"description\" content=\"O marketing olfativo refor\u00e7a a identidade da marca e influencia emo\u00e7\u00f5es. Descubra como criar uma experi\u00eancia sensorial memor\u00e1vel.\" \/>\n<meta name=\"robots\" content=\"index, follow, max-snippet:-1, max-image-preview:large, max-video-preview:-1\" \/>\n<link rel=\"canonical\" href=\"https:\/\/bluenatur.com\/pt\/marketingolfativo\/\" \/>\n<meta property=\"og:locale\" content=\"pt_PT\" \/>\n<meta property=\"og:type\" content=\"article\" \/>\n<meta property=\"og:title\" content=\"Marketing Olfativo para Empresas | Bluenatur\" \/>\n<meta property=\"og:description\" content=\"O marketing olfativo refor\u00e7a a identidade da marca e influencia emo\u00e7\u00f5es. Descubra como criar uma experi\u00eancia sensorial memor\u00e1vel.\" \/>\n<meta property=\"og:url\" content=\"https:\/\/bluenatur.com\/pt\/marketingolfativo\/\" \/>\n<meta property=\"og:site_name\" content=\"Bluenatur \u00b7 Frag\u00e2ncia que despertam emo\u00e7\u00f5es\" \/>\n<meta property=\"article:modified_time\" content=\"2026-02-17T08:29:58+00:00\" \/>\n<meta name=\"twitter:card\" content=\"summary_large_image\" \/>\n<meta name=\"twitter:label1\" content=\"Tempo estimado de leitura\" \/>\n\t<meta name=\"twitter:data1\" content=\"3 minutos\" \/>\n<script type=\"application\/ld+json\" class=\"yoast-schema-graph\">{\"@context\":\"https:\/\/schema.org\",\"@graph\":[{\"@type\":\"WebPage\",\"@id\":\"https:\/\/bluenatur.com\/pt\/marketingolfativo\/\",\"url\":\"https:\/\/bluenatur.com\/pt\/marketingolfativo\/\",\"name\":\"Marketing Olfativo para Empresas | Bluenatur\",\"isPartOf\":{\"@id\":\"https:\/\/bluenatur.com\/pt\/#website\"},\"datePublished\":\"2016-06-02T11:29:23+00:00\",\"dateModified\":\"2026-02-17T08:29:58+00:00\",\"description\":\"O marketing olfativo refor\u00e7a a identidade da marca e influencia emo\u00e7\u00f5es. Descubra como criar uma experi\u00eancia sensorial memor\u00e1vel.\",\"breadcrumb\":{\"@id\":\"https:\/\/bluenatur.com\/pt\/marketingolfativo\/#breadcrumb\"},\"inLanguage\":\"pt-PT\",\"potentialAction\":[{\"@type\":\"ReadAction\",\"target\":[\"https:\/\/bluenatur.com\/pt\/marketingolfativo\/\"]}]},{\"@type\":\"BreadcrumbList\",\"@id\":\"https:\/\/bluenatur.com\/pt\/marketingolfativo\/#breadcrumb\",\"itemListElement\":[{\"@type\":\"ListItem\",\"position\":1,\"name\":\"In\u00edcio\",\"item\":\"https:\/\/bluenatur.com\/pt\/\"},{\"@type\":\"ListItem\",\"position\":2,\"name\":\"Marketing Olfativo\"}]},{\"@type\":\"WebSite\",\"@id\":\"https:\/\/bluenatur.com\/pt\/#website\",\"url\":\"https:\/\/bluenatur.com\/pt\/\",\"name\":\"Bluenatur \u00b7 Frag\u00e2ncia que despertam emo\u00e7\u00f5es\",\"description\":\"Uma simple frag\u00e2ncia pode transportar-nos para lugares escondidos na nossa mem\u00f3ria.\",\"publisher\":{\"@id\":\"https:\/\/bluenatur.com\/pt\/#organization\"},\"potentialAction\":[{\"@type\":\"SearchAction\",\"target\":{\"@type\":\"EntryPoint\",\"urlTemplate\":\"https:\/\/bluenatur.com\/pt\/?s={search_term_string}\"},\"query-input\":{\"@type\":\"PropertyValueSpecification\",\"valueRequired\":true,\"valueName\":\"search_term_string\"}}],\"inLanguage\":\"pt-PT\"},{\"@type\":\"Organization\",\"@id\":\"https:\/\/bluenatur.com\/pt\/#organization\",\"name\":\"Bluenatur \u00b7 Frag\u00e2ncia que despertam emo\u00e7\u00f5es\",\"url\":\"https:\/\/bluenatur.com\/pt\/\",\"logo\":{\"@type\":\"ImageObject\",\"inLanguage\":\"pt-PT\",\"@id\":\"https:\/\/bluenatur.com\/pt\/#\/schema\/logo\/image\/\",\"url\":\"https:\/\/bluenatur.com\/pt\/wp-content\/uploads\/2026\/01\/logo_img-1.jpg\",\"contentUrl\":\"https:\/\/bluenatur.com\/pt\/wp-content\/uploads\/2026\/01\/logo_img-1.jpg\",\"width\":1200,\"height\":800,\"caption\":\"Bluenatur \u00b7 Frag\u00e2ncia que despertam emo\u00e7\u00f5es\"},\"image\":{\"@id\":\"https:\/\/bluenatur.com\/pt\/#\/schema\/logo\/image\/\"}}]}<\/script>\n<!-- \/ Yoast SEO plugin. -->","yoast_head_json":{"title":"Marketing Olfativo para Empresas | Bluenatur","description":"O marketing olfativo refor\u00e7a a identidade da marca e influencia emo\u00e7\u00f5es. Descubra como criar uma experi\u00eancia sensorial memor\u00e1vel.","robots":{"index":"index","follow":"follow","max-snippet":"max-snippet:-1","max-image-preview":"max-image-preview:large","max-video-preview":"max-video-preview:-1"},"canonical":"https:\/\/bluenatur.com\/pt\/marketingolfativo\/","og_locale":"pt_PT","og_type":"article","og_title":"Marketing Olfativo para Empresas | Bluenatur","og_description":"O marketing olfativo refor\u00e7a a identidade da marca e influencia emo\u00e7\u00f5es. Descubra como criar uma experi\u00eancia sensorial memor\u00e1vel.","og_url":"https:\/\/bluenatur.com\/pt\/marketingolfativo\/","og_site_name":"Bluenatur \u00b7 Frag\u00e2ncia que despertam emo\u00e7\u00f5es","article_modified_time":"2026-02-17T08:29:58+00:00","twitter_card":"summary_large_image","twitter_misc":{"Tempo estimado de leitura":"3 minutos"},"schema":{"@context":"https:\/\/schema.org","@graph":[{"@type":"WebPage","@id":"https:\/\/bluenatur.com\/pt\/marketingolfativo\/","url":"https:\/\/bluenatur.com\/pt\/marketingolfativo\/","name":"Marketing Olfativo para Empresas | Bluenatur","isPartOf":{"@id":"https:\/\/bluenatur.com\/pt\/#website"},"datePublished":"2016-06-02T11:29:23+00:00","dateModified":"2026-02-17T08:29:58+00:00","description":"O marketing olfativo refor\u00e7a a identidade da marca e influencia emo\u00e7\u00f5es. Descubra como criar uma experi\u00eancia sensorial memor\u00e1vel.","breadcrumb":{"@id":"https:\/\/bluenatur.com\/pt\/marketingolfativo\/#breadcrumb"},"inLanguage":"pt-PT","potentialAction":[{"@type":"ReadAction","target":["https:\/\/bluenatur.com\/pt\/marketingolfativo\/"]}]},{"@type":"BreadcrumbList","@id":"https:\/\/bluenatur.com\/pt\/marketingolfativo\/#breadcrumb","itemListElement":[{"@type":"ListItem","position":1,"name":"In\u00edcio","item":"https:\/\/bluenatur.com\/pt\/"},{"@type":"ListItem","position":2,"name":"Marketing Olfativo"}]},{"@type":"WebSite","@id":"https:\/\/bluenatur.com\/pt\/#website","url":"https:\/\/bluenatur.com\/pt\/","name":"Bluenatur \u00b7 Frag\u00e2ncia que despertam emo\u00e7\u00f5es","description":"Uma simple frag\u00e2ncia pode transportar-nos para lugares escondidos na nossa mem\u00f3ria.","publisher":{"@id":"https:\/\/bluenatur.com\/pt\/#organization"},"potentialAction":[{"@type":"SearchAction","target":{"@type":"EntryPoint","urlTemplate":"https:\/\/bluenatur.com\/pt\/?s={search_term_string}"},"query-input":{"@type":"PropertyValueSpecification","valueRequired":true,"valueName":"search_term_string"}}],"inLanguage":"pt-PT"},{"@type":"Organization","@id":"https:\/\/bluenatur.com\/pt\/#organization","name":"Bluenatur \u00b7 Frag\u00e2ncia que despertam emo\u00e7\u00f5es","url":"https:\/\/bluenatur.com\/pt\/","logo":{"@type":"ImageObject","inLanguage":"pt-PT","@id":"https:\/\/bluenatur.com\/pt\/#\/schema\/logo\/image\/","url":"https:\/\/bluenatur.com\/pt\/wp-content\/uploads\/2026\/01\/logo_img-1.jpg","contentUrl":"https:\/\/bluenatur.com\/pt\/wp-content\/uploads\/2026\/01\/logo_img-1.jpg","width":1200,"height":800,"caption":"Bluenatur \u00b7 Frag\u00e2ncia que despertam emo\u00e7\u00f5es"},"image":{"@id":"https:\/\/bluenatur.com\/pt\/#\/schema\/logo\/image\/"}}]}},"_links":{"self":[{"href":"https:\/\/bluenatur.com\/pt\/wp-json\/wp\/v2\/pages\/5891","targetHints":{"allow":["GET"]}}],"collection":[{"href":"https:\/\/bluenatur.com\/pt\/wp-json\/wp\/v2\/pages"}],"about":[{"href":"https:\/\/bluenatur.com\/pt\/wp-json\/wp\/v2\/types\/page"}],"author":[{"embeddable":true,"href":"https:\/\/bluenatur.com\/pt\/wp-json\/wp\/v2\/users\/1"}],"replies":[{"embeddable":true,"href":"https:\/\/bluenatur.com\/pt\/wp-json\/wp\/v2\/comments?post=5891"}],"version-history":[{"count":9,"href":"https:\/\/bluenatur.com\/pt\/wp-json\/wp\/v2\/pages\/5891\/revisions"}],"predecessor-version":[{"id":10011,"href":"https:\/\/bluenatur.com\/pt\/wp-json\/wp\/v2\/pages\/5891\/revisions\/10011"}],"wp:attachment":[{"href":"https:\/\/bluenatur.com\/pt\/wp-json\/wp\/v2\/media?parent=5891"}],"curies":[{"name":"wp","href":"https:\/\/api.w.org\/{rel}","templated":true}]}}