{"id":5865,"date":"2016-06-02T08:36:14","date_gmt":"2016-06-02T08:36:14","guid":{"rendered":"http:\/\/santaelisabet.com\/1sites\/ambinatur\/?page_id=5865"},"modified":"2026-02-16T08:13:28","modified_gmt":"2026-02-16T08:13:28","slug":"bluenatur","status":"publish","type":"page","link":"https:\/\/bluenatur.com\/pt\/","title":{"rendered":"Bluenatur"},"content":{"rendered":"<div class=\"wpb-content-wrapper\"><p>[vc_row row_style=&#8221;full-width&#8221; vertical_align=&#8221;middle&#8221; padding_size=&#8221;no-padding&#8221;][vc_column padding_size=&#8221;no-padding&#8221; width=&#8221;1\/4&#8243; offset=&#8221;vc_hidden-sm vc_hidden-xs&#8221;][vc_empty_space height=&#8221;150px&#8221;][vc_single_image alignment=&#8221;center&#8221; image=&#8221;9780&#8243; image_retina=&#8221;15&#8243;][\/vc_column][vc_column padding_size=&#8221;no-padding&#8221; width=&#8221;3\/4&#8243;][rev_slider_vc button_style=&#8221;2&#8243;][\/vc_column][\/vc_row][vc_row row_style=&#8221;full-width&#8221; padding_size=&#8221;no-padding&#8221; background_style=&#8221;no-repeat&#8221; background_position=&#8221;right bottom&#8221; bg_image_url=&#8221;https:\/\/bluenatur.com\/pt\/wp-content\/uploads\/2026\/01\/bluenatur-pt-150&#215;150.jpg&#8221; background_image=&#8221;9955&#8243;][vc_column overlap=&#8221;top&#8221; overlap_distance=&#8221;90px&#8221; overlap_index=&#8221;50&#8243; padding_size=&#8221;no-padding&#8221; width=&#8221;1\/3&#8243;][vc_single_image image=&#8221;9779&#8243;][\/vc_column][vc_column padding_size=&#8221;l-padding&#8221; width=&#8221;2\/3&#8243;][vc_empty_space height=&#8221;40px&#8221;][vc_row_inner vertical_align=&#8221;bottom&#8221;][vc_column_inner width=&#8221;2\/3&#8243; offset=&#8221;vc_col-lg-4 vc_col-md-12&#8243;][vc_empty_space height=&#8221;20px&#8221;][wyde_heading style=&#8221;2&#8243; text_align=&#8221;left&#8221; title=&#8221;A nossa hist\u00f3ria&#8221; subheading=&#8221;Quem somos n\u00f3s?&#8221;][vc_empty_space height=&#8221;50px&#8221;][vc_column_text]<\/p>\n<p style=\"text-align: justify;\">A Bluenatur foi fundada em 2011 como uma empresa de servi\u00e7os de marketing olfativo em Barcelona. Francesc Pi\u00f1ero, criador da marca e fundador da empresa, tinha clareza desde o in\u00edcio sobre o grande potencial que as fragr\u00e2ncias oferecem para a cria\u00e7\u00e3o de atmosferas \u00fanicas em qualquer neg\u00f3cio.<\/p>\n<p style=\"text-align: justify;\">Os seus primeiros clientes foram hot\u00e9is localizados em Barcelona e Madrid, para os quais criaram diferentes tipos de fragr\u00e2ncias.<\/p>\n<p>[\/vc_column_text][\/vc_column_inner][vc_column_inner width=&#8221;1\/3&#8243;][vc_column_text]<\/p>\n<p style=\"text-align: justify;\">Atualmente, oferece os seus servi\u00e7os em diversos setores: uma fragr\u00e2ncia relaxante para a sala de espera de uma cl\u00ednica, uma fragr\u00e2ncia estimulante para a rece\u00e7\u00e3o de um gin\u00e1sio ou um log\u00f3tipo olfativo (fragr\u00e2ncia corporativa) para a rece\u00e7\u00e3o de qualquer empresa s\u00e3o alguns exemplos dos muitos que conseguimos encontrar.<\/p>\n<p style=\"text-align: justify;\">O servi\u00e7o ao cliente e a qualidade das fragr\u00e2ncias s\u00e3o as imagens de marca da Bluenatur. Atualmente, a sua sede \u00e9 em Barcelona, \u200b\u200b\u200b\u200bcom filiais em Madrid, Bilbau e Lisboa. A empresa conta com perfumistas, uma equipa t\u00e9cnica e um departamento de vendas pr\u00f3prio para oferecer um servi\u00e7o de excel\u00eancia em toda a Espanha (incluindo as Can\u00e1rias e Baleares) e Portugal.<\/p>\n<p>[\/vc_column_text][\/vc_column_inner][\/vc_row_inner][\/vc_column][\/vc_row][vc_row row_style=&#8221;full-width&#8221; padding_size=&#8221;m-padding&#8221; css=&#8221;.vc_custom_1455094706589{padding-bottom: 20px !important;}&#8221;][vc_column overlap=&#8221;right&#8221; overlap_index=&#8221;50&#8243; padding_size=&#8221;no-padding&#8221; width=&#8221;1\/6&#8243;][\/vc_column][vc_column width=&#8221;2\/3&#8243;][vc_custom_heading text=&#8221;marketing olfativo&#8221; font_container=&#8221;tag:h2|font_size:110px|text_align:left|color:%23d3d3d3|line_height:130px&#8221; google_fonts=&#8221;font_family:Playfair%20Display%3Aregular%2Citalic%2C700%2C700italic%2C900%2C900italic|font_style:700%20bold%20regular%3A700%3Anormal&#8221; animation=&#8221;fadeInLeft&#8221;][vc_single_image image=&#8221;9783&#8243; animation=&#8221;fadeInUp&#8221;][vc_row_inner][vc_column_inner offset=&#8221;vc_hidden-lg vc_hidden-md&#8221;][vc_empty_space height=&#8221;20px&#8221;][\/vc_column_inner][\/vc_row_inner][vc_row_inner overlap=&#8221;top&#8221; overlap_index=&#8221;50&#8243;][vc_column_inner padding_size=&#8221;l-padding&#8221; width=&#8221;2\/3&#8243; css=&#8221;.vc_custom_1454335009160{padding-top: 0px !important;}&#8221;][vc_custom_heading text=&#8221;Uma simple fragr\u00e2ncia pode transportar-nos para recantos escondidos da nossa mem\u00f3ria. A magia da Bluenatur reside na utiliza\u00e7\u00e3o do olfato como um novo canal de comunica\u00e7\u00e3o para despertar emo\u00e7\u00f5es e sentimentos.&#8221; font_container=&#8221;tag:p|font_size:32px|text_align:left|line_height:44px&#8221; google_fonts=&#8221;font_family:Playfair%20Display%3Aregular%2Citalic%2C700%2C700italic%2C900%2C900italic|font_style:400%20regular%3A400%3Anormal&#8221; animation_delay=&#8221;0.3&#8243; animation=&#8221;fadeInUp&#8221;][\/vc_column_inner][vc_column_inner width=&#8221;1\/3&#8243; offset=&#8221;vc_hidden-sm vc_hidden-xs&#8221;][\/vc_column_inner][\/vc_row_inner][\/vc_column][vc_column width=&#8221;1\/6&#8243; offset=&#8221;vc_hidden-sm vc_hidden-xs&#8221;][\/vc_column][\/vc_row][vc_row row_style=&#8221;full-width&#8221; padding_size=&#8221;no-padding&#8221;][vc_column padding_size=&#8221;no-padding&#8221; width=&#8221;2\/3&#8243;][vc_single_image image=&#8221;9787&#8243; animation=&#8221;fadeInLeft&#8221;][vc_row_inner][vc_column_inner offset=&#8221;vc_hidden-sm vc_hidden-xs&#8221;][vc_empty_space][\/vc_column_inner][\/vc_row_inner][vc_row_inner padding_size=&#8221;no-padding&#8221;][vc_column_inner width=&#8221;1\/3&#8243; offset=&#8221;vc_hidden-sm vc_hidden-xs&#8221;][\/vc_column_inner][vc_column_inner overlap=&#8221;right&#8221; overlap_distance=&#8221;15px&#8221; overlap_index=&#8221;50&#8243; text_align=&#8221;right&#8221; width=&#8221;2\/3&#8243;][vc_column_text]<\/p>\n<p style=\"text-align: justify;\">O mercado est\u00e1 constantemente \u00e0 procura de novas formas de cativar e atrair clientes. A Bluenatur oferece solu\u00e7\u00f5es personalizadas para todos os tipos de empresas. Ajudamos a manter os clientes no seu estabelecimento durante mais tempo, aumentando a probabilidade de compras e fortalecendo a notoriedade da marca.<\/p>\n<p>[\/vc_column_text][\/vc_column_inner][\/vc_row_inner][\/vc_column][vc_column width=&#8221;1\/3&#8243;][vc_row_inner overlap=&#8221;top&#8221; overlap_distance=&#8221;150px&#8221; overlap_index=&#8221;50&#8243;][vc_column_inner][vc_empty_space height=&#8221;360px&#8221;][\/vc_column_inner][\/vc_row_inner][vc_row_inner][vc_column_inner offset=&#8221;vc_hidden-lg vc_hidden-md&#8221;][\/vc_column_inner][\/vc_row_inner][vc_row_inner][vc_column_inner][vc_custom_heading text=&#8221;Solu\u00e7\u00f5es&#8221; font_container=&#8221;tag:h2|font_size:65px|text_align:left|line_height:87px&#8221; google_fonts=&#8221;font_family:Playfair%20Display%3Aregular%2Citalic%2C700%2C700italic%2C900%2C900italic|font_style:700%20bold%20regular%3A700%3Anormal&#8221;][wyde_separator border_width=&#8221;5px&#8221; el_width=&#8221;20%&#8221; color=&#8221;#3b6299&#8243;][vc_empty_space][\/vc_column_inner][\/vc_row_inner][vc_row_inner overlap=&#8221;top&#8221; overlap_distance=&#8221;20px&#8221; overlap_index=&#8221;50&#8243;][vc_column_inner width=&#8221;3\/4&#8243;][vc_single_image animation_delay=&#8221;0.4&#8243; image=&#8221;9789&#8243; animation=&#8221;fadeInUp&#8221;][\/vc_column_inner][vc_column_inner padding_size=&#8221;l-padding&#8221; width=&#8221;1\/4&#8243; offset=&#8221;vc_hidden-sm vc_hidden-xs&#8221;][\/vc_column_inner][\/vc_row_inner][\/vc_column][\/vc_row][vc_row row_style=&#8221;full-width&#8221; overlap=&#8221;right&#8221; css=&#8221;.vc_custom_1466174011203{margin-left: 0px !important;}&#8221;][vc_column overlap=&#8221;left&#8221; overlap_distance=&#8221;20px&#8221;][wyde_heading style=&#8221;4&#8243; title=&#8221;Fragr\u00e2ncias&#8221; subheading=&#8221;bluenatur&#8221; animation=&#8221;slideInLeft&#8221;][wyde_slider][wyde_slide title=&#8221;HERBAL&#8221; slide_id=&#8221;1466161910152-2-7&#8243; subtitle=&#8221;VITALIDADE, LIBERDADE E FRESCOR&#8221; image=&#8221;6529&#8243;]<\/p>\n<p align=\"justify\">Fragr\u00e2ncias que aclaram a mente, trazendo vitalidade, liberdade e frescura. As notas herb\u00e1ceas remetem inequivocamente para os fragr\u00e2ncias da primavera, como folhas e relva acabadas de cortar.<\/p>\n<p>[\/wyde_slide][wyde_slide title=&#8221;FRUTA&#8221; slide_id=&#8221;def1466161727-2-70&#8243; subtitle=&#8221;FRAGR\u00c2NCIAS MODERNAS E ORIGINAIS&#8221; image=&#8221;6523&#8243;]<\/p>\n<p align=\"justify\">Fragr\u00e2ncias que transmitem felicidade, alegria e positividade. As notas frutadas conferem um toque moderno e original. O mel\u00e3o, o anan\u00e1s e a ma\u00e7\u00e3 s\u00e3o as mais utilizadas.<\/p>\n<p>[\/wyde_slide][wyde_slide title=&#8221;AMADEIRADA&#8221; slide_id=&#8221;1466162079382-6-1&#8243; image=&#8221;6534&#8243;]<\/p>\n<p align=\"justify\">Fragr\u00e2ncias que previnem a depress\u00e3o, a ins\u00f3nia e a tens\u00e3o nervosa gra\u00e7as \u00e0s suas propriedades relaxantes. Fortalecem a for\u00e7a de vontade, combatem a melancolia e estimulam a mente.<\/p>\n<p>[\/wyde_slide][wyde_slide title=&#8221;FLORAL&#8221; slide_id=&#8221;1466162426908-7-1&#8243; image=&#8221;6535&#8243;]<\/p>\n<p align=\"justify\">Fragr\u00e2ncias com propriedades antidepressivas, estimulantes e sedutoras. A nota floral \u00e9 um dos principais componentes da perfumaria feminina.<\/p>\n<p>[\/wyde_slide][wyde_slide title=&#8221;GOURMAND&#8221; slide_id=&#8221;def1466161727-1-18&#8243; subtitle=&#8221;LEMBRETE DE AROMAS COMEST\u00cdVEIS&#8221; image=&#8221;6516&#8243;]<\/p>\n<p align=\"justify\">Aromas que relaxam ambientes tensos e evocam mem\u00f3rias profundas e agrad\u00e1veis. Estas fragr\u00e2ncias s\u00e3o compostas por aromas especialmente doces e comest\u00edveis.<\/p>\n<p>[\/wyde_slide][wyde_slide title=&#8221;HIPOALERG\u00c9NICO&#8221; slide_id=&#8221;1554996638429-6-4&#8243; image=&#8221;9791&#8243;]Fragr\u00e2ncias sem alerg\u00e9nios.[\/wyde_slide][\/wyde_slider][\/vc_column][\/vc_row]<\/p>\n<\/div>","protected":false},"excerpt":{"rendered":"<p>[vc_row row_style=&#8221;full-width&#8221; vertical_align=&#8221;middle&#8221; padding_size=&#8221;no-padding&#8221;][vc_column padding_size=&#8221;no-padding&#8221; width=&#8221;1\/4&#8243; offset=&#8221;vc_hidden-sm vc_hidden-xs&#8221;][vc_empty_space height=&#8221;150px&#8221;][vc_single_image alignment=&#8221;center&#8221; image=&#8221;9780&#8243; image_retina=&#8221;15&#8243;][\/vc_column][vc_column padding_size=&#8221;no-padding&#8221; width=&#8221;3\/4&#8243;][rev_slider_vc button_style=&#8221;2&#8243;][\/vc_column][\/vc_row][vc_row row_style=&#8221;full-width&#8221; padding_size=&#8221;no-padding&#8221; background_style=&#8221;no-repeat&#8221; background_position=&#8221;right bottom&#8221; bg_image_url=&#8221;https:\/\/bluenatur.com\/pt\/wp-content\/uploads\/2026\/01\/bluenatur-pt-150&#215;150.jpg&#8221; background_image=&#8221;9955&#8243;][vc_column overlap=&#8221;top&#8221; overlap_distance=&#8221;90px&#8221; overlap_index=&#8221;50&#8243; padding_size=&#8221;no-padding&#8221; width=&#8221;1\/3&#8243;][vc_single_image image=&#8221;9779&#8243;][\/vc_column][vc_column padding_size=&#8221;l-padding&#8221; width=&#8221;2\/3&#8243;][vc_empty_space height=&#8221;40px&#8221;][vc_row_inner vertical_align=&#8221;bottom&#8221;][vc_column_inner width=&#8221;2\/3&#8243; offset=&#8221;vc_col-lg-4 vc_col-md-12&#8243;][vc_empty_space height=&#8221;20px&#8221;][wyde_heading style=&#8221;2&#8243; text_align=&#8221;left&#8221; title=&#8221;A nossa hist\u00f3ria&#8221; subheading=&#8221;Quem somos n\u00f3s?&#8221;][vc_empty_space height=&#8221;50px&#8221;][vc_column_text] A Bluenatur foi fundada em 2011 como uma empresa de [&hellip;]<\/p>\n","protected":false},"author":1,"featured_media":0,"parent":0,"menu_order":0,"comment_status":"closed","ping_status":"closed","template":"","meta":{"footnotes":""},"class_list":["post-5865","page","type-page","status-publish","hentry"],"yoast_head":"<!-- This site is optimized with the Yoast SEO plugin v26.9 - https:\/\/yoast.com\/product\/yoast-seo-wordpress\/ -->\n<title>Marketing olfactivo \u00b7 Aromatizadores de ambiente Portugal<\/title>\n<meta name=\"description\" content=\"Empresa especializada em aromatiza\u00e7\u00e3o e elimina\u00e7\u00e3o de odores, com um vasto conhecimento do setor. Marketing olfativo.\" \/>\n<meta name=\"robots\" content=\"index, follow, max-snippet:-1, max-image-preview:large, max-video-preview:-1\" \/>\n<link rel=\"canonical\" href=\"https:\/\/bluenatur.com\/pt\/\" \/>\n<meta property=\"og:locale\" content=\"pt_PT\" \/>\n<meta property=\"og:type\" content=\"article\" \/>\n<meta property=\"og:title\" content=\"Marketing olfactivo \u00b7 Aromatizadores de ambiente Portugal\" \/>\n<meta property=\"og:description\" content=\"Empresa especializada em aromatiza\u00e7\u00e3o e elimina\u00e7\u00e3o de odores, com um vasto conhecimento do setor. Marketing olfativo.\" \/>\n<meta property=\"og:url\" content=\"https:\/\/bluenatur.com\/pt\/\" \/>\n<meta property=\"og:site_name\" content=\"Bluenatur \u00b7 Frag\u00e2ncia que despertam emo\u00e7\u00f5es\" \/>\n<meta property=\"article:modified_time\" content=\"2026-02-16T08:13:28+00:00\" \/>\n<meta name=\"twitter:card\" content=\"summary_large_image\" \/>\n<meta name=\"twitter:label1\" content=\"Tempo estimado de leitura\" \/>\n\t<meta name=\"twitter:data1\" content=\"4 minutos\" \/>\n<script type=\"application\/ld+json\" class=\"yoast-schema-graph\">{\"@context\":\"https:\/\/schema.org\",\"@graph\":[{\"@type\":\"WebPage\",\"@id\":\"https:\/\/bluenatur.com\/pt\/\",\"url\":\"https:\/\/bluenatur.com\/pt\/\",\"name\":\"Marketing olfactivo \u00b7 Aromatizadores de ambiente Portugal\",\"isPartOf\":{\"@id\":\"https:\/\/bluenatur.com\/pt\/#website\"},\"datePublished\":\"2016-06-02T08:36:14+00:00\",\"dateModified\":\"2026-02-16T08:13:28+00:00\",\"description\":\"Empresa especializada em aromatiza\u00e7\u00e3o e elimina\u00e7\u00e3o de odores, com um vasto conhecimento do setor. Marketing olfativo.\",\"breadcrumb\":{\"@id\":\"https:\/\/bluenatur.com\/pt\/#breadcrumb\"},\"inLanguage\":\"pt-PT\",\"potentialAction\":[{\"@type\":\"ReadAction\",\"target\":[\"https:\/\/bluenatur.com\/pt\/\"]}]},{\"@type\":\"BreadcrumbList\",\"@id\":\"https:\/\/bluenatur.com\/pt\/#breadcrumb\",\"itemListElement\":[{\"@type\":\"ListItem\",\"position\":1,\"name\":\"In\u00edcio\",\"item\":\"https:\/\/bluenatur.com\/pt\/\"},{\"@type\":\"ListItem\",\"position\":2,\"name\":\"Bluenatur\"}]},{\"@type\":\"WebSite\",\"@id\":\"https:\/\/bluenatur.com\/pt\/#website\",\"url\":\"https:\/\/bluenatur.com\/pt\/\",\"name\":\"Bluenatur \u00b7 Frag\u00e2ncia que despertam emo\u00e7\u00f5es\",\"description\":\"Uma simple frag\u00e2ncia pode transportar-nos para lugares escondidos na nossa mem\u00f3ria.\",\"publisher\":{\"@id\":\"https:\/\/bluenatur.com\/pt\/#organization\"},\"potentialAction\":[{\"@type\":\"SearchAction\",\"target\":{\"@type\":\"EntryPoint\",\"urlTemplate\":\"https:\/\/bluenatur.com\/pt\/?s={search_term_string}\"},\"query-input\":{\"@type\":\"PropertyValueSpecification\",\"valueRequired\":true,\"valueName\":\"search_term_string\"}}],\"inLanguage\":\"pt-PT\"},{\"@type\":\"Organization\",\"@id\":\"https:\/\/bluenatur.com\/pt\/#organization\",\"name\":\"Bluenatur \u00b7 Frag\u00e2ncia que despertam emo\u00e7\u00f5es\",\"url\":\"https:\/\/bluenatur.com\/pt\/\",\"logo\":{\"@type\":\"ImageObject\",\"inLanguage\":\"pt-PT\",\"@id\":\"https:\/\/bluenatur.com\/pt\/#\/schema\/logo\/image\/\",\"url\":\"https:\/\/bluenatur.com\/pt\/wp-content\/uploads\/2026\/01\/logo_img-1.jpg\",\"contentUrl\":\"https:\/\/bluenatur.com\/pt\/wp-content\/uploads\/2026\/01\/logo_img-1.jpg\",\"width\":1200,\"height\":800,\"caption\":\"Bluenatur \u00b7 Frag\u00e2ncia que despertam emo\u00e7\u00f5es\"},\"image\":{\"@id\":\"https:\/\/bluenatur.com\/pt\/#\/schema\/logo\/image\/\"}}]}<\/script>\n<!-- \/ Yoast SEO plugin. -->","yoast_head_json":{"title":"Marketing olfactivo \u00b7 Aromatizadores de ambiente Portugal","description":"Empresa especializada em aromatiza\u00e7\u00e3o e elimina\u00e7\u00e3o de odores, com um vasto conhecimento do setor. Marketing olfativo.","robots":{"index":"index","follow":"follow","max-snippet":"max-snippet:-1","max-image-preview":"max-image-preview:large","max-video-preview":"max-video-preview:-1"},"canonical":"https:\/\/bluenatur.com\/pt\/","og_locale":"pt_PT","og_type":"article","og_title":"Marketing olfactivo \u00b7 Aromatizadores de ambiente Portugal","og_description":"Empresa especializada em aromatiza\u00e7\u00e3o e elimina\u00e7\u00e3o de odores, com um vasto conhecimento do setor. Marketing olfativo.","og_url":"https:\/\/bluenatur.com\/pt\/","og_site_name":"Bluenatur \u00b7 Frag\u00e2ncia que despertam emo\u00e7\u00f5es","article_modified_time":"2026-02-16T08:13:28+00:00","twitter_card":"summary_large_image","twitter_misc":{"Tempo estimado de leitura":"4 minutos"},"schema":{"@context":"https:\/\/schema.org","@graph":[{"@type":"WebPage","@id":"https:\/\/bluenatur.com\/pt\/","url":"https:\/\/bluenatur.com\/pt\/","name":"Marketing olfactivo \u00b7 Aromatizadores de ambiente Portugal","isPartOf":{"@id":"https:\/\/bluenatur.com\/pt\/#website"},"datePublished":"2016-06-02T08:36:14+00:00","dateModified":"2026-02-16T08:13:28+00:00","description":"Empresa especializada em aromatiza\u00e7\u00e3o e elimina\u00e7\u00e3o de odores, com um vasto conhecimento do setor. Marketing olfativo.","breadcrumb":{"@id":"https:\/\/bluenatur.com\/pt\/#breadcrumb"},"inLanguage":"pt-PT","potentialAction":[{"@type":"ReadAction","target":["https:\/\/bluenatur.com\/pt\/"]}]},{"@type":"BreadcrumbList","@id":"https:\/\/bluenatur.com\/pt\/#breadcrumb","itemListElement":[{"@type":"ListItem","position":1,"name":"In\u00edcio","item":"https:\/\/bluenatur.com\/pt\/"},{"@type":"ListItem","position":2,"name":"Bluenatur"}]},{"@type":"WebSite","@id":"https:\/\/bluenatur.com\/pt\/#website","url":"https:\/\/bluenatur.com\/pt\/","name":"Bluenatur \u00b7 Frag\u00e2ncia que despertam emo\u00e7\u00f5es","description":"Uma simple frag\u00e2ncia pode transportar-nos para lugares escondidos na nossa mem\u00f3ria.","publisher":{"@id":"https:\/\/bluenatur.com\/pt\/#organization"},"potentialAction":[{"@type":"SearchAction","target":{"@type":"EntryPoint","urlTemplate":"https:\/\/bluenatur.com\/pt\/?s={search_term_string}"},"query-input":{"@type":"PropertyValueSpecification","valueRequired":true,"valueName":"search_term_string"}}],"inLanguage":"pt-PT"},{"@type":"Organization","@id":"https:\/\/bluenatur.com\/pt\/#organization","name":"Bluenatur \u00b7 Frag\u00e2ncia que despertam emo\u00e7\u00f5es","url":"https:\/\/bluenatur.com\/pt\/","logo":{"@type":"ImageObject","inLanguage":"pt-PT","@id":"https:\/\/bluenatur.com\/pt\/#\/schema\/logo\/image\/","url":"https:\/\/bluenatur.com\/pt\/wp-content\/uploads\/2026\/01\/logo_img-1.jpg","contentUrl":"https:\/\/bluenatur.com\/pt\/wp-content\/uploads\/2026\/01\/logo_img-1.jpg","width":1200,"height":800,"caption":"Bluenatur \u00b7 Frag\u00e2ncia que despertam emo\u00e7\u00f5es"},"image":{"@id":"https:\/\/bluenatur.com\/pt\/#\/schema\/logo\/image\/"}}]}},"_links":{"self":[{"href":"https:\/\/bluenatur.com\/pt\/wp-json\/wp\/v2\/pages\/5865","targetHints":{"allow":["GET"]}}],"collection":[{"href":"https:\/\/bluenatur.com\/pt\/wp-json\/wp\/v2\/pages"}],"about":[{"href":"https:\/\/bluenatur.com\/pt\/wp-json\/wp\/v2\/types\/page"}],"author":[{"embeddable":true,"href":"https:\/\/bluenatur.com\/pt\/wp-json\/wp\/v2\/users\/1"}],"replies":[{"embeddable":true,"href":"https:\/\/bluenatur.com\/pt\/wp-json\/wp\/v2\/comments?post=5865"}],"version-history":[{"count":18,"href":"https:\/\/bluenatur.com\/pt\/wp-json\/wp\/v2\/pages\/5865\/revisions"}],"predecessor-version":[{"id":9871,"href":"https:\/\/bluenatur.com\/pt\/wp-json\/wp\/v2\/pages\/5865\/revisions\/9871"}],"wp:attachment":[{"href":"https:\/\/bluenatur.com\/pt\/wp-json\/wp\/v2\/media?parent=5865"}],"curies":[{"name":"wp","href":"https:\/\/api.w.org\/{rel}","templated":true}]}}